{"id":799,"date":"2019-09-21T18:37:25","date_gmt":"2019-09-21T16:37:25","guid":{"rendered":"http:\/\/joshin.eu\/word\/?page_id=799"},"modified":"2023-06-28T16:33:03","modified_gmt":"2023-06-28T14:33:03","slug":"medias","status":"publish","type":"page","link":"https:\/\/joshin.eu\/word\/index.php\/medias\/","title":{"rendered":"Vid\u00e9os"},"content":{"rendered":"<div class=\"wp-block-image is-style-rounded\">\n<figure class=\"aligncenter size-large\"><img decoding=\"async\" width=\"1024\" height=\"44\" src=\"https:\/\/joshin.eu\/word\/wp-content\/uploads\/2021\/04\/joshin-dojo-titre-2-1024x44.jpg\" alt=\"\" class=\"wp-image-3899\" srcset=\"https:\/\/joshin.eu\/word\/wp-content\/uploads\/2021\/04\/joshin-dojo-titre-2-1024x44.jpg 1024w, https:\/\/joshin.eu\/word\/wp-content\/uploads\/2021\/04\/joshin-dojo-titre-2-300x13.jpg 300w, https:\/\/joshin.eu\/word\/wp-content\/uploads\/2021\/04\/joshin-dojo-titre-2-768x33.jpg 768w, https:\/\/joshin.eu\/word\/wp-content\/uploads\/2021\/04\/joshin-dojo-titre-2-1536x66.jpg 1536w, https:\/\/joshin.eu\/word\/wp-content\/uploads\/2021\/04\/joshin-dojo-titre-2-2048x88.jpg 2048w\" sizes=\"(max-width: 1024px) 100vw, 1024px\" \/><\/figure>\n<\/div>\n\n<div class=\"wp-block-image\">\n<figure class=\"aligncenter size-large is-resized\"><img decoding=\"async\" src=\"https:\/\/joshin.eu\/word\/wp-content\/uploads\/2019\/04\/105-1024x789.png\" alt=\"\" class=\"wp-image-129\" width=\"78\" height=\"59\" srcset=\"https:\/\/joshin.eu\/word\/wp-content\/uploads\/2019\/04\/105-1024x789.png 1024w, https:\/\/joshin.eu\/word\/wp-content\/uploads\/2019\/04\/105-300x231.png 300w, https:\/\/joshin.eu\/word\/wp-content\/uploads\/2019\/04\/105-768x592.png 768w, https:\/\/joshin.eu\/word\/wp-content\/uploads\/2019\/04\/105-389x300.png 389w, https:\/\/joshin.eu\/word\/wp-content\/uploads\/2019\/04\/105.png 1447w\" sizes=\"(max-width: 78px) 100vw, 78px\" \/><\/figure>\n<\/div>\n\n<figure class=\"wp-block-table is-style-regular\">\u200b\n<table style=\"height: 2856px; width: 100%; border-style: none;\">\n<tbody>\n<tr style=\"height: 205px;\">\n<td class=\"has-text-align-center\" style=\"width: 99.881%; height: 205px; border-style: none;\" colspan=\"3\" data-align=\"center\">\n<p><span style=\"font-family: verdana,geneva,sans-serif;\">Quelques moments en images afin de permettre une premi\u00e8re approche de Shint\u00f4 Mus\u00f4 Ry\u00fb.<br \/>Merci \u00e0 ces maitres de partager leurs enseignements.<br \/>Arigat\u014dgozaimashitas!<\/span><\/p>\n<p><img decoding=\"async\" class=\"aligncenter size-full wp-image-1781\" src=\"https:\/\/joshin.eu\/word\/wp-content\/uploads\/2019\/11\/lignedeco.png\" alt=\"\" width=\"567\" height=\"23\" srcset=\"https:\/\/joshin.eu\/word\/wp-content\/uploads\/2019\/11\/lignedeco.png 567w, https:\/\/joshin.eu\/word\/wp-content\/uploads\/2019\/11\/lignedeco-300x12.png 300w\" sizes=\"(max-width: 567px) 100vw, 567px\" \/><\/p>\n<\/td>\n<\/tr>\n<tr style=\"height: 372px;\">\n<td style=\"height: 372px; text-align: center; width: 17.381%;\"><img loading=\"lazy\" decoding=\"async\" class=\"aligncenter size-full wp-image-123\" src=\"https:\/\/joshin.eu\/word\/wp-content\/uploads\/2019\/04\/mon.gif\" alt=\"\" width=\"21\" height=\"20\" \/><\/td>\n<td style=\"text-align: center; width: 69.4048%; height: 372px;\"><iframe src=\"\/\/www.youtube.com\/embed\/z_FPa7H70G8\" width=\"560\" height=\"314\" allowfullscreen=\"allowfullscreen\"><\/iframe><\/td>\n<td style=\"width: 13.0952%; height: 372px;\"><img loading=\"lazy\" decoding=\"async\" class=\"aligncenter size-full wp-image-317\" src=\"https:\/\/joshin.eu\/word\/wp-content\/uploads\/2019\/08\/risingsun.gif\" alt=\"\" width=\"120\" height=\"400\" \/><\/td>\n<\/tr>\n<tr style=\"height: 38px;\">\n<td style=\"width: 17.381%; height: 38px;\"><span style=\"font-family: verdana, geneva, sans-serif;\">\u00a0<\/span><\/td>\n<td style=\"width: 69.4048%; height: 38px;\"><img loading=\"lazy\" decoding=\"async\" width=\"85\" height=\"21\" class=\"wp-image-339 aligncenter\" src=\"https:\/\/joshin.eu\/word\/wp-content\/uploads\/2019\/08\/introf-1.gif\" alt=\"\" \/><\/td>\n<td style=\"width: 13.0952%; height: 38px;\">\u00a0<\/td>\n<\/tr>\n<tr style=\"height: 336px;\">\n<td style=\"width: 17.381%; height: 336px;\"><span style=\"font-family: verdana, geneva, sans-serif;\"><img loading=\"lazy\" decoding=\"async\" class=\"aligncenter  wp-image-2293\" src=\"https:\/\/joshin.eu\/word\/wp-content\/uploads\/2019\/12\/loup.jpg\" alt=\"\" width=\"198\" height=\"302\" \/><\/span><\/td>\n<td style=\"width: 69.4048%; text-align: center; height: 336px;\"><iframe src=\"\/\/www.youtube.com\/embed\/qc7nvp8Kkqw\" width=\"560\" height=\"314\" allowfullscreen=\"allowfullscreen\"><\/iframe><\/td>\n<td style=\"width: 13.0952%; height: 336px;\"><img loading=\"lazy\" decoding=\"async\" width=\"21\" height=\"20\" class=\"wp-image-123 aligncenter\" src=\"https:\/\/joshin.eu\/word\/wp-content\/uploads\/2019\/04\/mon.gif\" alt=\"\" \/><\/td>\n<\/tr>\n<tr style=\"height: 42px;\">\n<td class=\"has-text-align-center\" style=\"width: 17.381%; height: 42px;\" data-align=\"center\">\u00a0<\/td>\n<td class=\"has-text-align-center\" style=\"width: 69.4048%; height: 42px;\" data-align=\"center\"><span style=\"font-family: verdana, geneva, sans-serif;\"><img loading=\"lazy\" decoding=\"async\" width=\"85\" height=\"21\" class=\"wp-image-339\" style=\"width: 85px;\" src=\"https:\/\/joshin.eu\/word\/wp-content\/uploads\/2019\/08\/introf-1.gif\" alt=\"\" \/><\/span><\/td>\n<td class=\"has-text-align-center\" style=\"width: 13.0952%; height: 42px;\" data-align=\"center\">\u00a0<\/td>\n<\/tr>\n<tr style=\"height: 345px;\">\n<td class=\"has-text-align-center\" style=\"width: 17.381%; height: 345px;\" data-align=\"center\"><img loading=\"lazy\" decoding=\"async\" width=\"21\" height=\"20\" class=\"wp-image-123\" src=\"https:\/\/joshin.eu\/word\/wp-content\/uploads\/2019\/04\/mon.gif\" alt=\"\" \/><\/td>\n<td class=\"has-text-align-center\" style=\"width: 69.4048%; height: 345px;\" data-align=\"center\"><iframe src=\"https:\/\/www.youtube.com\/embed\/ZN1mazGqr00\" width=\"560\" height=\"315\" frameborder=\"0\" allowfullscreen=\"allowfullscreen\"><\/iframe><\/td>\n<td class=\"has-text-align-center\" style=\"width: 13.0952%; height: 345px;\" data-align=\"center\"><a href=\"https:\/\/joshin.eu\/word\/wp-content\/uploads\/2019\/09\/jpg3645.jpg\" rel=\"lightbox\"><img loading=\"lazy\" decoding=\"async\" class=\"aligncenter wp-image-584\" src=\"https:\/\/joshin.eu\/word\/wp-content\/uploads\/2019\/09\/jpg3645-195x300.jpg\" alt=\"\" width=\"200\" height=\"308\" srcset=\"https:\/\/joshin.eu\/word\/wp-content\/uploads\/2019\/09\/jpg3645-195x300.jpg 195w, https:\/\/joshin.eu\/word\/wp-content\/uploads\/2019\/09\/jpg3645.jpg 546w\" sizes=\"(max-width: 200px) 100vw, 200px\" \/><\/a><\/td>\n<\/tr>\n<tr style=\"height: 42px;\">\n<td class=\"has-text-align-center\" style=\"width: 17.381%; height: 42px;\" data-align=\"center\">\u00a0<\/td>\n<td class=\"has-text-align-center\" style=\"width: 69.4048%; text-align: center; height: 42px;\" data-align=\"center\"><span style=\"font-family: verdana, geneva, sans-serif;\"><img decoding=\"async\" class=\"wp-image-332\" style=\"width: 85px;\" src=\"https:\/\/joshin.eu\/word\/wp-content\/uploads\/2019\/08\/introf.gif\" alt=\"\" \/><\/span><\/td>\n<td class=\"has-text-align-center\" style=\"width: 13.0952%; height: 42px;\" data-align=\"center\">\u00a0<\/td>\n<\/tr>\n<tr style=\"height: 358px;\">\n<td style=\"width: 17.381%; height: 358px;\"><span style=\"font-family: verdana, geneva, sans-serif;\"> <img loading=\"lazy\" decoding=\"async\" class=\"aligncenter wp-image-598 size-medium\" src=\"https:\/\/joshin.eu\/word\/wp-content\/uploads\/2019\/09\/jpg223-1-208x300.jpg\" alt=\"\" width=\"208\" height=\"300\" srcset=\"https:\/\/joshin.eu\/word\/wp-content\/uploads\/2019\/09\/jpg223-1-208x300.jpg 208w, https:\/\/joshin.eu\/word\/wp-content\/uploads\/2019\/09\/jpg223-1.jpg 400w\" sizes=\"(max-width: 208px) 100vw, 208px\" \/><\/span><\/td>\n<td style=\"width: 69.4048%; text-align: center; height: 358px;\"><iframe src=\"https:\/\/www.youtube.com\/embed\/l5keP7IHhjA\" width=\"560\" height=\"315\" frameborder=\"0\" allowfullscreen=\"allowfullscreen\"><\/iframe>\u00a0<\/td>\n<td style=\"width: 13.0952%; height: 358px;\"><img loading=\"lazy\" decoding=\"async\" width=\"21\" height=\"20\" class=\"wp-image-123 aligncenter\" src=\"https:\/\/joshin.eu\/word\/wp-content\/uploads\/2019\/04\/mon.gif\" alt=\"\" \/><\/td>\n<\/tr>\n<tr style=\"height: 38px;\">\n<td style=\"width: 17.381%; height: 38px;\">\u00a0<\/td>\n<td style=\"width: 69.4048%; height: 38px;\"><span style=\"font-family: verdana, geneva, sans-serif;\"> <img decoding=\"async\" class=\"wp-image-332 aligncenter\" src=\"https:\/\/joshin.eu\/word\/wp-content\/uploads\/2019\/08\/introf.gif\" alt=\"\" \/><\/span><\/td>\n<td style=\"width: 13.0952%; height: 38px;\">\u00a0<\/td>\n<\/tr>\n<tr style=\"height: 337px;\">\n<td class=\"has-text-align-center\" style=\"width: 17.381%; height: 337px;\" data-align=\"center\"><span style=\"font-family: verdana, geneva, sans-serif;\"><img loading=\"lazy\" decoding=\"async\" width=\"21\" height=\"20\" class=\"wp-image-123 aligncenter\" src=\"https:\/\/joshin.eu\/word\/wp-content\/uploads\/2019\/04\/mon.gif\" alt=\"\" \/><\/span><\/td>\n<td class=\"has-text-align-center\" style=\"width: 69.4048%; height: 337px;\" data-align=\"center\"><iframe src=\"https:\/\/www.youtube.com\/embed\/P8HxEQ51BD8\" width=\"560\" height=\"315\" frameborder=\"0\" allowfullscreen=\"allowfullscreen\"><\/iframe><\/td>\n<td class=\"has-text-align-center\" style=\"width: 13.0952%; height: 337px;\" data-align=\"center\"><img loading=\"lazy\" decoding=\"async\" class=\"alignnone wp-image-566 size-medium\" src=\"https:\/\/joshin.eu\/word\/wp-content\/uploads\/2019\/09\/DipKunisada_a-211x300.jpg\" alt=\"\" width=\"211\" height=\"300\" srcset=\"https:\/\/joshin.eu\/word\/wp-content\/uploads\/2019\/09\/DipKunisada_a-211x300.jpg 211w, https:\/\/joshin.eu\/word\/wp-content\/uploads\/2019\/09\/DipKunisada_a-768x1093.jpg 768w, https:\/\/joshin.eu\/word\/wp-content\/uploads\/2019\/09\/DipKunisada_a-720x1024.jpg 720w, https:\/\/joshin.eu\/word\/wp-content\/uploads\/2019\/09\/DipKunisada_a.jpg 949w\" sizes=\"(max-width: 211px) 100vw, 211px\" \/><\/td>\n<\/tr>\n<tr style=\"height: 42px;\">\n<td class=\"has-text-align-center\" style=\"width: 17.381%; height: 42px;\" data-align=\"center\">\u00a0<\/td>\n<td class=\"has-text-align-center\" style=\"width: 69.4048%; height: 42px;\" data-align=\"center\"><span style=\"font-family: verdana, geneva, sans-serif;\"><img decoding=\"async\" class=\"wp-image-332\" style=\"width: 85px;\" src=\"https:\/\/joshin.eu\/word\/wp-content\/uploads\/2019\/08\/introf.gif\" alt=\"\" \/><\/span><\/td>\n<td class=\"has-text-align-center\" style=\"width: 13.0952%; height: 42px;\" data-align=\"center\">\u00a0<\/td>\n<\/tr>\n<tr style=\"height: 337px;\">\n<td class=\"has-text-align-center\" style=\"width: 17.381%; height: 337px;\" data-align=\"center\"><img loading=\"lazy\" decoding=\"async\" class=\"aligncenter wp-image-574 size-medium\" src=\"https:\/\/joshin.eu\/word\/wp-content\/uploads\/2019\/09\/YoshiSam06-205x300.jpg\" alt=\"\" width=\"205\" height=\"300\" srcset=\"https:\/\/joshin.eu\/word\/wp-content\/uploads\/2019\/09\/YoshiSam06-205x300.jpg 205w, https:\/\/joshin.eu\/word\/wp-content\/uploads\/2019\/09\/YoshiSam06.jpg 498w\" sizes=\"(max-width: 205px) 100vw, 205px\" \/><\/td>\n<td class=\"has-text-align-center\" style=\"width: 69.4048%; height: 337px;\" data-align=\"center\"><iframe src=\"\/\/www.youtube.com\/embed\/O7O7kgadfOg\" width=\"560\" height=\"314\" allowfullscreen=\"allowfullscreen\"><\/iframe><\/td>\n<td class=\"has-text-align-center\" style=\"width: 13.0952%; height: 337px;\" data-align=\"center\"><img loading=\"lazy\" decoding=\"async\" width=\"21\" height=\"20\" class=\"wp-image-123 aligncenter\" src=\"https:\/\/joshin.eu\/word\/wp-content\/uploads\/2019\/04\/mon.gif\" alt=\"\" \/><\/td>\n<\/tr>\n<tr style=\"height: 21px;\">\n<td style=\"width: 17.381%; height: 21px;\">\u00a0<\/td>\n<td style=\"width: 69.4048%; height: 21px;\"><img decoding=\"async\" class=\"wp-image-332 aligncenter\" src=\"https:\/\/joshin.eu\/word\/wp-content\/uploads\/2019\/08\/introf.gif\" alt=\"\" \/><\/td>\n<td style=\"width: 13.0952%; height: 21px;\">\u00a0<\/td>\n<\/tr>\n<tr style=\"height: 343px;\">\n<td style=\"width: 17.381%; height: 343px;\">\u00a0<\/td>\n<td style=\"width: 69.4048%; text-align: center; height: 343px;\">\n<p>\u00a0<iframe title=\"YouTube video player\" src=\"https:\/\/www.youtube.com\/embed\/GdIakyp0D7o\" width=\"560\" height=\"315\" frameborder=\"0\" allowfullscreen=\"allowfullscreen\"><\/iframe><\/p>\n<\/td>\n<\/tr>\n<\/tbody>\n<\/table>\n<\/figure>\n<p>\u00a0 \u00a0\u00a0<img loading=\"lazy\" decoding=\"async\" class=\"aligncenter size-full wp-image-1785\" src=\"https:\/\/joshin.eu\/word\/wp-content\/uploads\/2019\/11\/lignedeco2.png\" alt=\"\" width=\"567\" height=\"23\" srcset=\"https:\/\/joshin.eu\/word\/wp-content\/uploads\/2019\/11\/lignedeco2.png 567w, https:\/\/joshin.eu\/word\/wp-content\/uploads\/2019\/11\/lignedeco2-300x12.png 300w\" sizes=\"(max-width: 567px) 100vw, 567px\" \/><\/p>\n\n<div class=\"wp-block-image\">\n<figure class=\"aligncenter size-large\"><img decoding=\"async\" src=\"https:\/\/joshin.eu\/word\/wp-content\/uploads\/2019\/08\/introf.gif\" alt=\"\" class=\"wp-image-332\"\/><\/figure>\n<\/div>\n\n<div class=\"wp-block-image is-style-rounded\">\n<figure class=\"aligncenter size-full\"><img loading=\"lazy\" decoding=\"async\" width=\"1010\" height=\"40\" src=\"https:\/\/joshin.eu\/word\/wp-content\/uploads\/2023\/06\/smr.jpg\" alt=\"\" class=\"wp-image-4766\" srcset=\"https:\/\/joshin.eu\/word\/wp-content\/uploads\/2023\/06\/smr.jpg 1010w, https:\/\/joshin.eu\/word\/wp-content\/uploads\/2023\/06\/smr-300x12.jpg 300w, https:\/\/joshin.eu\/word\/wp-content\/uploads\/2023\/06\/smr-768x30.jpg 768w\" sizes=\"(max-width: 1010px) 100vw, 1010px\" \/><\/figure>\n<\/div>","protected":false},"excerpt":{"rendered":"<p>\u200b Quelques moments en images afin de permettre une premi\u00e8re approche de Shint\u00f4 Mus\u00f4 Ry\u00fb.Merci \u00e0 ces maitres de partager leurs enseignements.Arigat\u014dgozaimashitas! \u00a0 \u00a0 \u00a0 \u00a0 \u00a0 \u00a0 \u00a0 \u00a0 \u00a0 \u00a0 \u00a0 \u00a0 \u00a0 \u00a0 \u00a0 \u00a0 \u00a0\u00a0<\/p>\n","protected":false},"author":1,"featured_media":3759,"parent":0,"menu_order":0,"comment_status":"closed","ping_status":"closed","template":"","meta":{"_crdt_document":"","footnotes":""},"class_list":["post-799","page","type-page","status-publish","has-post-thumbnail","hentry"],"_links":{"self":[{"href":"https:\/\/joshin.eu\/word\/index.php\/wp-json\/wp\/v2\/pages\/799","targetHints":{"allow":["GET"]}}],"collection":[{"href":"https:\/\/joshin.eu\/word\/index.php\/wp-json\/wp\/v2\/pages"}],"about":[{"href":"https:\/\/joshin.eu\/word\/index.php\/wp-json\/wp\/v2\/types\/page"}],"author":[{"embeddable":true,"href":"https:\/\/joshin.eu\/word\/index.php\/wp-json\/wp\/v2\/users\/1"}],"replies":[{"embeddable":true,"href":"https:\/\/joshin.eu\/word\/index.php\/wp-json\/wp\/v2\/comments?post=799"}],"version-history":[{"count":96,"href":"https:\/\/joshin.eu\/word\/index.php\/wp-json\/wp\/v2\/pages\/799\/revisions"}],"predecessor-version":[{"id":4797,"href":"https:\/\/joshin.eu\/word\/index.php\/wp-json\/wp\/v2\/pages\/799\/revisions\/4797"}],"wp:featuredmedia":[{"embeddable":true,"href":"https:\/\/joshin.eu\/word\/index.php\/wp-json\/wp\/v2\/media\/3759"}],"wp:attachment":[{"href":"https:\/\/joshin.eu\/word\/index.php\/wp-json\/wp\/v2\/media?parent=799"}],"curies":[{"name":"wp","href":"https:\/\/api.w.org\/{rel}","templated":true}]}}