{"id":57,"date":"2019-04-15T15:17:31","date_gmt":"2019-04-15T13:17:31","guid":{"rendered":"http:\/\/joshin.eu\/word\/?page_id=57"},"modified":"2023-10-01T20:01:53","modified_gmt":"2023-10-01T18:01:53","slug":"dojo-amis","status":"publish","type":"page","link":"https:\/\/joshin.eu\/word\/index.php\/dojo-amis\/","title":{"rendered":"Dojo amis"},"content":{"rendered":"<div class=\"wp-block-image is-style-rounded\">\n<figure class=\"aligncenter size-large\"><img decoding=\"async\" width=\"1024\" height=\"44\" src=\"https:\/\/joshin.eu\/word\/wp-content\/uploads\/2021\/04\/joshin-dojo-titre-2-1024x44.jpg\" alt=\"\" class=\"wp-image-3899\" srcset=\"https:\/\/joshin.eu\/word\/wp-content\/uploads\/2021\/04\/joshin-dojo-titre-2-1024x44.jpg 1024w, https:\/\/joshin.eu\/word\/wp-content\/uploads\/2021\/04\/joshin-dojo-titre-2-300x13.jpg 300w, https:\/\/joshin.eu\/word\/wp-content\/uploads\/2021\/04\/joshin-dojo-titre-2-768x33.jpg 768w, https:\/\/joshin.eu\/word\/wp-content\/uploads\/2021\/04\/joshin-dojo-titre-2-1536x66.jpg 1536w, https:\/\/joshin.eu\/word\/wp-content\/uploads\/2021\/04\/joshin-dojo-titre-2-2048x88.jpg 2048w\" sizes=\"(max-width: 1024px) 100vw, 1024px\" \/><\/figure>\n<\/div>\n\n<div class=\"wp-block-image is-style-rounded\">\n<figure class=\"aligncenter size-large is-resized\"><img fetchpriority=\"high\" decoding=\"async\" width=\"1024\" height=\"797\" src=\"https:\/\/joshin.eu\/word\/wp-content\/uploads\/2019\/04\/11-1024x797.png\" alt=\"\" class=\"wp-image-136\" style=\"width:114px;height:89px\" srcset=\"https:\/\/joshin.eu\/word\/wp-content\/uploads\/2019\/04\/11-1024x797.png 1024w, https:\/\/joshin.eu\/word\/wp-content\/uploads\/2019\/04\/11-300x233.png 300w, https:\/\/joshin.eu\/word\/wp-content\/uploads\/2019\/04\/11-768x598.png 768w, https:\/\/joshin.eu\/word\/wp-content\/uploads\/2019\/04\/11-386x300.png 386w, https:\/\/joshin.eu\/word\/wp-content\/uploads\/2019\/04\/11.png 1888w\" sizes=\"(max-width: 1024px) 100vw, 1024px\" \/><\/figure>\n<\/div>\n\n\n<figure class=\"wp-block-table aligncenter is-style-regular\">\n<table class=\"has-fixed-layout\" style=\"height: 2159px; width: 100%; border-style: none;\">\n<tbody>\n<tr style=\"height: 198px;\">\n<td style=\"width: 59.2451%; text-align: center; height: 198px;\" colspan=\"3\">\n<p><span style=\"font-family: verdana,geneva,sans-serif;\">Joshin est fier de vous pr\u00e9senter ses partenaires et amis de pratique &#8230;<br \/><\/span><span style=\"font-family: verdana,geneva,sans-serif;\">Merci de visiter leurs sites, vous y trouverez des budos diff\u00e9rents, des enseignements de qualit\u00e9 et des maitres d\u00e9vou\u00e9s \u00e0 la transmission de leurs arts.<\/span><\/p>\n<p><img decoding=\"async\" class=\"aligncenter size-full wp-image-1781\" src=\"https:\/\/joshin.eu\/word\/wp-content\/uploads\/2019\/11\/lignedeco.png\" alt=\"\" width=\"567\" height=\"23\" srcset=\"https:\/\/joshin.eu\/word\/wp-content\/uploads\/2019\/11\/lignedeco.png 567w, https:\/\/joshin.eu\/word\/wp-content\/uploads\/2019\/11\/lignedeco-300x12.png 300w\" sizes=\"(max-width: 567px) 100vw, 567px\" \/><\/p>\n<\/td>\n<\/tr>\n<tr style=\"height: 224px;\">\n<td class=\"has-text-align-center\" style=\"width: 20.0806%; height: 224px;\" data-align=\"center\"><span style=\"font-family: verdana,geneva,sans-serif;\"><strong>Bushido Club <\/strong><\/span><br \/><span style=\"font-family: verdana,geneva,sans-serif;\">Fribourg<\/span><\/td>\n<td class=\"has-text-align-center\" style=\"width: 19.8426%; height: 224px;\" data-align=\"center\"><span style=\"font-family: verdana,geneva,sans-serif;\">Aikido<\/span><br \/><span style=\"font-family: verdana,geneva,sans-serif;\">Jodo<\/span><br \/><span style=\"font-family: verdana,geneva,sans-serif;\">Iaido<\/span><\/td>\n<td class=\"has-text-align-center\" style=\"width: 19.3219%; height: 224px;\" data-align=\"center\"><a href=\"http:\/\/www.bushidoclub.ch\" target=\"_blank\" rel=\"blank noopener\"><img loading=\"lazy\" decoding=\"async\" class=\"alignnone wp-image-520\" style=\"width: 150px;\" title=\"visiter le site du Bushido\" src=\"https:\/\/joshin.eu\/word\/wp-content\/uploads\/2019\/09\/logo-bushido.png\" alt=\"\" width=\"153\" height=\"198\" \/><\/a><\/td>\n<\/tr>\n<tr style=\"height: 10px;\">\n<td style=\"width: 59.2451%; text-align: center; height: 10px;\" colspan=\"3\"><span style=\"font-family: verdana,geneva,sans-serif;\"><strong><img loading=\"lazy\" decoding=\"async\" class=\"aligncenter wp-image-622 size-full\" src=\"https:\/\/joshin.eu\/word\/wp-content\/uploads\/2019\/09\/line-dot-440-white-English02.gif\" alt=\"\" width=\"440\" height=\"14\" \/><\/strong><\/span><\/td>\n<\/tr>\n<tr style=\"height: 150px;\">\n<td class=\"has-text-align-center\" style=\"width: 20.0806%; height: 150px;\" data-align=\"center\"><span style=\"font-family: verdana,geneva,sans-serif;\"><strong>Musoka\u00ef<\/strong><\/span><br \/><span style=\"font-family: verdana,geneva,sans-serif;\">Montreux<\/span><\/td>\n<td class=\"has-text-align-center\" style=\"width: 19.8426%; height: 150px;\" data-align=\"center\"><span style=\"font-family: verdana,geneva,sans-serif;\">Jodo<\/span><br \/><span style=\"font-family: verdana,geneva,sans-serif;\">Iaido<\/span><\/td>\n<td class=\"has-text-align-center\" style=\"width: 19.3219%; height: 150px;\" data-align=\"center\"><a href=\"http:\/\/www.musokai.ch\" target=\"_blank\" rel=\"blank noopener\"><img loading=\"lazy\" decoding=\"async\" class=\"alignnone wp-image-356\" style=\"width: 150px;\" title=\"Visiter le site de Mus\u00f4kai\" src=\"https:\/\/joshin.eu\/word\/wp-content\/uploads\/2019\/08\/musokai.gif\" alt=\"\" width=\"647\" height=\"550\" \/><\/a><\/td>\n<\/tr>\n<tr style=\"height: 17px;\">\n<td style=\"width: 59.2451%; height: 17px;\" colspan=\"3\"><span style=\"font-family: verdana,geneva,sans-serif;\"><strong> <img loading=\"lazy\" decoding=\"async\" class=\"aligncenter wp-image-622 size-full\" src=\"https:\/\/joshin.eu\/word\/wp-content\/uploads\/2019\/09\/line-dot-440-white-English02.gif\" alt=\"\" width=\"440\" height=\"14\" \/><\/strong><\/span><\/td>\n<\/tr>\n<tr style=\"height: 175px;\">\n<td class=\"has-text-align-center\" style=\"width: 20.0806%; height: 175px;\" data-align=\"center\"><span style=\"font-family: verdana,geneva,sans-serif;\"><strong>Shinto Muso Ryu <\/strong><\/span><br \/><span style=\"font-family: verdana,geneva,sans-serif;\">Zurich<\/span><\/td>\n<td class=\"has-text-align-center\" style=\"width: 19.8426%; height: 175px;\" data-align=\"center\"><span style=\"font-family: verdana,geneva,sans-serif;\">Aikido<\/span><br \/><span style=\"font-family: verdana,geneva,sans-serif;\">Jodo<\/span><\/td>\n<td class=\"has-text-align-center\" style=\"width: 19.3219%; height: 175px;\" data-align=\"center\"><a href=\"http:\/\/www.jodozuerich.ch\" target=\"_blank\" rel=\"blank noopener\"><img loading=\"lazy\" decoding=\"async\" class=\"alignnone wp-image-334\" style=\"width: 150px;\" title=\"Visiter le site de Jodo Zurich\" src=\"https:\/\/joshin.eu\/word\/wp-content\/uploads\/2019\/08\/jodozurich.gif\" alt=\"\" width=\"238\" height=\"238\" \/><\/a><\/td>\n<\/tr>\n<tr style=\"height: 44px;\">\n<td style=\"width: 59.2451%; height: 21px;\" colspan=\"3\"><strong><img loading=\"lazy\" decoding=\"async\" class=\"aligncenter wp-image-622 size-full\" src=\"https:\/\/joshin.eu\/word\/wp-content\/uploads\/2019\/09\/line-dot-440-white-English02.gif\" alt=\"\" width=\"440\" height=\"14\" \/><\/strong><\/td>\n<\/tr>\n<tr style=\"height: 178px;\">\n<td class=\"has-text-align-center\" style=\"width: 20.0806%; height: 178px;\" data-align=\"center\"><span style=\"font-family: verdana, geneva, sans-serif;\"><strong>AIKI DOJO SANKAKU<\/strong> <\/span><br \/><span style=\"font-family: verdana, geneva, sans-serif;\">Morlaix<\/span><\/td>\n<td class=\"has-text-align-center\" style=\"width: 19.8426%; height: 178px;\" data-align=\"center\"><span style=\"font-family: verdana, geneva, sans-serif;\">Jodo<\/span><br \/><span style=\"font-family: verdana, geneva, sans-serif;\">Iaido<\/span><br \/><span style=\"font-family: verdana, geneva, sans-serif;\">Aikido<\/span><\/td>\n<td class=\"has-text-align-center\" style=\"width: 19.3219%; height: 178px;\" data-align=\"center\"><a href=\"http:\/\/www.aikidojosankaku.fr\/\" target=\"_blank\" rel=\"noopener\"><img loading=\"lazy\" decoding=\"async\" class=\"aligncenter wp-image-4931 size-medium\" src=\"https:\/\/joshin.eu\/word\/wp-content\/uploads\/2023\/10\/aiki-300x74.png\" alt=\"\" width=\"300\" height=\"74\" srcset=\"https:\/\/joshin.eu\/word\/wp-content\/uploads\/2023\/10\/aiki-300x74.png 300w, https:\/\/joshin.eu\/word\/wp-content\/uploads\/2023\/10\/aiki-768x189.png 768w, https:\/\/joshin.eu\/word\/wp-content\/uploads\/2023\/10\/aiki.png 838w\" sizes=\"(max-width: 300px) 100vw, 300px\" \/><\/a><\/td>\n<\/tr>\n<tr style=\"height: 17px;\">\n<td style=\"width: 59.2451%; height: 17px;\" colspan=\"3\"><strong><img loading=\"lazy\" decoding=\"async\" class=\"aligncenter wp-image-622 size-full\" src=\"https:\/\/joshin.eu\/word\/wp-content\/uploads\/2019\/09\/line-dot-440-white-English02.gif\" alt=\"\" width=\"440\" height=\"14\" \/><\/strong><\/td>\n<\/tr>\n<tr style=\"height: 195px;\">\n<td class=\"has-text-align-center\" style=\"width: 20.0806%; height: 195px;\" data-align=\"center\"><span style=\"font-family: verdana,geneva,sans-serif;\"><strong>Shung Do Kwan Budo<\/strong><\/span><br \/><span style=\"font-family: verdana,geneva,sans-serif;\">Gen\u00e8ve<\/span><\/td>\n<td class=\"has-text-align-center\" style=\"width: 19.8426%; height: 195px;\" data-align=\"center\">\n<p><span style=\"font-family: verdana,geneva,sans-serif;\">Judo<\/span><br \/><span style=\"font-family: verdana,geneva,sans-serif;\">Jodo<\/span><br \/><span style=\"font-family: verdana,geneva,sans-serif;\">Iaido<br \/>Shodo<br \/><\/span><\/p>\n<\/td>\n<td class=\"has-text-align-center\" style=\"width: 19.3219%; height: 195px;\" data-align=\"center\"><a href=\"http:\/\/www.sdkbudo.ch\" target=\"_blank\" rel=\"blank noopener\"><img loading=\"lazy\" decoding=\"async\" class=\"alignnone wp-image-528\" style=\"width: 100px;\" title=\"Visiter le site du Shung Do Kwan\" src=\"https:\/\/joshin.eu\/word\/wp-content\/uploads\/2019\/09\/logoSDK.jpg\" alt=\"\" width=\"44\" height=\"74\" \/><\/a><\/td>\n<\/tr>\n<tr style=\"height: 17px;\">\n<td style=\"width: 59.2451%; height: 17px;\" colspan=\"3\">\u00a0<\/td>\n<\/tr>\n<tr style=\"height: 17px;\">\n<td style=\"width: 59.2451%; height: 17px;\" colspan=\"3\"><strong><img loading=\"lazy\" decoding=\"async\" class=\"aligncenter wp-image-622 size-full\" src=\"https:\/\/joshin.eu\/word\/wp-content\/uploads\/2019\/09\/line-dot-440-white-English02.gif\" alt=\"\" width=\"440\" height=\"14\" \/><\/strong><\/td>\n<\/tr>\n<tr style=\"height: 132px;\">\n<td class=\"has-text-align-center\" style=\"width: 20.0806%; height: 132px;\" data-align=\"center\"><span style=\"font-family: verdana,geneva,sans-serif;\"><strong>Dojo du Grand C\u00e8dre<\/strong><\/span><br \/><span style=\"font-family: verdana,geneva,sans-serif;\">Lyon<\/span><\/td>\n<td class=\"has-text-align-center\" style=\"width: 19.8426%; height: 132px;\" data-align=\"center\"><span style=\"font-family: verdana,geneva,sans-serif;\">Aikido<\/span><br \/><span style=\"font-family: verdana,geneva,sans-serif;\">Jodo<\/span><br \/><span style=\"font-family: verdana,geneva,sans-serif;\">Iaido<\/span><\/td>\n<td class=\"has-text-align-center\" style=\"width: 19.3219%; height: 132px;\" data-align=\"center\"><a href=\"mailto:nathalie.kopytko@free.fr\" target=\"_blank\" rel=\"blank noopener\"><img loading=\"lazy\" decoding=\"async\" class=\"alignnone wp-image-341\" style=\"width: 150px;\" title=\"Envoyer un message au dojo\" src=\"https:\/\/joshin.eu\/word\/wp-content\/uploads\/2019\/08\/grand-cedre-1.jpg\" alt=\"Joindre le dojo\" width=\"242\" height=\"181\" \/><\/a><\/td>\n<\/tr>\n<tr style=\"height: 36px;\">\n<td style=\"width: 59.2451%; height: 24px;\" colspan=\"3\"><span style=\"font-family: verdana,geneva,sans-serif;\"><strong> <img loading=\"lazy\" decoding=\"async\" class=\"aligncenter wp-image-622 size-full\" src=\"https:\/\/joshin.eu\/word\/wp-content\/uploads\/2019\/09\/line-dot-440-white-English02.gif\" alt=\"\" width=\"440\" height=\"14\" \/><\/strong><\/span><\/td>\n<\/tr>\n<tr style=\"height: 175px;\">\n<td class=\"has-text-align-center\" style=\"width: 20.0806%; height: 175px;\" data-align=\"center\"><span style=\"font-family: verdana,geneva,sans-serif;\"><strong>LSC <\/strong><\/span><br \/><span style=\"font-family: verdana,geneva,sans-serif;\">Levallois<\/span><\/td>\n<td class=\"has-text-align-center\" style=\"width: 19.8426%; height: 175px;\" data-align=\"center\"><span style=\"font-family: verdana,geneva,sans-serif;\">Aikido<\/span><br \/><span style=\"font-family: verdana,geneva,sans-serif;\">Jodo<\/span><br \/><span style=\"font-family: verdana,geneva,sans-serif;\">Katori<\/span><\/td>\n<td class=\"has-text-align-center\" style=\"width: 19.3219%; height: 175px;\" data-align=\"center\"><a href=\"mailto:lionel-lefranc@orange.fr\" target=\"_blank\" rel=\"blank noopener\"><img loading=\"lazy\" decoding=\"async\" class=\"alignnone wp-image-637\" style=\"width: 150px;\" title=\"Envoyer un message au dojo\" src=\"https:\/\/joshin.eu\/word\/wp-content\/uploads\/2019\/09\/logo-levallois.png\" alt=\"\" width=\"100\" height=\"100\" \/><\/a><\/td>\n<\/tr>\n<tr style=\"height: 27px;\">\n<td style=\"width: 59.2451%; height: 27px;\" colspan=\"3\"><strong><img loading=\"lazy\" decoding=\"async\" class=\"aligncenter size-full wp-image-1785\" src=\"https:\/\/joshin.eu\/word\/wp-content\/uploads\/2019\/11\/lignedeco2.png\" alt=\"\" width=\"567\" height=\"23\" srcset=\"https:\/\/joshin.eu\/word\/wp-content\/uploads\/2019\/11\/lignedeco2.png 567w, https:\/\/joshin.eu\/word\/wp-content\/uploads\/2019\/11\/lignedeco2-300x12.png 300w\" sizes=\"(max-width: 567px) 100vw, 567px\" \/><\/strong><\/td>\n<\/tr>\n<tr style=\"height: 78px;\">\n<td style=\"width: 59.2451%; height: 78px;\" colspan=\"3\"><span style=\"font-family: verdana,geneva,sans-serif;\"><strong><br \/><\/strong><\/span><span style=\"font-family: verdana,geneva,sans-serif;\"><a href=\"https:\/\/joshin.eu\/word\/wp-content\/uploads\/2019\/08\/introf.gif\" rel=\"lightbox\"><img loading=\"lazy\" decoding=\"async\" class=\"aligncenter size-full wp-image-332\" src=\"https:\/\/joshin.eu\/word\/wp-content\/uploads\/2019\/08\/introf.gif\" alt=\"\" width=\"85\" height=\"21\" \/><\/a><\/span><\/td>\n<\/tr>\n<\/tbody>\n<\/table>\n<\/figure>\n\n\n<div class=\"wp-block-image is-style-rounded\">\n<figure class=\"aligncenter size-full\"><img loading=\"lazy\" decoding=\"async\" width=\"1010\" height=\"40\" src=\"https:\/\/joshin.eu\/word\/wp-content\/uploads\/2023\/06\/smr.jpg\" alt=\"\" class=\"wp-image-4766\" srcset=\"https:\/\/joshin.eu\/word\/wp-content\/uploads\/2023\/06\/smr.jpg 1010w, https:\/\/joshin.eu\/word\/wp-content\/uploads\/2023\/06\/smr-300x12.jpg 300w, https:\/\/joshin.eu\/word\/wp-content\/uploads\/2023\/06\/smr-768x30.jpg 768w\" sizes=\"(max-width: 1010px) 100vw, 1010px\" \/><\/figure>\n<\/div>","protected":false},"excerpt":{"rendered":"<p>Joshin est fier de vous pr\u00e9senter ses partenaires et amis de pratique &#8230;Merci de visiter leurs sites, vous y trouverez des budos diff\u00e9rents, des enseignements de qualit\u00e9 et des maitres d\u00e9vou\u00e9s \u00e0 la transmission de leurs arts. Bushido Club Fribourg AikidoJodoIaido Musoka\u00efMontreux JodoIaido Shinto Muso Ryu Zurich AikidoJodo AIKI DOJO SANKAKU Morlaix JodoIaidoAikido Shung Do [&hellip;]<\/p>\n","protected":false},"author":1,"featured_media":3769,"parent":0,"menu_order":0,"comment_status":"closed","ping_status":"closed","template":"","meta":{"_crdt_document":"","footnotes":""},"class_list":["post-57","page","type-page","status-publish","has-post-thumbnail","hentry"],"_links":{"self":[{"href":"https:\/\/joshin.eu\/word\/index.php\/wp-json\/wp\/v2\/pages\/57","targetHints":{"allow":["GET"]}}],"collection":[{"href":"https:\/\/joshin.eu\/word\/index.php\/wp-json\/wp\/v2\/pages"}],"about":[{"href":"https:\/\/joshin.eu\/word\/index.php\/wp-json\/wp\/v2\/types\/page"}],"author":[{"embeddable":true,"href":"https:\/\/joshin.eu\/word\/index.php\/wp-json\/wp\/v2\/users\/1"}],"replies":[{"embeddable":true,"href":"https:\/\/joshin.eu\/word\/index.php\/wp-json\/wp\/v2\/comments?post=57"}],"version-history":[{"count":58,"href":"https:\/\/joshin.eu\/word\/index.php\/wp-json\/wp\/v2\/pages\/57\/revisions"}],"predecessor-version":[{"id":4936,"href":"https:\/\/joshin.eu\/word\/index.php\/wp-json\/wp\/v2\/pages\/57\/revisions\/4936"}],"wp:featuredmedia":[{"embeddable":true,"href":"https:\/\/joshin.eu\/word\/index.php\/wp-json\/wp\/v2\/media\/3769"}],"wp:attachment":[{"href":"https:\/\/joshin.eu\/word\/index.php\/wp-json\/wp\/v2\/media?parent=57"}],"curies":[{"name":"wp","href":"https:\/\/api.w.org\/{rel}","templated":true}]}}