{"id":5599,"date":"2026-01-07T22:34:03","date_gmt":"2026-01-07T21:34:03","guid":{"rendered":"https:\/\/joshin.eu\/word\/?page_id=5599"},"modified":"2026-01-15T17:45:35","modified_gmt":"2026-01-15T16:45:35","slug":"actualites","status":"publish","type":"page","link":"https:\/\/joshin.eu\/word\/index.php\/a-propos-de-joshin\/actualites\/","title":{"rendered":"Actualit\u00e9s"},"content":{"rendered":"<figure class=\"wp-block-image aligncenter size-large is-style-rounded\"><img decoding=\"async\" width=\"1024\" height=\"44\" class=\"wp-image-3899 aligncenter\" src=\"https:\/\/joshin.eu\/word\/wp-content\/uploads\/2021\/04\/joshin-dojo-titre-2-1024x44.jpg\" alt=\"\" srcset=\"https:\/\/joshin.eu\/word\/wp-content\/uploads\/2021\/04\/joshin-dojo-titre-2-1024x44.jpg 1024w, https:\/\/joshin.eu\/word\/wp-content\/uploads\/2021\/04\/joshin-dojo-titre-2-300x13.jpg 300w, https:\/\/joshin.eu\/word\/wp-content\/uploads\/2021\/04\/joshin-dojo-titre-2-768x33.jpg 768w, https:\/\/joshin.eu\/word\/wp-content\/uploads\/2021\/04\/joshin-dojo-titre-2-1536x66.jpg 1536w, https:\/\/joshin.eu\/word\/wp-content\/uploads\/2021\/04\/joshin-dojo-titre-2-2048x88.jpg 2048w\" sizes=\"(max-width: 1024px) 100vw, 1024px\" \/><\/figure>\r\n<p><img decoding=\"async\" class=\"wp-image-133 aligncenter\" src=\"https:\/\/joshin.eu\/word\/wp-content\/uploads\/2019\/04\/75-300x240.png\" alt=\"\" width=\"138\" height=\"110\" srcset=\"https:\/\/joshin.eu\/word\/wp-content\/uploads\/2019\/04\/75-300x240.png 300w, https:\/\/joshin.eu\/word\/wp-content\/uploads\/2019\/04\/75-768x614.png 768w, https:\/\/joshin.eu\/word\/wp-content\/uploads\/2019\/04\/75-1024x819.png 1024w, https:\/\/joshin.eu\/word\/wp-content\/uploads\/2019\/04\/75-375x300.png 375w, https:\/\/joshin.eu\/word\/wp-content\/uploads\/2019\/04\/75.png 1890w\" sizes=\"(max-width: 138px) 100vw, 138px\" \/><\/p>\r\n<!-- \/wp:post-content -->\r\n\r\n<!-- wp:image {\"align\":\"center\",\"id\":2464,\"width\":\"100px\",\"height\":\"100px\",\"sizeSlug\":\"large\",\"linkDestination\":\"none\"} -->\r\n<figure class=\"wp-block-image aligncenter size-large is-resized\">\r\n<table style=\"border-collapse: collapse; width: 100%;\">\r\n<tbody>\r\n<tr>\r\n<td style=\"width: 33.3333%;\">\r\n<p style=\"text-align: center;\">\u00a0<\/p>\r\n<p style=\"text-align: center;\"><span style=\"font-family: verdana, geneva, sans-serif;\"><span style=\"font-size: 24px;\"><br \/><\/span><img fetchpriority=\"high\" decoding=\"async\" class=\"aligncenter size-medium wp-image-5606\" src=\"https:\/\/joshin.eu\/word\/wp-content\/uploads\/2026\/01\/WA-peace-213x300.avif\" alt=\"\" width=\"213\" height=\"300\" srcset=\"https:\/\/joshin.eu\/word\/wp-content\/uploads\/2026\/01\/WA-peace-213x300.avif 213w, https:\/\/joshin.eu\/word\/wp-content\/uploads\/2026\/01\/WA-peace-728x1024.avif 728w, https:\/\/joshin.eu\/word\/wp-content\/uploads\/2026\/01\/WA-peace-768x1080.avif 768w, https:\/\/joshin.eu\/word\/wp-content\/uploads\/2026\/01\/WA-peace-1092x1536.avif 1092w, https:\/\/joshin.eu\/word\/wp-content\/uploads\/2026\/01\/WA-peace.avif 1406w\" sizes=\"(max-width: 213px) 100vw, 213px\" \/><\/span><\/p>\r\n<p style=\"text-align: center;\"><span style=\"font-family: verdana, geneva, sans-serif;\"><em><span style=\"font-size: 24px;\"><strong>\u00ab\u00a0Wa\u00a0\u00bb <\/strong>(paix)<\/span><\/em><\/span><\/p>\r\n<p style=\"text-align: center;\">\u00a0<\/p>\r\n<p style=\"text-align: center;\">\u00a0<\/p>\r\n<\/td>\r\n<td style=\"width: 33.3333%;\">\r\n<p style=\"text-align: center;\"><span style=\"font-family: verdana, geneva, sans-serif; font-size: 20px;\">J\u014dshin D\u014dj\u014d vous souhaite pour cette nouvelle ann\u00e9e 2026&#8230;<\/span><\/p>\r\n<p style=\"text-align: center;\"><span style=\"font-family: verdana, geneva, sans-serif;\"><img loading=\"lazy\" decoding=\"async\" class=\"aligncenter  wp-image-5605\" src=\"https:\/\/joshin.eu\/word\/wp-content\/uploads\/2026\/01\/voeux-2026-small-202x300.jpeg\" alt=\"\" width=\"459\" height=\"682\" srcset=\"https:\/\/joshin.eu\/word\/wp-content\/uploads\/2026\/01\/voeux-2026-small-202x300.jpeg 202w, https:\/\/joshin.eu\/word\/wp-content\/uploads\/2026\/01\/voeux-2026-small-1036x1536.jpeg 1036w\" sizes=\"(max-width: 459px) 100vw, 459px\" \/><\/span><\/p>\r\n<p style=\"text-align: center;\"><span style=\"font-family: verdana, geneva, sans-serif;\"><em>Remerciements \u00e0 Pascal Krieger pour ses calligraphies<\/em><\/span><\/p>\r\n<p style=\"text-align: center;\"><span style=\"font-family: verdana, geneva, sans-serif;\"><a href=\"https:\/\/www.budonoshodo.com\/\" target=\"_blank\" rel=\"noopener\">Budonoshodo<\/a><\/span><\/p>\r\n<\/td>\r\n<td style=\"width: 33.3333%; text-align: center;\">\r\n<p><em><span style=\"font-family: verdana, geneva, sans-serif; font-size: 24px;\">\u00a0<\/span><\/em><span style=\"font-size: 24px; font-family: verdana, geneva, sans-serif;\"><img loading=\"lazy\" decoding=\"async\" class=\"aligncenter  wp-image-5607\" src=\"https:\/\/joshin.eu\/word\/wp-content\/uploads\/2026\/01\/KI-300x240.png\" alt=\"\" width=\"316\" height=\"252\" srcset=\"https:\/\/joshin.eu\/word\/wp-content\/uploads\/2026\/01\/KI-300x240.png 300w, https:\/\/joshin.eu\/word\/wp-content\/uploads\/2026\/01\/KI.png 670w\" sizes=\"(max-width: 316px) 100vw, 316px\" \/><\/span><\/p>\r\n<p><em><span style=\"font-size: 24px; font-family: verdana, geneva, sans-serif;\"><strong>\u00ab\u00a0KI\u00a0\u00bb<\/strong> (\u00e9nergie)<\/span><\/em><\/p>\r\n<\/td>\r\n<\/tr>\r\n<tr>\r\n<td style=\"width: 33.3333%;\">\u00a0<\/td>\r\n<td style=\"width: 33.3333%;\"><img loading=\"lazy\" decoding=\"async\" class=\"aligncenter size-full wp-image-339\" src=\"https:\/\/joshin.eu\/word\/wp-content\/uploads\/2019\/08\/introf-1.gif\" alt=\"\" width=\"85\" height=\"21\" \/><\/td>\r\n<td style=\"width: 33.3333%;\">\u00a0<\/td>\r\n<\/tr>\r\n<tr>\r\n<td colspan=\"3\">\r\n<p class=\"wp-block-heading has-text-align-center\" style=\"text-align: center;\"><span style=\"font-family: verdana, geneva, sans-serif; font-size: 20px;\">\u00a0Le prochain Atelier \u00ab Dimanche Shint\u014d Mus\u014d Ryu \u00bb<\/span><\/p>\r\n<p style=\"text-align: center;\"><span style=\"font-size: 20px;\"><span style=\"font-family: verdana, geneva, sans-serif;\">\u00a0aura lieu le 25 Janvier 2026<\/span><\/span><\/p>\r\n<\/td>\r\n<\/tr>\r\n<tr>\r\n<td colspan=\"3\">\r\n<p class=\"wp-block-heading has-text-align-center\" style=\"text-align: center;\"><img loading=\"lazy\" decoding=\"async\" class=\"aligncenter wp-image-5639 \" src=\"https:\/\/joshin.eu\/word\/wp-content\/uploads\/2026\/01\/atelier-diamanche-212x300.jpg\" alt=\"\" width=\"428\" height=\"606\" srcset=\"https:\/\/joshin.eu\/word\/wp-content\/uploads\/2026\/01\/atelier-diamanche-212x300.jpg 212w, https:\/\/joshin.eu\/word\/wp-content\/uploads\/2026\/01\/atelier-diamanche-724x1024.jpg 724w, https:\/\/joshin.eu\/word\/wp-content\/uploads\/2026\/01\/atelier-diamanche-768x1087.jpg 768w, https:\/\/joshin.eu\/word\/wp-content\/uploads\/2026\/01\/atelier-diamanche-1085x1536.jpg 1085w, https:\/\/joshin.eu\/word\/wp-content\/uploads\/2026\/01\/atelier-diamanche.jpg 1240w\" sizes=\"(max-width: 428px) 100vw, 428px\" \/><\/p>\r\n<p class=\"wp-block-heading has-text-align-center\" style=\"text-align: center;\"><a href=\"mailto:info@joshin.eu\"><span style=\"font-family: verdana, geneva, sans-serif;\">N&rsquo;h\u00e9sitez pas \u00e0 nous contacter pour plus d&rsquo;informations<\/span><\/a><\/p>\r\n<\/td>\r\n<\/tr>\r\n<tr>\r\n<td style=\"width: 33.3333%;\" colspan=\"3\">\r\n<h2 class=\"wp-block-heading has-text-align-center\" style=\"text-align: center;\"><img loading=\"lazy\" decoding=\"async\" class=\"aligncenter size-full wp-image-339\" src=\"https:\/\/joshin.eu\/word\/wp-content\/uploads\/2019\/08\/introf-1.gif\" alt=\"\" width=\"85\" height=\"21\" \/><\/h2>\r\n<\/td>\r\n<\/tr>\r\n<\/tbody>\r\n<\/table>\r\n<\/figure>","protected":false},"excerpt":{"rendered":"<p>\u00a0 \u00ab\u00a0Wa\u00a0\u00bb (paix) \u00a0 \u00a0 J\u014dshin D\u014dj\u014d vous souhaite pour cette nouvelle ann\u00e9e 2026&#8230; Remerciements \u00e0 Pascal Krieger pour ses calligraphies Budonoshodo \u00a0 \u00ab\u00a0KI\u00a0\u00bb (\u00e9nergie) \u00a0 \u00a0 \u00a0Le prochain Atelier \u00ab Dimanche Shint\u014d Mus\u014d Ryu \u00bb \u00a0aura lieu le 25 Janvier 2026 N&rsquo;h\u00e9sitez pas \u00e0 nous contacter pour plus d&rsquo;informations<\/p>\n","protected":false},"author":1,"featured_media":3762,"parent":3827,"menu_order":0,"comment_status":"closed","ping_status":"closed","template":"","meta":{"_crdt_document":"","footnotes":""},"class_list":["post-5599","page","type-page","status-publish","has-post-thumbnail","hentry"],"_links":{"self":[{"href":"https:\/\/joshin.eu\/word\/index.php\/wp-json\/wp\/v2\/pages\/5599","targetHints":{"allow":["GET"]}}],"collection":[{"href":"https:\/\/joshin.eu\/word\/index.php\/wp-json\/wp\/v2\/pages"}],"about":[{"href":"https:\/\/joshin.eu\/word\/index.php\/wp-json\/wp\/v2\/types\/page"}],"author":[{"embeddable":true,"href":"https:\/\/joshin.eu\/word\/index.php\/wp-json\/wp\/v2\/users\/1"}],"replies":[{"embeddable":true,"href":"https:\/\/joshin.eu\/word\/index.php\/wp-json\/wp\/v2\/comments?post=5599"}],"version-history":[{"count":16,"href":"https:\/\/joshin.eu\/word\/index.php\/wp-json\/wp\/v2\/pages\/5599\/revisions"}],"predecessor-version":[{"id":5641,"href":"https:\/\/joshin.eu\/word\/index.php\/wp-json\/wp\/v2\/pages\/5599\/revisions\/5641"}],"up":[{"embeddable":true,"href":"https:\/\/joshin.eu\/word\/index.php\/wp-json\/wp\/v2\/pages\/3827"}],"wp:featuredmedia":[{"embeddable":true,"href":"https:\/\/joshin.eu\/word\/index.php\/wp-json\/wp\/v2\/media\/3762"}],"wp:attachment":[{"href":"https:\/\/joshin.eu\/word\/index.php\/wp-json\/wp\/v2\/media?parent=5599"}],"curies":[{"name":"wp","href":"https:\/\/api.w.org\/{rel}","templated":true}]}}