{"id":53,"date":"2019-04-15T15:16:33","date_gmt":"2019-04-15T13:16:33","guid":{"rendered":"http:\/\/joshin.eu\/word\/?page_id=53"},"modified":"2025-10-08T17:11:07","modified_gmt":"2025-10-08T15:11:07","slug":"federations","status":"publish","type":"page","link":"https:\/\/joshin.eu\/word\/index.php\/federations\/","title":{"rendered":"Les f\u00e9d\u00e9rations"},"content":{"rendered":"<div class=\"wp-block-image is-style-rounded\">\r\n<figure class=\"aligncenter size-large\"><img decoding=\"async\" width=\"1024\" height=\"44\" class=\"wp-image-3899\" src=\"https:\/\/joshin.eu\/word\/wp-content\/uploads\/2021\/04\/joshin-dojo-titre-2-1024x44.jpg\" alt=\"\" srcset=\"https:\/\/joshin.eu\/word\/wp-content\/uploads\/2021\/04\/joshin-dojo-titre-2-1024x44.jpg 1024w, https:\/\/joshin.eu\/word\/wp-content\/uploads\/2021\/04\/joshin-dojo-titre-2-300x13.jpg 300w, https:\/\/joshin.eu\/word\/wp-content\/uploads\/2021\/04\/joshin-dojo-titre-2-768x33.jpg 768w, https:\/\/joshin.eu\/word\/wp-content\/uploads\/2021\/04\/joshin-dojo-titre-2-1536x66.jpg 1536w, https:\/\/joshin.eu\/word\/wp-content\/uploads\/2021\/04\/joshin-dojo-titre-2-2048x88.jpg 2048w\" sizes=\"(max-width: 1024px) 100vw, 1024px\" \/><\/figure>\r\n<\/div>\r\n\r\n<div class=\"wp-block-image\">\r\n<figure class=\"aligncenter size-large is-resized\"><img decoding=\"async\" class=\"wp-image-133\" style=\"width: 84px; height: 66px;\" src=\"https:\/\/joshin.eu\/word\/wp-content\/uploads\/2019\/04\/75-1024x819.png\" alt=\"\" width=\"84\" height=\"66\" srcset=\"https:\/\/joshin.eu\/word\/wp-content\/uploads\/2019\/04\/75-1024x819.png 1024w, https:\/\/joshin.eu\/word\/wp-content\/uploads\/2019\/04\/75-300x240.png 300w, https:\/\/joshin.eu\/word\/wp-content\/uploads\/2019\/04\/75-768x614.png 768w, https:\/\/joshin.eu\/word\/wp-content\/uploads\/2019\/04\/75-375x300.png 375w, https:\/\/joshin.eu\/word\/wp-content\/uploads\/2019\/04\/75.png 1890w\" sizes=\"(max-width: 84px) 100vw, 84px\" \/><\/figure>\r\n<\/div>\r\n<figure class=\"wp-block-table is-style-regular\">\r\n<table style=\"height: 330px; width: 100%; border-style: none;\">\r\n<tbody>\r\n<tr style=\"height: 230px;\">\r\n<td class=\"has-text-align-center\" style=\"height: 230px; width: 51.0345%;\" data-align=\"center\">\r\n<p><span style=\"font-family: verdana,geneva,sans-serif;\"><a title=\"FEJ\" href=\"https:\/\/www.fej.ch\/\" target=\"_blank\" rel=\"noopener noreferrer\"><img decoding=\"async\" class=\"alignnone wp-image-345\" style=\"width: 79px;\" title=\"FEJ\" src=\"https:\/\/joshin.eu\/word\/wp-content\/uploads\/2019\/08\/fej-2.jpg\" alt=\"FEJ\" width=\"372\" height=\"105\" \/><\/a><\/span><br \/><span style=\"font-family: verdana,geneva,sans-serif;\"><a title=\"FEJ\" href=\"https:\/\/www.fej.ch\/\" target=\"_blank\" rel=\"noopener noreferrer\"><strong><span style=\"color: #800000;\">F\u00e9d\u00e9ration Europ\u00e9enne de Jodo<\/span><\/strong><\/a><br \/><\/span><\/p>\r\n<\/td>\r\n<td class=\"has-text-align-center\" style=\"text-align: center; height: 230px; width: 48.7931%;\" data-align=\"center\"><span style=\"font-family: verdana,geneva,sans-serif;\"><a href=\"http:\/\/fei-iai.ch\/\" target=\"_blank\" rel=\"noopener noreferrer\"><img loading=\"lazy\" decoding=\"async\" class=\"aligncenter wp-image-2387 size-full\" src=\"https:\/\/joshin.eu\/word\/wp-content\/uploads\/2019\/12\/Capture-d\u2019e\u0301cran-2019-12-04-a\u0300-17.24.26.png\" alt=\"\" width=\"94\" height=\"107\" \/><\/a><a href=\"http:\/\/fei-iai.ch\/\" target=\"_blank\" rel=\"noopener noreferrer\"><strong><span style=\"color: #800000;\">F\u00e9d\u00e9ration Europ\u00e9enne de Iaido<\/span><\/strong><\/a><\/span><\/td>\r\n<\/tr>\r\n<tr style=\"height: 82px;\">\r\n<td style=\"height: 82px; width: 99.8276%;\" colspan=\"2\">\r\n<p><img loading=\"lazy\" decoding=\"async\" class=\"aligncenter wp-image-2166 size-full\" src=\"https:\/\/joshin.eu\/word\/wp-content\/uploads\/2019\/11\/ligne.gif\" alt=\"\" width=\"800\" height=\"10\" \/><\/p>\r\n<\/td>\r\n<\/tr>\r\n<tr style=\"height: 167px;\">\r\n<td class=\"has-text-align-center\" style=\"height: 167px; width: 51.0345%;\" data-align=\"center\"><a href=\"mailto:galleyy.65@gmail.com\" target=\"_blank\" rel=\"noopener\"><strong><span style=\"color: #993366;\">Association Helv\u00e9tique de Jodo<\/span><img loading=\"lazy\" decoding=\"async\" class=\"aligncenter wp-image-2635\" title=\"Contacter le pr\u00e9sident\" src=\"https:\/\/joshin.eu\/word\/wp-content\/uploads\/2019\/12\/AHJ.png\" alt=\"\" width=\"48\" height=\"86\" \/><\/strong><\/a><\/td>\r\n<td class=\"has-text-align-center\" style=\"height: 167px; width: 48.7931%;\" data-align=\"center\">\u00a0<\/td>\r\n<\/tr>\r\n<\/tbody>\r\n<\/table>\r\n<\/figure>\r\n<div class=\"wp-block-image is-style-rounded\">\r\n<figure class=\"aligncenter size-full\"><img loading=\"lazy\" decoding=\"async\" width=\"1010\" height=\"40\" class=\"wp-image-4766\" src=\"https:\/\/joshin.eu\/word\/wp-content\/uploads\/2023\/06\/smr.jpg\" alt=\"\" srcset=\"https:\/\/joshin.eu\/word\/wp-content\/uploads\/2023\/06\/smr.jpg 1010w, https:\/\/joshin.eu\/word\/wp-content\/uploads\/2023\/06\/smr-300x12.jpg 300w, https:\/\/joshin.eu\/word\/wp-content\/uploads\/2023\/06\/smr-768x30.jpg 768w\" sizes=\"(max-width: 1010px) 100vw, 1010px\" \/><\/figure>\r\n<\/div>","protected":false},"excerpt":{"rendered":"<p>F\u00e9d\u00e9ration Europ\u00e9enne de Jodo F\u00e9d\u00e9ration Europ\u00e9enne de Iaido Association Helv\u00e9tique de Jodo \u00a0<\/p>\n","protected":false},"author":1,"featured_media":3768,"parent":0,"menu_order":0,"comment_status":"closed","ping_status":"closed","template":"","meta":{"_crdt_document":"","footnotes":""},"class_list":["post-53","page","type-page","status-publish","has-post-thumbnail","hentry"],"_links":{"self":[{"href":"https:\/\/joshin.eu\/word\/index.php\/wp-json\/wp\/v2\/pages\/53","targetHints":{"allow":["GET"]}}],"collection":[{"href":"https:\/\/joshin.eu\/word\/index.php\/wp-json\/wp\/v2\/pages"}],"about":[{"href":"https:\/\/joshin.eu\/word\/index.php\/wp-json\/wp\/v2\/types\/page"}],"author":[{"embeddable":true,"href":"https:\/\/joshin.eu\/word\/index.php\/wp-json\/wp\/v2\/users\/1"}],"replies":[{"embeddable":true,"href":"https:\/\/joshin.eu\/word\/index.php\/wp-json\/wp\/v2\/comments?post=53"}],"version-history":[{"count":47,"href":"https:\/\/joshin.eu\/word\/index.php\/wp-json\/wp\/v2\/pages\/53\/revisions"}],"predecessor-version":[{"id":5582,"href":"https:\/\/joshin.eu\/word\/index.php\/wp-json\/wp\/v2\/pages\/53\/revisions\/5582"}],"wp:featuredmedia":[{"embeddable":true,"href":"https:\/\/joshin.eu\/word\/index.php\/wp-json\/wp\/v2\/media\/3768"}],"wp:attachment":[{"href":"https:\/\/joshin.eu\/word\/index.php\/wp-json\/wp\/v2\/media?parent=53"}],"curies":[{"name":"wp","href":"https:\/\/api.w.org\/{rel}","templated":true}]}}