{"id":3827,"date":"2021-04-01T22:45:54","date_gmt":"2021-04-01T20:45:54","guid":{"rendered":"http:\/\/joshin.eu\/word\/?page_id=3827"},"modified":"2026-04-09T13:13:08","modified_gmt":"2026-04-09T11:13:08","slug":"a-propos-de-joshin","status":"publish","type":"page","link":"https:\/\/joshin.eu\/word\/","title":{"rendered":"A propos de J\u014dshin D\u014dj\u014d"},"content":{"rendered":"<div class=\"wp-block-image is-style-rounded\">\r\n<figure class=\"aligncenter size-large\"><img decoding=\"async\" width=\"1024\" height=\"44\" class=\"wp-image-3899\" src=\"https:\/\/joshin.eu\/word\/wp-content\/uploads\/2021\/04\/joshin-dojo-titre-2-1024x44.jpg\" alt=\"\" srcset=\"https:\/\/joshin.eu\/word\/wp-content\/uploads\/2021\/04\/joshin-dojo-titre-2-1024x44.jpg 1024w, https:\/\/joshin.eu\/word\/wp-content\/uploads\/2021\/04\/joshin-dojo-titre-2-300x13.jpg 300w, https:\/\/joshin.eu\/word\/wp-content\/uploads\/2021\/04\/joshin-dojo-titre-2-768x33.jpg 768w, https:\/\/joshin.eu\/word\/wp-content\/uploads\/2021\/04\/joshin-dojo-titre-2-1536x66.jpg 1536w, https:\/\/joshin.eu\/word\/wp-content\/uploads\/2021\/04\/joshin-dojo-titre-2-2048x88.jpg 2048w\" sizes=\"(max-width: 1024px) 100vw, 1024px\" \/><\/figure>\r\n<\/div>\r\n\r\n<div class=\"wp-block-image\">\r\n<figure class=\"aligncenter size-large is-resized\"><img fetchpriority=\"high\" decoding=\"async\" width=\"1024\" height=\"767\" class=\"wp-image-127\" style=\"width: 76px; height: 57px;\" src=\"https:\/\/joshin.eu\/word\/wp-content\/uploads\/2019\/04\/131-1024x767.png\" alt=\"\" srcset=\"https:\/\/joshin.eu\/word\/wp-content\/uploads\/2019\/04\/131-1024x767.png 1024w, https:\/\/joshin.eu\/word\/wp-content\/uploads\/2019\/04\/131-300x225.png 300w, https:\/\/joshin.eu\/word\/wp-content\/uploads\/2019\/04\/131-768x575.png 768w, https:\/\/joshin.eu\/word\/wp-content\/uploads\/2019\/04\/131-401x300.png 401w, https:\/\/joshin.eu\/word\/wp-content\/uploads\/2019\/04\/131.png 1510w\" sizes=\"(max-width: 1024px) 100vw, 1024px\" \/><\/figure>\r\n<\/div>\r\n<table style=\"height: 2587px; width: 99.4023%; border-collapse: collapse;\">\r\n<tbody>\r\n<tr style=\"height: 2675px;\">\r\n<td style=\"width: 1.19048%; height: 2520px;\">\u00a0<\/td>\r\n<td class=\"has-text-align-center\" style=\"width: 58.6286%; height: 2520px;\" data-align=\"center\">\r\n<p><span style=\"font-family: verdana, geneva, sans-serif;\"><em><a href=\"https:\/\/joshin.eu\/word\/wp-content\/uploads\/2021\/02\/joshin.jpg\" target=\"_blank\" rel=\"noopener\"><img decoding=\"async\" class=\"aligncenter wp-image-3598\" src=\"https:\/\/joshin.eu\/word\/wp-content\/uploads\/2021\/02\/joshin.jpg\" alt=\"\" width=\"381\" height=\"621\" \/><\/a><\/em><\/span><span style=\"font-family: verdana, geneva, sans-serif; font-size: 20px;\"><span style=\"color: #800000;\"><span style=\"font-size: 24px;\">J<span class=\"titrerouge\">\u014d<\/span>shin D<span class=\"titrerouge\">\u014d<\/span>j<span class=\"titrerouge\">\u014d<\/span><\/span><br \/><\/span><\/span><\/p>\r\n<p><span style=\"font-family: verdana, geneva, sans-serif;\">Cr\u00e9\u00e9 en 2011 par<span style=\"color: #800000;\"><em> <a style=\"color: #800000;\" href=\"https:\/\/joshin.eu\/word\/index.php\/lenseignant\/\" target=\"_blank\" rel=\"noopener\">Luc Quaglia<\/a><\/em><\/span>, J<span class=\"titrerouge\">\u014d<\/span>shin D<span class=\"titrerouge\">\u014d<\/span>j<span class=\"titrerouge\">\u014d<\/span> voit le jour \u00e0 B\u00e2le (Suisse) et est transf\u00e9r\u00e9 au sein du <a href=\"https:\/\/foyerruralguimaec.fr\" target=\"_blank\" rel=\"noopener\">foyer rural de Guima\u00ebc<\/a> (France) en 2023.<\/span><\/p>\r\n<p><span style=\"font-family: verdana, geneva, sans-serif;\">En 2020, Luc re\u00e7oit le \u00ab\u00a0<span style=\"color: #800000;\"><a style=\"color: #800000;\" href=\"https:\/\/joshin.eu\/word\/wp-content\/uploads\/2020\/01\/SeiRyuKaiEuropeEn.pdf\" target=\"_blank\" rel=\"noopener\">Oku Iri<\/a><\/span>\u00a0\u00bb des mains de Pascal Krieger et rattache ainsi J<span class=\"titrerouge\">\u014d<\/span>shin \u00e0 Sei Ryu Kai Europe.<\/span><\/p>\r\n<p><span style=\"font-family: verdana, geneva, sans-serif;\">J<span class=\"titrerouge\">\u014d<\/span>shin enseigne l&rsquo;\u00e9cole traditionnelle Shint<span class=\"titrerouge\">\u014d<\/span> Mus<span class=\"titrerouge\">\u014d<\/span> Ryu, \u00e0 travers laquelle le b\u00e2ton (J<span class=\"titrerouge\">\u014d<\/span>) nous ouvre un des chemins de la voie (D<span class=\"titrerouge\">\u014d<\/span>). <\/span><br \/><span style=\"font-family: verdana, geneva, sans-serif;\">L&rsquo;enseignement dispens\u00e9 est celui de la <a title=\"FEJ\" href=\"https:\/\/www.fej.ch\" target=\"_blank\" rel=\"noopener\">F\u00e9d\u00e9ration Europ\u00e9enne de J\u014dd\u014d<\/a>.<\/span><\/p>\r\n<p><span style=\"font-family: verdana, geneva, sans-serif;\">Une r\u00e9flexion de Pascal Krieger:<\/span><\/p>\r\n<p><em><span style=\"font-family: verdana, geneva, sans-serif;\">\u00ab\u00a0En tant qu\u2019Europ\u00e9en, je pense que le devoir prioritaire des pratiquants non-Japonais est de<\/span><\/em><br \/><em><span style=\"font-family: verdana, geneva, sans-serif;\">rechercher dans ces arts les valeurs humaines universelles qui s\u2019y trouvent \u00e0 foison, telles que <\/span><span style=\"font-family: verdana, geneva, sans-serif;\">le courage, la bienveillance, la constance, l\u2019harmonie, l\u2019\u00e9l\u00e9gance, l\u2019honn\u00eatet\u00e9, le respect du <\/span><span style=\"font-family: verdana, geneva, sans-serif;\">lieu et de l\u2019adversaire, la connaissance du corps et de l\u2019esprit, le contr\u00f4le des \u00e9motions, la<\/span><\/em><br \/><em><span style=\"font-family: verdana, geneva, sans-serif;\">dignit\u00e9, et j\u2019en passe. Toutes ces valeurs sont universellement appr\u00e9ci\u00e9es, et par notre pratique <\/span><span style=\"font-family: verdana, geneva, sans-serif;\">s\u00e9rieuse et r\u00e9guli\u00e8re, nous pensons contribuer \u00e0 les propager par le biais sublime des <\/span><span style=\"font-family: verdana, geneva, sans-serif;\">disciplines et arts martiaux japonais pour que le monde soit plus paisible et plus responsable.\u00a0\u00bb<\/span><\/em><\/p>\r\n<p><em><span style=\"font-family: verdana, geneva, sans-serif;\">(voir aussi <a href=\"https:\/\/joshin.eu\/word\/index.php\/enseignement\/\" target=\"_blank\" rel=\"noopener noreferrer\">l&rsquo;enseignement de Shint<span class=\"titrerouge\">\u014d<\/span> Mus<span class=\"titrerouge\">\u014d<\/span> Ryu<\/a>)<\/span> <\/em><\/p>\r\n<p><em><a title=\"FEJ\" href=\"https:\/\/www.fej.ch\/\" target=\"_blank\" rel=\"noopener noreferrer\"><img loading=\"lazy\" decoding=\"async\" class=\"alignnone wp-image-345\" title=\"FEJ\" src=\"https:\/\/joshin.eu\/word\/wp-content\/uploads\/2019\/08\/fej-2.jpg\" alt=\"FEJ\" width=\"68\" height=\"93\" srcset=\"https:\/\/joshin.eu\/word\/wp-content\/uploads\/2019\/08\/fej-2.jpg 372w, https:\/\/joshin.eu\/word\/wp-content\/uploads\/2019\/08\/fej-2-220x300.jpg 220w\" sizes=\"(max-width: 68px) 100vw, 68px\" \/><\/a><\/em><\/p>\r\n<p><span style=\"font-family: verdana, geneva, sans-serif;\"><br \/><em><img loading=\"lazy\" decoding=\"async\" class=\"size-full wp-image-339 alignnone\" src=\"https:\/\/joshin.eu\/word\/wp-content\/uploads\/2019\/08\/introf-1.gif\" alt=\"\" width=\"85\" height=\"21\" \/><\/em><\/span><\/p>\r\n<p><span style=\"font-family: verdana, geneva, sans-serif; color: #800000; font-size: 24px;\">J<span class=\"titrerouge\">\u014d<\/span>shin ou \u00ab\u00a0L&rsquo;esprit du b\u00e2ton\u00a0\u00bb<br \/><img loading=\"lazy\" decoding=\"async\" class=\"aligncenter  wp-image-5642\" src=\"https:\/\/joshin.eu\/word\/wp-content\/uploads\/2026\/04\/joshin2.jpg\" alt=\"\" width=\"124\" height=\"209\" \/><br \/><\/span><\/p>\r\n<p><span style=\"font-family: verdana, geneva, sans-serif;\">Tout comme l&rsquo;arbre dont il est issu, le b\u00e2ton est vivant. Il a une histoire, une \u00e2me, une sensibilit\u00e9, un message \u00e0 transmettre&#8230;<br \/>Humble et accessible \u00e0 tous, il est un symbole pr\u00e9sent dans de nombreuses cultures par<\/span><span style=\"font-family: verdana, geneva, sans-serif;\"> de multiples repr\u00e9sentations, formes et longueurs.<br \/>\u00a0Il symbolise la simplicit\u00e9, le d\u00e9pouillement, la relation \u00e0 la terre, l&rsquo;intuition, la cr\u00e9ativit\u00e9, la fertilit\u00e9. Il est un signe distinctif de dignit\u00e9, un symbole de pouvoir, mais aussi de sagesse.<\/span><\/p>\r\n<p><span style=\"font-family: verdana, geneva, sans-serif;\"><img loading=\"lazy\" decoding=\"async\" class=\"aligncenter wp-image-4409 size-full\" src=\"https:\/\/joshin.eu\/word\/wp-content\/uploads\/2021\/05\/mon-1.gif\" alt=\"\" width=\"50\" height=\"40\" \/><\/span><\/p>\r\n<p><span style=\"font-family: verdana, geneva, sans-serif;\">Dans le Tarot, le b\u00e2ton est associ\u00e9 \u00e0 l&rsquo;\u00e9nergie cr\u00e9atrice.<br \/>Pr\u00e9sent dans l&rsquo;image du \u00ab\u00a0Mat\u00a0\u00bb, il symbolise le guide sur le chemin de l&rsquo;ind\u00e9pendance<em>.<\/em><\/span><span style=\"font-family: verdana, geneva, sans-serif;\"><a href=\"https:\/\/joshin.eu\/word\/wp-content\/uploads\/2021\/05\/mat.jpg\" target=\"_blank\" rel=\"noopener\"><img loading=\"lazy\" decoding=\"async\" class=\"aligncenter wp-image-4230\" src=\"https:\/\/joshin.eu\/word\/wp-content\/uploads\/2021\/05\/mat.jpg\" alt=\"\" width=\"125\" height=\"241\" srcset=\"https:\/\/joshin.eu\/word\/wp-content\/uploads\/2021\/05\/mat.jpg 176w, https:\/\/joshin.eu\/word\/wp-content\/uploads\/2021\/05\/mat-155x300.jpg 155w\" sizes=\"(max-width: 125px) 100vw, 125px\" \/><\/a><\/span><\/p>\r\n<p><span style=\"font-family: verdana, geneva, sans-serif;\"><em><img loading=\"lazy\" decoding=\"async\" class=\"aligncenter wp-image-4409 size-full\" src=\"https:\/\/joshin.eu\/word\/wp-content\/uploads\/2021\/05\/mon-1.gif\" alt=\"\" width=\"50\" height=\"40\" \/><\/em><\/span><\/p>\r\n<p><span style=\"font-family: verdana, geneva, sans-serif;\">Dans la tradition am\u00e9rindienne, il est celui qui transmet le droit et l&rsquo;invitation \u00e0 la parole.<br \/><\/span><\/p>\r\n<p><span style=\"font-family: verdana, geneva, sans-serif;\"><img loading=\"lazy\" decoding=\"async\" class=\"aligncenter wp-image-4409 size-full\" src=\"https:\/\/joshin.eu\/word\/wp-content\/uploads\/2021\/05\/mon-1.gif\" alt=\"\" width=\"50\" height=\"40\" \/><\/span><\/p>\r\n<p><span style=\"font-family: verdana, geneva, sans-serif;\">Dans la Cabale, le b\u00e2ton est reli\u00e9 \u00e0 l\u2019\u00e9nergie de la lettre \u00ab\u00a0Reish\u00a0\u00bb, \u00e0 la richesse du coeur et l&rsquo;abandon de l&rsquo;\u00e9go.<\/span><\/p>\r\n<p><span style=\"font-family: verdana, geneva, sans-serif;\">Ancr\u00e9 dans la terre, il fait jaillir le feu. <br \/>Il est le symbole unifiant<span dir=\"ltr\"> l\u2019arbre de vie et<\/span><span dir=\"ltr\"> l\u2019arbre de la connaissance, l&rsquo;<\/span>axe cosmique qui d\u00e9limite le temps et l\u2019espace, autour duquel s\u2019articule l\u2019univers, et tourne la roue cosmique des r\u00e9incarnations, des morts et des r\u00e9surrections.<\/span><\/p>\r\n<p><span style=\"font-family: verdana, geneva, sans-serif;\"><a href=\"https:\/\/joshin.eu\/word\/wp-content\/uploads\/2021\/05\/caducee.jpg\" target=\"_blank\" rel=\"noopener\"><img loading=\"lazy\" decoding=\"async\" class=\"aligncenter wp-image-4227 \" src=\"https:\/\/joshin.eu\/word\/wp-content\/uploads\/2021\/05\/caducee.jpg\" alt=\"\" width=\"228\" height=\"217\" \/><\/a><\/span><span style=\"font-family: verdana, geneva, sans-serif;\">L&rsquo;arbre met en relation les trois niveaux du cosmos. Il est le symbole par excellence de la vie en perp\u00e9tuelle \u00e9volution. Le d\u00e9roulement de son cycle annuel l&rsquo;associe tout naturellement \u00e0 la succession de la vie, de la mort et de la renaissance. <br \/>Le b\u00e2ton unifie le ciel \u00e0 la terre, les hommes \u00e0 Dieu et ainsi, symbolise l&rsquo;abandon de la dualit\u00e9.<\/span><\/p>\r\n<p><span style=\"font-family: verdana, geneva, sans-serif;\"><em><img loading=\"lazy\" decoding=\"async\" class=\"aligncenter wp-image-4409 size-full\" src=\"https:\/\/joshin.eu\/word\/wp-content\/uploads\/2021\/05\/mon-1.gif\" alt=\"\" width=\"50\" height=\"40\" \/><\/em><\/span><\/p>\r\n<p><span style=\"font-family: verdana, geneva, sans-serif;\">Le p\u00e8lerin s&rsquo;appuie sur son b\u00e2ton, comme le disciple s\u2019appuie sur les conseils de son Ma\u00eetre.<br \/>Fid\u00e8le compagnon qui l&rsquo;accompagne et le soutient sur sa route quotidienne, il est celui qui sonde son chemin et le prot\u00e8ge des mauvaises rencontres.<\/span><\/p>\r\n<p><span style=\"font-family: verdana, geneva, sans-serif;\"><img loading=\"lazy\" decoding=\"async\" class=\"aligncenter wp-image-4409 size-full\" src=\"https:\/\/joshin.eu\/word\/wp-content\/uploads\/2021\/05\/mon-1.gif\" alt=\"\" width=\"50\" height=\"40\" \/><\/span><\/p>\r\n<div class=\"ff2\"><span style=\"font-family: verdana, geneva, sans-serif;\"><span style=\"font-family: verdana, geneva, sans-serif;\"><span class=\"a\">L&rsquo;homme sans b\u00e2ton, serait celui qui a \u00e9gar\u00e9 <\/span><span class=\"a\">l&rsquo;usage du sens des r\u00e8gles et des valeurs qui, reliant les membres d&rsquo;un groupe social apaisent les rapports <\/span><span class=\"a\">entre individus.<\/span><\/span><\/span>\r\n<p><span style=\"font-family: verdana, geneva, sans-serif;\">Notre langue a pr\u00e9vu un terme pour d\u00e9signer celui qui ne poss\u00e8de pas ou qui a <span class=\"a\">perdu l&rsquo;appui d&rsquo;un b\u00e2ton. Ainsi, l<\/span><\/span><span style=\"font-family: verdana, geneva, sans-serif;\"><span class=\"a\">&lsquo;homme sans soutien devient cet exclu portant le beau nom d&rsquo; \u00ab\u00a0<\/span><span class=\"a\" style=\"color: #800000;\"><a style=\"color: #800000;\" href=\"https:\/\/joshin.eu\/word\/wp-content\/uploads\/2021\/05\/imbecile.jpg\" target=\"_blank\" rel=\"noopener\">imb\u00e9cile\u00a0\u00bb<\/a><\/span><span class=\"a\">. <\/span><\/span><\/p>\r\n<\/div>\r\n<div class=\"ff2\"><span style=\"font-family: verdana, geneva, sans-serif;\"><span class=\"a\">Comme l&rsquo;indique la pr\u00e9sence du pr\u00e9fixe privatif : <\/span><span class=\"a\">\u00ab\u00a0<\/span><span class=\"a\">im\u00a0\u00bb<\/span><span class=\"a\">, il est celui qui ne dispose plus du soutien du <\/span><span class=\"a\">\u00ab\u00a0baculum\u00a0\u00bb (b\u00e2ton)<\/span><span class=\"a\">. <br \/>Il agit sans la force des valeurs morales qui soutiennent l&rsquo;homme libre<\/span><span class=\"a\">.<\/span><\/span><\/div>\r\n<div>\u00a0<\/div>\r\n<div><img loading=\"lazy\" decoding=\"async\" class=\"aligncenter wp-image-4409 size-full\" src=\"https:\/\/joshin.eu\/word\/wp-content\/uploads\/2021\/05\/mon-1.gif\" alt=\"\" width=\"50\" height=\"40\" \/><\/div>\r\n<div>\u00a0<\/div>\r\n<div><span style=\"font-family: verdana, geneva, sans-serif;\"><a href=\"https:\/\/joshin.eu\/word\/wp-content\/uploads\/2021\/05\/arbrehomme.jpg\" target=\"_blank\" rel=\"noopener\"><img loading=\"lazy\" decoding=\"async\" class=\"aligncenter wp-image-4378\" src=\"https:\/\/joshin.eu\/word\/wp-content\/uploads\/2021\/05\/arbrehomme.jpg\" alt=\"\" width=\"251\" height=\"362\" srcset=\"https:\/\/joshin.eu\/word\/wp-content\/uploads\/2021\/05\/arbrehomme.jpg 567w, https:\/\/joshin.eu\/word\/wp-content\/uploads\/2021\/05\/arbrehomme-208x300.jpg 208w\" sizes=\"(max-width: 251px) 100vw, 251px\" \/><\/a><\/span><\/div>\r\n<p><span style=\"font-family: verdana, geneva, sans-serif;\"><em><img loading=\"lazy\" decoding=\"async\" class=\"aligncenter wp-image-4409 size-full\" src=\"https:\/\/joshin.eu\/word\/wp-content\/uploads\/2021\/05\/mon-1.gif\" alt=\"\" width=\"50\" height=\"40\" \/><\/em><\/span><\/p>\r\n<p><span style=\"font-family: verdana, geneva, sans-serif;\"><em>En Chine, on dit du b\u00e2ton qu&rsquo;il est <strong>\u00ab\u00a0<\/strong>la m\u00e8re de toutes les armes\u00a0\u00bb, car il fut la premi\u00e8re arme utilis\u00e9e depuis la nuit des temps.<\/em><\/span><\/p>\r\n<p><span style=\"font-family: verdana, geneva, sans-serif;\"><a href=\"https:\/\/joshin.eu\/word\/wp-content\/uploads\/2021\/05\/shaolin-staff.jpg\" target=\"_blank\" rel=\"noopener\"><img loading=\"lazy\" decoding=\"async\" class=\"aligncenter wp-image-4223\" src=\"https:\/\/joshin.eu\/word\/wp-content\/uploads\/2021\/05\/shaolin-staff.jpg\" alt=\"\" width=\"256\" height=\"255\" srcset=\"https:\/\/joshin.eu\/word\/wp-content\/uploads\/2021\/05\/shaolin-staff.jpg 768w, https:\/\/joshin.eu\/word\/wp-content\/uploads\/2021\/05\/shaolin-staff-300x300.jpg 300w, https:\/\/joshin.eu\/word\/wp-content\/uploads\/2021\/05\/shaolin-staff-150x150.jpg 150w\" sizes=\"(max-width: 256px) 100vw, 256px\" \/><\/a><em>Le roi Jinnaluo et son b\u00e2ton<\/em><em><img loading=\"lazy\" decoding=\"async\" class=\"aligncenter wp-image-4409 size-full\" src=\"https:\/\/joshin.eu\/word\/wp-content\/uploads\/2021\/05\/mon-1.gif\" alt=\"\" width=\"50\" height=\"40\" \/><\/em><\/span><\/p>\r\n<p><span style=\"font-family: verdana, geneva, sans-serif;\"><em>(Pour plus d&rsquo;histoires sur le b\u00e2ton&#8230;<\/em><a href=\"http:\/\/www.crcb.org\"><em><span style=\"color: #800000;\">Centre de Recherche sur la Canne et le B\u00e2ton.<\/span><\/em><\/a>)<\/span><\/p>\r\n<p><span style=\"font-family: verdana, geneva, sans-serif;\"><em><img loading=\"lazy\" decoding=\"async\" class=\"aligncenter size-full wp-image-1781\" src=\"https:\/\/joshin.eu\/word\/wp-content\/uploads\/2019\/11\/lignedeco.png\" alt=\"\" width=\"567\" height=\"23\" srcset=\"https:\/\/joshin.eu\/word\/wp-content\/uploads\/2019\/11\/lignedeco.png 567w, https:\/\/joshin.eu\/word\/wp-content\/uploads\/2019\/11\/lignedeco-300x12.png 300w\" sizes=\"(max-width: 567px) 100vw, 567px\" \/><\/em><\/span><\/p>\r\n<table style=\"width: 100%;\">\r\n<tbody>\r\n<tr>\r\n<td style=\"width: 31.5394%;\"><span style=\"font-family: verdana, geneva, sans-serif;\"><em><img loading=\"lazy\" decoding=\"async\" class=\"aligncenter wp-image-125\" src=\"https:\/\/joshin.eu\/word\/wp-content\/uploads\/2019\/04\/206.png\" alt=\"\" width=\"64\" height=\"51\" srcset=\"https:\/\/joshin.eu\/word\/wp-content\/uploads\/2019\/04\/206.png 1888w, https:\/\/joshin.eu\/word\/wp-content\/uploads\/2019\/04\/206-300x240.png 300w, https:\/\/joshin.eu\/word\/wp-content\/uploads\/2019\/04\/206-768x614.png 768w, https:\/\/joshin.eu\/word\/wp-content\/uploads\/2019\/04\/206-1024x819.png 1024w, https:\/\/joshin.eu\/word\/wp-content\/uploads\/2019\/04\/206-375x300.png 375w\" sizes=\"(max-width: 64px) 100vw, 64px\" \/><\/em><\/span><\/td>\r\n<td style=\"width: 36.0452%;\"><span style=\"font-family: verdana, geneva, sans-serif;\"><em><a href=\"https:\/\/joshin.eu\/word\/wp-content\/uploads\/2019\/08\/joshin-pk.gif\"><img loading=\"lazy\" decoding=\"async\" class=\"aligncenter wp-image-336\" src=\"https:\/\/joshin.eu\/word\/wp-content\/uploads\/2019\/08\/joshin-pk.gif\" alt=\"\" width=\"116\" height=\"456\" \/><\/a><\/em>J<span class=\"titrerouge\">\u014d<\/span>shin D<span class=\"titrerouge\">\u014d<\/span>j<span class=\"titrerouge\">\u014d<\/span><em><span class=\"titrerouge\"><br \/><span style=\"font-size: 12px;\">calligraphie P. Krieger<\/span><\/span><\/em><\/span><\/td>\r\n<td style=\"width: 31.0388%;\"><span style=\"font-family: verdana, geneva, sans-serif;\"><em><img loading=\"lazy\" decoding=\"async\" class=\"aligncenter wp-image-125\" src=\"https:\/\/joshin.eu\/word\/wp-content\/uploads\/2019\/04\/206.png\" alt=\"\" width=\"64\" height=\"51\" srcset=\"https:\/\/joshin.eu\/word\/wp-content\/uploads\/2019\/04\/206.png 1888w, https:\/\/joshin.eu\/word\/wp-content\/uploads\/2019\/04\/206-300x240.png 300w, https:\/\/joshin.eu\/word\/wp-content\/uploads\/2019\/04\/206-768x614.png 768w, https:\/\/joshin.eu\/word\/wp-content\/uploads\/2019\/04\/206-1024x819.png 1024w, https:\/\/joshin.eu\/word\/wp-content\/uploads\/2019\/04\/206-375x300.png 375w\" sizes=\"(max-width: 64px) 100vw, 64px\" \/><\/em><\/span><\/td>\r\n<\/tr>\r\n<\/tbody>\r\n<\/table>\r\n<p><span style=\"font-family: verdana, geneva, sans-serif;\"><em><img loading=\"lazy\" decoding=\"async\" class=\"alignnone size-full wp-image-339 aligncenter\" src=\"https:\/\/joshin.eu\/word\/wp-content\/uploads\/2019\/08\/introf-1.gif\" alt=\"\" width=\"85\" height=\"21\" \/><\/em><\/span><\/p>\r\n<table>\r\n<tbody>\r\n<tr>\r\n<td colspan=\"3\"><span style=\"font-family: verdana, geneva, sans-serif;\"><img loading=\"lazy\" decoding=\"async\" class=\"aligncenter size-full wp-image-2166\" src=\"https:\/\/joshin.eu\/word\/wp-content\/uploads\/2019\/11\/ligne.gif\" alt=\"\" width=\"800\" height=\"10\" \/><\/span><\/td>\r\n<\/tr>\r\n<tr>\r\n<td colspan=\"3\">\r\n<p><span style=\"font-family: verdana, geneva, sans-serif;\"><em><img loading=\"lazy\" decoding=\"async\" class=\"wp-image-339 aligncenter\" src=\"https:\/\/joshin.eu\/word\/wp-content\/uploads\/2019\/08\/introf-1.gif\" alt=\"\" width=\"58\" height=\"9\" \/><\/em><em>Remerciements<\/em><em><img loading=\"lazy\" decoding=\"async\" class=\"wp-image-339 aligncenter\" src=\"https:\/\/joshin.eu\/word\/wp-content\/uploads\/2019\/08\/introf-1.gif\" alt=\"\" width=\"58\" height=\"9\" \/><\/em><\/span><\/p>\r\n<p><span style=\"font-family: verdana, geneva, sans-serif;\">J\u014dshin salue et remercie chaleureusement tous ceux et celles qui nous enseignent et nous guident dans notre pratique.<\/span><br \/><span style=\"font-family: verdana, geneva, sans-serif;\">Ceux et celles qui perp\u00e9tuent l&rsquo;existence et la transmission de notre ryu. <\/span><br \/><span style=\"font-family: verdana, geneva, sans-serif;\">Ceux et celles qui nous soutiennent et nous aident dans l&rsquo;organisation de nos entrainements et dans la vie du dojo.<\/span><br \/><span style=\"font-family: verdana, geneva, sans-serif;\">Ceux et celles, qui avec nous, partagent ces moments de vie et d&rsquo;\u00e9tude, et avec lesquels nous avons le plaisir de nous entrainer r\u00e9guli\u00e8rement.<\/span><\/p>\r\n<p><span style=\"font-family: verdana, geneva, sans-serif;\">Et plus particuli\u00e8rement:<\/span><\/p>\r\n<p><span style=\"font-family: verdana, geneva, sans-serif;\"><a href=\"https:\/\/www.fej.ch\/fr\/ens-pkrieger.htm\" target=\"_blank\" rel=\"noopener\"><u><span style=\"color: #000000;\">Pascal Krieger<\/span><\/u><\/a><span style=\"color: #000000;\">,<\/span> pour la g\u00e9n\u00e9rosit\u00e9 de son enseignement, sa sagesse et ses calligraphies qui nous accompagnent et nous inspirent dans notre pratique.<br \/><span style=\"color: #000000;\"><a style=\"color: #000000;\" href=\"https:\/\/www.fej.ch\/fr\/ens-mducret.htm\" target=\"_blank\" rel=\"noopener\"><u>Michel Ducret<\/u><\/a><\/span>, pour son enseignement, sa bienveillance et ses visites pour animer certains de nos stages.<br \/><a href=\"https:\/\/www.fej.ch\/fr\/ens-ygalley.htm\" target=\"_blank\" rel=\"noopener\"><u><span style=\"color: #000000;\">Yves Galley<\/span><\/u><\/a><span style=\"color: #000000;\">,<\/span> pour son enseignement et sa disponibilit\u00e9 envers J\u00f4shin comme r\u00e9f\u00e9rent direct au sein de la FEJ. Yves anime r\u00e9guli\u00e8rement nos Gasshuku.<br \/><a href=\"http:\/\/renaidanse.org\/page\/fr\/vd.html\" target=\"_blank\" rel=\"noopener\"><u><span style=\"color: #000000;\">V\u00e9ronique Daniels<\/span><\/u><\/a>, qui nous aide au quotidien et veille sur le groupe avec tant de bienveillance.<\/span><\/p>\r\n<\/td>\r\n<\/tr>\r\n<\/tbody>\r\n<\/table>\r\n<\/td>\r\n<td style=\"width: 1.17786%; height: 2520px;\"><span style=\"font-family: verdana, geneva, sans-serif;\">\u00a0<\/span><\/td>\r\n<\/tr>\r\n<tr style=\"height: 10px;\">\r\n<td style=\"width: 60.9969%; height: 10px;\" colspan=\"3\"><span style=\"font-family: verdana, geneva, sans-serif;\"><img loading=\"lazy\" decoding=\"async\" class=\"aligncenter size-full wp-image-1785\" src=\"https:\/\/joshin.eu\/word\/wp-content\/uploads\/2019\/11\/lignedeco2.png\" alt=\"\" width=\"567\" height=\"23\" srcset=\"https:\/\/joshin.eu\/word\/wp-content\/uploads\/2019\/11\/lignedeco2.png 567w, https:\/\/joshin.eu\/word\/wp-content\/uploads\/2019\/11\/lignedeco2-300x12.png 300w\" sizes=\"(max-width: 567px) 100vw, 567px\" \/><\/span><\/td>\r\n<\/tr>\r\n<tr style=\"height: 57px;\">\r\n<td style=\"width: 60.9969%; height: 57px;\" colspan=\"3\">\r\n<p><span style=\"font-family: verdana, geneva, sans-serif;\"><img loading=\"lazy\" decoding=\"async\" class=\"alignnone size-full wp-image-339 aligncenter\" src=\"https:\/\/joshin.eu\/word\/wp-content\/uploads\/2019\/08\/introf-1.gif\" alt=\"\" width=\"85\" height=\"21\" \/><\/span><\/p>\r\n<\/td>\r\n<\/tr>\r\n<\/tbody>\r\n<\/table>\r\n<div class=\"wp-block-image is-style-rounded\">\r\n<figure class=\"aligncenter size-full\"><img loading=\"lazy\" decoding=\"async\" width=\"1010\" height=\"40\" class=\"wp-image-4766\" src=\"https:\/\/joshin.eu\/word\/wp-content\/uploads\/2023\/06\/smr.jpg\" alt=\"\" srcset=\"https:\/\/joshin.eu\/word\/wp-content\/uploads\/2023\/06\/smr.jpg 1010w, https:\/\/joshin.eu\/word\/wp-content\/uploads\/2023\/06\/smr-300x12.jpg 300w, https:\/\/joshin.eu\/word\/wp-content\/uploads\/2023\/06\/smr-768x30.jpg 768w\" sizes=\"(max-width: 1010px) 100vw, 1010px\" \/><\/figure>\r\n<\/div>","protected":false},"excerpt":{"rendered":"<p>\u00a0 J\u014dshin D\u014dj\u014d Cr\u00e9\u00e9 en 2011 par Luc Quaglia, J\u014dshin D\u014dj\u014d voit le jour \u00e0 B\u00e2le (Suisse) et est transf\u00e9r\u00e9 au sein du foyer rural de Guima\u00ebc (France) en 2023. En 2020, Luc re\u00e7oit le \u00ab\u00a0Oku Iri\u00a0\u00bb des mains de Pascal Krieger et rattache ainsi J\u014dshin \u00e0 Sei Ryu Kai Europe. J\u014dshin enseigne l&rsquo;\u00e9cole traditionnelle [&hellip;]<\/p>\n","protected":false},"author":1,"featured_media":3764,"parent":0,"menu_order":0,"comment_status":"closed","ping_status":"closed","template":"","meta":{"_crdt_document":"","footnotes":""},"class_list":["post-3827","page","type-page","status-publish","has-post-thumbnail","hentry"],"_links":{"self":[{"href":"https:\/\/joshin.eu\/word\/index.php\/wp-json\/wp\/v2\/pages\/3827","targetHints":{"allow":["GET"]}}],"collection":[{"href":"https:\/\/joshin.eu\/word\/index.php\/wp-json\/wp\/v2\/pages"}],"about":[{"href":"https:\/\/joshin.eu\/word\/index.php\/wp-json\/wp\/v2\/types\/page"}],"author":[{"embeddable":true,"href":"https:\/\/joshin.eu\/word\/index.php\/wp-json\/wp\/v2\/users\/1"}],"replies":[{"embeddable":true,"href":"https:\/\/joshin.eu\/word\/index.php\/wp-json\/wp\/v2\/comments?post=3827"}],"version-history":[{"count":262,"href":"https:\/\/joshin.eu\/word\/index.php\/wp-json\/wp\/v2\/pages\/3827\/revisions"}],"predecessor-version":[{"id":5643,"href":"https:\/\/joshin.eu\/word\/index.php\/wp-json\/wp\/v2\/pages\/3827\/revisions\/5643"}],"wp:featuredmedia":[{"embeddable":true,"href":"https:\/\/joshin.eu\/word\/index.php\/wp-json\/wp\/v2\/media\/3764"}],"wp:attachment":[{"href":"https:\/\/joshin.eu\/word\/index.php\/wp-json\/wp\/v2\/media?parent=3827"}],"curies":[{"name":"wp","href":"https:\/\/api.w.org\/{rel}","templated":true}]}}