{"id":3467,"date":"2020-11-25T17:11:38","date_gmt":"2020-11-25T16:11:38","guid":{"rendered":"http:\/\/joshin.eu\/word\/?page_id=3467"},"modified":"2026-01-15T17:45:43","modified_gmt":"2026-01-15T16:45:43","slug":"calendrier-des-stages","status":"publish","type":"page","link":"https:\/\/joshin.eu\/word\/index.php\/calendrier-des-stages\/","title":{"rendered":"Stages et ateliers"},"content":{"rendered":"<div class=\"wp-block-image is-style-rounded\">\r\n<figure class=\"aligncenter size-large\"><img decoding=\"async\" width=\"1024\" height=\"44\" class=\"wp-image-3899\" src=\"https:\/\/joshin.eu\/word\/wp-content\/uploads\/2021\/04\/joshin-dojo-titre-2-1024x44.jpg\" alt=\"\" srcset=\"https:\/\/joshin.eu\/word\/wp-content\/uploads\/2021\/04\/joshin-dojo-titre-2-1024x44.jpg 1024w, https:\/\/joshin.eu\/word\/wp-content\/uploads\/2021\/04\/joshin-dojo-titre-2-300x13.jpg 300w, https:\/\/joshin.eu\/word\/wp-content\/uploads\/2021\/04\/joshin-dojo-titre-2-768x33.jpg 768w, https:\/\/joshin.eu\/word\/wp-content\/uploads\/2021\/04\/joshin-dojo-titre-2-1536x66.jpg 1536w, https:\/\/joshin.eu\/word\/wp-content\/uploads\/2021\/04\/joshin-dojo-titre-2-2048x88.jpg 2048w\" sizes=\"(max-width: 1024px) 100vw, 1024px\" \/><\/figure>\r\n<\/div>\r\n\r\n<div class=\"wp-block-image is-resized\">\r\n<figure class=\"aligncenter size-large\"><img fetchpriority=\"high\" decoding=\"async\" width=\"1024\" height=\"819\" class=\"wp-image-130 aligncenter\" style=\"width: 95px; height: auto;\" src=\"https:\/\/joshin.eu\/word\/wp-content\/uploads\/2019\/04\/93-1024x819.png\" alt=\"\" srcset=\"https:\/\/joshin.eu\/word\/wp-content\/uploads\/2019\/04\/93-1024x819.png 1024w, https:\/\/joshin.eu\/word\/wp-content\/uploads\/2019\/04\/93-300x240.png 300w, https:\/\/joshin.eu\/word\/wp-content\/uploads\/2019\/04\/93-768x614.png 768w, https:\/\/joshin.eu\/word\/wp-content\/uploads\/2019\/04\/93-375x300.png 375w, https:\/\/joshin.eu\/word\/wp-content\/uploads\/2019\/04\/93.png 1888w\" sizes=\"(max-width: 1024px) 100vw, 1024px\" \/><\/figure>\r\n<\/div>\r\n\r\n<div class=\"wp-block-image\">\r\n<figure class=\"aligncenter size-large\"><img decoding=\"async\" width=\"85\" height=\"21\" class=\"wp-image-339 aligncenter\" src=\"https:\/\/joshin.eu\/word\/wp-content\/uploads\/2019\/08\/introf-1.gif\" alt=\"\" \/><\/figure>\r\n<\/div>\r\n\r\n\r\n<h2 class=\"wp-block-heading has-text-align-center\" style=\"text-align: center;\"><span style=\"font-family: verdana, geneva, sans-serif;\">Ateliers \u00ab\u00a0Dimanches Shint\u014d Mus\u014d Ryu\u00a0\u00bb \u00e0 Guimaec<\/span><\/h2>\r\n<p style=\"text-align: center;\"><span style=\"font-family: verdana, geneva, sans-serif;\">Chaque dernier dimanche du mois, J\u014dshin propose un atelier avec un th\u00e8me.<\/span><\/p>\r\n<p style=\"text-align: center;\"><span style=\"font-family: verdana, geneva, sans-serif;\">Ces ateliers sont ouverts \u00e0 tous.\u00a0<\/span><\/p>\r\n<p style=\"text-align: center;\"><span style=\"font-family: verdana, geneva, sans-serif;\"><br \/><span style=\"font-size: 20px;\"><em><strong>Le prochain atelier aura lieu le dimanche 25 Janvier<\/strong><\/em><\/span><\/span><\/p>\r\n<p style=\"text-align: center;\"><span style=\"font-family: verdana, geneva, sans-serif;\"><br \/>A travers le maniement de diff\u00e9rentes armes (Jo, Ken, Tanjo, Naginata,&#8230;) diff\u00e9rents th\u00e8mes ou principes sont abord\u00e9s tels que:<\/span><\/p>\r\n<p style=\"text-align: center;\"><span style=\"font-family: verdana, geneva, sans-serif;\"> \u00ab\u00a0Ki Ken Ta\u00ef Ichi\u00a0\u00bb, \u00ab\u00a0Ki Musubi\u00a0\u00bb, \u00ab\u00a0Zanhin\u00a0\u00bb, \u00ab\u00a0Ma-a\u00ef\u00a0\u00bb, \u00ab\u00a0Seme\u00a0\u00bb,&#8230;<\/span><\/p>\r\n<p style=\"text-align: center;\">\u00a0<\/p>\r\n<p style=\"text-align: center;\"><span style=\"font-family: verdana, geneva, sans-serif;\">Pour les d\u00e9butants, ces ateliers sont une premi\u00e8re initiation et permettent d&rsquo;entrevoir la diversit\u00e9 de l&rsquo;\u00e9cole.<\/span><\/p>\r\n<p style=\"text-align: center;\"><span style=\"font-family: verdana, geneva, sans-serif;\">Pour les plus avanc\u00e9s, un perfectionnement des techniques.<\/span><\/p>\r\n<p style=\"text-align: center;\"><span style=\"font-family: verdana, geneva, sans-serif;\">Pour tous, un temps d&rsquo;\u00e9change et un moment convivial.<\/span><\/p>\r\n<p style=\"text-align: center;\">\u00a0<\/p>\r\n\r\n\r\n<div class=\"wp-block-image\">\r\n<figure class=\"aligncenter size-large is-resized\"><img loading=\"lazy\" decoding=\"async\" class=\"aligncenter wp-image-5639 size-medium\" style=\"width: 366px; height: auto;\" src=\"https:\/\/joshin.eu\/word\/wp-content\/uploads\/2026\/01\/atelier-diamanche-212x300.jpg\" alt=\"\" width=\"212\" height=\"300\" srcset=\"https:\/\/joshin.eu\/word\/wp-content\/uploads\/2026\/01\/atelier-diamanche-212x300.jpg 212w, https:\/\/joshin.eu\/word\/wp-content\/uploads\/2026\/01\/atelier-diamanche-724x1024.jpg 724w, https:\/\/joshin.eu\/word\/wp-content\/uploads\/2026\/01\/atelier-diamanche-768x1087.jpg 768w, https:\/\/joshin.eu\/word\/wp-content\/uploads\/2026\/01\/atelier-diamanche-1085x1536.jpg 1085w, https:\/\/joshin.eu\/word\/wp-content\/uploads\/2026\/01\/atelier-diamanche.jpg 1240w\" sizes=\"(max-width: 212px) 100vw, 212px\" \/><\/figure>\r\n<p style=\"text-align: center;\"><a href=\"mailto:info@joshin.eu\"><span style=\"font-family: verdana, geneva, sans-serif;\">N&rsquo;h\u00e9sitez pas \u00e0 nous contacter pour plus d&rsquo;informations<\/span><\/a><\/p>\r\n<p>&nbsp;<\/p>\r\n<p><img loading=\"lazy\" decoding=\"async\" class=\"wp-image-339 aligncenter\" src=\"https:\/\/joshin.eu\/word\/wp-content\/uploads\/2019\/08\/introf-1.gif\" alt=\"\" width=\"85\" height=\"21\" \/><\/p>\r\n<p>&nbsp;<\/p>\r\n<p>&nbsp;<\/p>\r\n<\/div>\r\n\r\n\r\n<p class=\"has-text-align-center wp-block-paragraph\" style=\"text-align: center;\"><span style=\"font-family: verdana, geneva, sans-serif;\">Pour les autres stages merci de consulter <a href=\"https:\/\/www.fej.ch\/fr\/calendrier.htm\">le calendrier de la FEJ<\/a><\/span><\/p>\r\n<p>&nbsp;<\/p>\r\n\r\n<figure class=\"wp-block-table aligncenter is-style-stripes\"><\/figure>\r\n<div class=\"wp-block-image is-style-rounded\">\r\n<figure class=\"aligncenter size-full\"><img loading=\"lazy\" decoding=\"async\" width=\"1010\" height=\"40\" class=\"wp-image-4766 aligncenter\" src=\"https:\/\/joshin.eu\/word\/wp-content\/uploads\/2023\/06\/smr.jpg\" alt=\"\" srcset=\"https:\/\/joshin.eu\/word\/wp-content\/uploads\/2023\/06\/smr.jpg 1010w, https:\/\/joshin.eu\/word\/wp-content\/uploads\/2023\/06\/smr-300x12.jpg 300w, https:\/\/joshin.eu\/word\/wp-content\/uploads\/2023\/06\/smr-768x30.jpg 768w\" sizes=\"(max-width: 1010px) 100vw, 1010px\" \/><\/figure>\r\n<\/div>","protected":false},"excerpt":{"rendered":"<p>Ateliers \u00ab\u00a0Dimanches Shint\u014d Mus\u014d Ryu\u00a0\u00bb \u00e0 Guimaec Chaque dernier dimanche du mois, J\u014dshin propose un atelier avec un th\u00e8me. Ces ateliers sont ouverts \u00e0 tous.\u00a0 Le prochain atelier aura lieu le dimanche 25 Janvier A travers le maniement de diff\u00e9rentes armes (Jo, Ken, Tanjo, Naginata,&#8230;) diff\u00e9rents th\u00e8mes ou principes sont abord\u00e9s tels que: \u00ab\u00a0Ki Ken [&hellip;]<\/p>\n","protected":false},"author":1,"featured_media":3745,"parent":0,"menu_order":0,"comment_status":"closed","ping_status":"closed","template":"","meta":{"_crdt_document":"","footnotes":""},"class_list":["post-3467","page","type-page","status-publish","has-post-thumbnail","hentry"],"_links":{"self":[{"href":"https:\/\/joshin.eu\/word\/index.php\/wp-json\/wp\/v2\/pages\/3467","targetHints":{"allow":["GET"]}}],"collection":[{"href":"https:\/\/joshin.eu\/word\/index.php\/wp-json\/wp\/v2\/pages"}],"about":[{"href":"https:\/\/joshin.eu\/word\/index.php\/wp-json\/wp\/v2\/types\/page"}],"author":[{"embeddable":true,"href":"https:\/\/joshin.eu\/word\/index.php\/wp-json\/wp\/v2\/users\/1"}],"replies":[{"embeddable":true,"href":"https:\/\/joshin.eu\/word\/index.php\/wp-json\/wp\/v2\/comments?post=3467"}],"version-history":[{"count":138,"href":"https:\/\/joshin.eu\/word\/index.php\/wp-json\/wp\/v2\/pages\/3467\/revisions"}],"predecessor-version":[{"id":5640,"href":"https:\/\/joshin.eu\/word\/index.php\/wp-json\/wp\/v2\/pages\/3467\/revisions\/5640"}],"wp:featuredmedia":[{"embeddable":true,"href":"https:\/\/joshin.eu\/word\/index.php\/wp-json\/wp\/v2\/media\/3745"}],"wp:attachment":[{"href":"https:\/\/joshin.eu\/word\/index.php\/wp-json\/wp\/v2\/media?parent=3467"}],"curies":[{"name":"wp","href":"https:\/\/api.w.org\/{rel}","templated":true}]}}