{"id":283,"date":"2019-08-13T14:46:06","date_gmt":"2019-08-13T12:46:06","guid":{"rendered":"http:\/\/joshin.eu\/word\/?page_id=283"},"modified":"2023-08-13T17:11:17","modified_gmt":"2023-08-13T15:11:17","slug":"partenaires","status":"publish","type":"page","link":"https:\/\/joshin.eu\/word\/index.php\/partenaires\/","title":{"rendered":"Les partenaires"},"content":{"rendered":"<div class=\"wp-block-image\">\n<figure class=\"aligncenter size-large is-resized\"><img decoding=\"async\" src=\"https:\/\/joshin.eu\/word\/wp-content\/uploads\/2019\/04\/225-1024x770.png\" alt=\"\" class=\"wp-image-124\" style=\"width:118px;height:89px\" width=\"118\" height=\"89\" srcset=\"https:\/\/joshin.eu\/word\/wp-content\/uploads\/2019\/04\/225-1024x770.png 1024w, https:\/\/joshin.eu\/word\/wp-content\/uploads\/2019\/04\/225-300x225.png 300w, https:\/\/joshin.eu\/word\/wp-content\/uploads\/2019\/04\/225-768x577.png 768w, https:\/\/joshin.eu\/word\/wp-content\/uploads\/2019\/04\/225-399x300.png 399w, https:\/\/joshin.eu\/word\/wp-content\/uploads\/2019\/04\/225.png 1461w\" sizes=\"(max-width: 118px) 100vw, 118px\" \/><\/figure>\n<\/div>\n\n<div class=\"wp-block-image is-style-rounded\">\n<figure class=\"aligncenter size-large\"><img decoding=\"async\" width=\"1024\" height=\"44\" src=\"https:\/\/joshin.eu\/word\/wp-content\/uploads\/2021\/04\/joshin-dojo-titre-2-1024x44.jpg\" alt=\"\" class=\"wp-image-3899\" srcset=\"https:\/\/joshin.eu\/word\/wp-content\/uploads\/2021\/04\/joshin-dojo-titre-2-1024x44.jpg 1024w, https:\/\/joshin.eu\/word\/wp-content\/uploads\/2021\/04\/joshin-dojo-titre-2-300x13.jpg 300w, https:\/\/joshin.eu\/word\/wp-content\/uploads\/2021\/04\/joshin-dojo-titre-2-768x33.jpg 768w, https:\/\/joshin.eu\/word\/wp-content\/uploads\/2021\/04\/joshin-dojo-titre-2-1536x66.jpg 1536w, https:\/\/joshin.eu\/word\/wp-content\/uploads\/2021\/04\/joshin-dojo-titre-2-2048x88.jpg 2048w\" sizes=\"(max-width: 1024px) 100vw, 1024px\" \/><\/figure>\n<\/div>\n\n<figure class=\"wp-block-table aligncenter\">\n<table style=\"height: 675px; width: 100%; border-style: none;\">\n<tbody>\n<tr style=\"height: 136px;\">\n<td style=\"text-align: center; width: 74.6552%; height: 136px;\"><span style=\"font-family: verdana,geneva,sans-serif; font-size: 20px;\"><br \/><a href=\"http:\/\/www.japankimono.eu\"><span style=\"color: #800000;\">Japan Kimono<\/span><\/a><br \/><\/span><em><span style=\"font-family: verdana,geneva,sans-serif;\">\u00ab\u00a0The art of Kimono\u00a0\u00bb<\/span><\/em><br \/><span style=\"font-family: verdana,geneva,sans-serif;\">Au sein de l&rsquo;association <a title=\"Association d\u00f4\" href=\"http:\/\/d\u00f4.eu\" target=\"_blank\" rel=\"noopener noreferrer\"><strong><span style=\"color: #000000;\">d<\/span><span class=\"titrerouge\"><span style=\"color: #ff0000;\">\u014d<\/span><\/span><\/strong><\/a>, <span style=\"color: #800000;\"><a style=\"color: #800000;\" href=\"http:\/\/www.japankimono.eu\" target=\"_blank\" rel=\"noopener noreferrer\">JapanKimono<\/a><\/span> vous propose de d\u00e9couvrir sa collection de kimono, de textiles, de obi, de kakejiku&#8230;<br \/><\/span><\/td>\n<td style=\"width: 25.1724%; height: 136px;\"><a href=\"http:\/\/www.japankimono.eu\" target=\"_blank\" rel=\"blank noopener\"><img decoding=\"async\" class=\"aligncenter wp-image-1847\" src=\"https:\/\/joshin.eu\/word\/wp-content\/uploads\/2019\/11\/JapanKimono-300x259.png\" alt=\"\" width=\"162\" height=\"140\" srcset=\"https:\/\/joshin.eu\/word\/wp-content\/uploads\/2019\/11\/JapanKimono-300x259.png 300w, https:\/\/joshin.eu\/word\/wp-content\/uploads\/2019\/11\/JapanKimono-768x663.png 768w, https:\/\/joshin.eu\/word\/wp-content\/uploads\/2019\/11\/JapanKimono.png 906w\" sizes=\"(max-width: 162px) 100vw, 162px\" \/><\/a><\/td>\n<\/tr>\n<tr style=\"height: 126px;\">\n<td style=\"text-align: center; width: 74.6552%; height: 126px;\" colspan=\"2\"><strong><img loading=\"lazy\" decoding=\"async\" class=\"aligncenter wp-image-2166 size-full\" src=\"https:\/\/joshin.eu\/word\/wp-content\/uploads\/2019\/11\/ligne.gif\" alt=\"\" width=\"800\" height=\"10\" \/><\/strong><\/td>\n<\/tr>\n<tr style=\"height: 136px;\">\n<td style=\"text-align: center; width: 74.6552%; height: 136px;\"><span style=\"font-family: verdana, geneva, sans-serif; font-size: 28px;\"><span style=\"color: #800000;\"><a title=\"Association d\u00f4\" href=\"http:\/\/d\u00f4.eu\" target=\"_blank\" rel=\"noopener noreferrer\"><span style=\"color: #000000;\">d<\/span><span class=\"titrerouge\" style=\"color: #ff0000;\">\u014d<\/span><\/a> <\/span><\/span><br \/><span style=\"font-family: verdana,geneva,sans-serif;\">L&rsquo;association regroupe diff\u00e9rentes activit\u00e9s autour de la notion de \u00ab\u00a0la voie\u00a0\u00bb. <\/span><br \/><span style=\"font-family: verdana,geneva,sans-serif;\">Des expos, des stages, des rencontres&#8230;<\/span><\/td>\n<td style=\"width: 25.1724%; height: 136px;\"><a href=\"http:\/\/www.d\u00f4.eu\" target=\"_blank\" rel=\"noopener noreferrer\"><img loading=\"lazy\" decoding=\"async\" class=\"wp-image-314 aligncenter\" style=\"width: 177px;\" src=\"https:\/\/joshin.eu\/word\/wp-content\/uploads\/2019\/08\/do72.gif\" alt=\"\" width=\"606\" height=\"140\" \/><\/a><\/td>\n<\/tr>\n<tr style=\"height: 27px;\">\n<td style=\"text-align: center; width: 74.6552%; height: 27px;\" colspan=\"2\"><span style=\"font-family: verdana,geneva,sans-serif;\"><span style=\"color: #800000; font-size: 24px;\"><strong><span style=\"color: #000000;\"><img loading=\"lazy\" decoding=\"async\" class=\"aligncenter wp-image-2166 size-full\" src=\"https:\/\/joshin.eu\/word\/wp-content\/uploads\/2019\/11\/ligne.gif\" alt=\"\" width=\"800\" height=\"10\" \/><\/span><\/strong><\/span><\/span><\/td>\n<\/tr>\n<tr style=\"height: 250px;\">\n<td style=\"text-align: center; width: 74.6552%; height: 250px;\">\n<p><span style=\"font-family: verdana,geneva,sans-serif;\"><span style=\"color: #800000; font-size: 24px;\"><a style=\"color: #800000;\" href=\"http:\/\/www.jaws.ch\/\" target=\"_blank\" rel=\"noopener noreferrer\">Jaws<\/a><strong><span style=\"color: #000000;\"><br \/><\/span><\/strong><\/span><\/span><\/p>\n<p><span style=\"font-family: verdana, geneva, sans-serif;\">Bo vous re\u00e7oit et vous fait d\u00e9couvrir ses diff\u00e9rentes lames.<br \/>Chinoises ou Japonaises, pour diff\u00e9rentes bourses&#8230;<\/span><\/p>\n<p><span style=\"font-family: verdana, geneva, sans-serif;\">Gempenstrasse 70<\/span><br \/><span style=\"font-family: verdana, geneva, sans-serif;\">4053 Basel<\/span><\/p>\n<\/td>\n<td style=\"width: 25.1724%; height: 250px;\">\n<p><a href=\"http:\/\/www.jaws.ch\/\" rel=\"blank\"><img loading=\"lazy\" decoding=\"async\" class=\"aligncenter wp-image-3027\" title=\"Jaws Brothers GmbH\" src=\"https:\/\/joshin.eu\/word\/wp-content\/uploads\/2020\/09\/Capture-de\u0301cran-2020-09-10-a\u0300-16.41.22.png\" alt=\"\" width=\"148\" height=\"140\" \/><\/a><\/p>\n<\/td>\n<\/tr>\n<\/tbody>\n<\/table>\n<\/figure>\n\n<div class=\"wp-block-image\">\n<figure class=\"aligncenter size-large\"><img decoding=\"async\" src=\"https:\/\/joshin.eu\/word\/wp-content\/uploads\/2019\/08\/introf.gif\" alt=\"\" class=\"wp-image-332\"\/><\/figure>\n<\/div>\n\n<div class=\"wp-block-image is-style-rounded\">\n<figure class=\"aligncenter size-full\"><img loading=\"lazy\" decoding=\"async\" width=\"1010\" height=\"40\" src=\"https:\/\/joshin.eu\/word\/wp-content\/uploads\/2023\/06\/smr.jpg\" alt=\"\" class=\"wp-image-4766\" srcset=\"https:\/\/joshin.eu\/word\/wp-content\/uploads\/2023\/06\/smr.jpg 1010w, https:\/\/joshin.eu\/word\/wp-content\/uploads\/2023\/06\/smr-300x12.jpg 300w, https:\/\/joshin.eu\/word\/wp-content\/uploads\/2023\/06\/smr-768x30.jpg 768w\" sizes=\"(max-width: 1010px) 100vw, 1010px\" \/><\/figure>\n<\/div>\n\n\n<p class=\"wp-block-paragraph\"><\/p>\n","protected":false},"excerpt":{"rendered":"<p>Japan Kimono\u00ab\u00a0The art of Kimono\u00a0\u00bbAu sein de l&rsquo;association d\u014d, JapanKimono vous propose de d\u00e9couvrir sa collection de kimono, de textiles, de obi, de kakejiku&#8230; d\u014d L&rsquo;association regroupe diff\u00e9rentes activit\u00e9s autour de la notion de \u00ab\u00a0la voie\u00a0\u00bb. Des expos, des stages, des rencontres&#8230; Jaws Bo vous re\u00e7oit et vous fait d\u00e9couvrir ses diff\u00e9rentes lames.Chinoises ou Japonaises, [&hellip;]<\/p>\n","protected":false},"author":1,"featured_media":3771,"parent":0,"menu_order":0,"comment_status":"closed","ping_status":"closed","template":"","meta":{"_crdt_document":"","footnotes":""},"class_list":["post-283","page","type-page","status-publish","has-post-thumbnail","hentry"],"_links":{"self":[{"href":"https:\/\/joshin.eu\/word\/index.php\/wp-json\/wp\/v2\/pages\/283","targetHints":{"allow":["GET"]}}],"collection":[{"href":"https:\/\/joshin.eu\/word\/index.php\/wp-json\/wp\/v2\/pages"}],"about":[{"href":"https:\/\/joshin.eu\/word\/index.php\/wp-json\/wp\/v2\/types\/page"}],"author":[{"embeddable":true,"href":"https:\/\/joshin.eu\/word\/index.php\/wp-json\/wp\/v2\/users\/1"}],"replies":[{"embeddable":true,"href":"https:\/\/joshin.eu\/word\/index.php\/wp-json\/wp\/v2\/comments?post=283"}],"version-history":[{"count":54,"href":"https:\/\/joshin.eu\/word\/index.php\/wp-json\/wp\/v2\/pages\/283\/revisions"}],"predecessor-version":[{"id":4812,"href":"https:\/\/joshin.eu\/word\/index.php\/wp-json\/wp\/v2\/pages\/283\/revisions\/4812"}],"wp:featuredmedia":[{"embeddable":true,"href":"https:\/\/joshin.eu\/word\/index.php\/wp-json\/wp\/v2\/media\/3771"}],"wp:attachment":[{"href":"https:\/\/joshin.eu\/word\/index.php\/wp-json\/wp\/v2\/media?parent=283"}],"curies":[{"name":"wp","href":"https:\/\/api.w.org\/{rel}","templated":true}]}}