{"id":2438,"date":"2019-12-09T17:22:28","date_gmt":"2019-12-09T16:22:28","guid":{"rendered":"http:\/\/joshin.eu\/word\/?page_id=2438"},"modified":"2025-10-01T18:14:42","modified_gmt":"2025-10-01T16:14:42","slug":"documents-pratiques","status":"publish","type":"page","link":"https:\/\/joshin.eu\/word\/index.php\/documents-pratiques\/","title":{"rendered":"Documents pratiques"},"content":{"rendered":"<div class=\"wp-block-image is-style-rounded\">\n<figure class=\"aligncenter size-large\"><img decoding=\"async\" width=\"1024\" height=\"44\" src=\"https:\/\/joshin.eu\/word\/wp-content\/uploads\/2021\/04\/joshin-dojo-titre-2-1024x44.jpg\" alt=\"\" class=\"wp-image-3899\" srcset=\"https:\/\/joshin.eu\/word\/wp-content\/uploads\/2021\/04\/joshin-dojo-titre-2-1024x44.jpg 1024w, https:\/\/joshin.eu\/word\/wp-content\/uploads\/2021\/04\/joshin-dojo-titre-2-300x13.jpg 300w, https:\/\/joshin.eu\/word\/wp-content\/uploads\/2021\/04\/joshin-dojo-titre-2-768x33.jpg 768w, https:\/\/joshin.eu\/word\/wp-content\/uploads\/2021\/04\/joshin-dojo-titre-2-1536x66.jpg 1536w, https:\/\/joshin.eu\/word\/wp-content\/uploads\/2021\/04\/joshin-dojo-titre-2-2048x88.jpg 2048w\" sizes=\"(max-width: 1024px) 100vw, 1024px\" \/><\/figure>\n<\/div>\n\n<figure class=\"wp-block-table\">\n<table class=\" aligncenter\" style=\"height: 1800px; width: 80%; border-style: none;\">\n<tbody>\n<tr style=\"height: 62px;\">\n<td style=\"width: 15.3228%; height: 62px;\"><img decoding=\"async\" class=\"aligncenter wp-image-123 size-full\" src=\"https:\/\/joshin.eu\/word\/wp-content\/uploads\/2019\/04\/mon.gif\" alt=\"\" width=\"21\" height=\"20\" \/><\/td>\n<td style=\"height: 62px; text-align: center; width: 66.6082%;\" colspan=\"2\"><span style=\"color: #000000;\"><span style=\"font-family: verdana,geneva,sans-serif;\"><img decoding=\"async\" class=\"size-full wp-image-2166 aligncenter\" src=\"https:\/\/joshin.eu\/word\/wp-content\/uploads\/2019\/11\/ligne.gif\" alt=\"\" width=\"800\" height=\"10\" \/><\/span><\/span><span style=\"font-size: 16px;\"><em><span style=\"color: #000000;\"><span style=\"font-family: verdana,geneva,sans-serif;\">Des documents pratiques et utiles dans l&rsquo;\u00e9tude de Shint\u00f4 Mus\u00f4 Ry\u00fb<br \/><span style=\"font-size: 14px;\">(\u00e0 t\u00e9l\u00e9charger)<\/span><br \/><\/span><\/span><\/em><\/span><\/td>\n<td style=\"width: 19%; height: 62px;\"><span style=\"color: #000000;\"><span style=\"font-family: verdana,geneva,sans-serif;\"> <img decoding=\"async\" class=\"aligncenter wp-image-123 size-full\" src=\"https:\/\/joshin.eu\/word\/wp-content\/uploads\/2019\/04\/mon.gif\" alt=\"\" width=\"21\" height=\"20\" \/><\/span><\/span><\/td>\n<\/tr>\n<tr style=\"height: 23px;\">\n<td style=\"width: 15.3228%; height: 23px;\">\u00a0<\/td>\n<td style=\"width: 66.6082%; text-align: center; height: 23px;\" colspan=\"2\"><span style=\"color: #000000;\"><span style=\"font-family: verdana,geneva,sans-serif;\">\u00a0<\/span><\/span><\/td>\n<td style=\"width: 19%; height: 23px;\"><span style=\"color: #000000;\"><span style=\"font-family: verdana,geneva,sans-serif;\">\u00a0<\/span><\/span><\/td>\n<\/tr>\n<tr style=\"height: 177px;\">\n<td style=\"width: 15.3228%; height: 1336px;\" rowspan=\"13\"><img loading=\"lazy\" decoding=\"async\" class=\"aligncenter wp-image-2294 size-medium\" src=\"https:\/\/joshin.eu\/word\/wp-content\/uploads\/2019\/12\/wild-bore-rising-sun2-162x300.jpg\" alt=\"\" width=\"162\" height=\"300\" srcset=\"https:\/\/joshin.eu\/word\/wp-content\/uploads\/2019\/12\/wild-bore-rising-sun2-162x300.jpg 162w, https:\/\/joshin.eu\/word\/wp-content\/uploads\/2019\/12\/wild-bore-rising-sun2-552x1024.jpg 552w, https:\/\/joshin.eu\/word\/wp-content\/uploads\/2019\/12\/wild-bore-rising-sun2-768x1424.jpg 768w, https:\/\/joshin.eu\/word\/wp-content\/uploads\/2019\/12\/wild-bore-rising-sun2-828x1536.jpg 828w, https:\/\/joshin.eu\/word\/wp-content\/uploads\/2019\/12\/wild-bore-rising-sun2.jpg 900w\" sizes=\"(max-width: 162px) 100vw, 162px\" \/><\/td>\n<td style=\"width: 30.0565%; height: 177px;\">\n<p><span style=\"color: #800000;\"><a href=\"https:\/\/joshin.eu\/word\/wp-content\/uploads\/2023\/03\/Shinto-Muso-Ryu-Kihon.pdf\" target=\"_blank\" rel=\"noopener\"><span style=\"font-family: verdana,geneva,sans-serif;\"><span style=\"color: #993300;\">Les ordres \u00e0 suivre pour l&rsquo;\u00e9x\u00e9cution des Kihon<\/span><\/span><\/a><br \/><\/span><span style=\"color: #800000;\"><a style=\"color: #800000;\" href=\"https:\/\/joshin.eu\/word\/wp-content\/uploads\/2019\/12\/kihon.pdf\" target=\"_blank\" rel=\"noopener noreferrer\"><span style=\"font-family: verdana,geneva,sans-serif;\"><span style=\"font-size: 14px; color: #000000;\">(Tandoku et Sota\u00ef)<\/span><\/span><\/a><\/span><\/p>\n<\/td>\n<td style=\"width: 36.5517%; height: 177px;\"><a href=\"https:\/\/joshin.eu\/word\/wp-content\/uploads\/2019\/12\/kihon.pdf\" target=\"_blank\" rel=\"noopener noreferrer\"><img loading=\"lazy\" decoding=\"async\" class=\"wp-image-2439  aligncenter\" title=\"kihon\" src=\"https:\/\/joshin.eu\/word\/wp-content\/uploads\/2019\/12\/kihon.png\" alt=\"\" width=\"150\" height=\"138\" \/><\/a><\/td>\n<td style=\"width: 19%; height: 1336px;\" rowspan=\"13\"><img loading=\"lazy\" decoding=\"async\" class=\"wp-image-2447 aligncenter\" src=\"https:\/\/joshin.eu\/word\/wp-content\/uploads\/2019\/12\/longnose-goblin-1.jpg\" alt=\"\" width=\"141\" height=\"562\" srcset=\"https:\/\/joshin.eu\/word\/wp-content\/uploads\/2019\/12\/longnose-goblin-1.jpg 450w, https:\/\/joshin.eu\/word\/wp-content\/uploads\/2019\/12\/longnose-goblin-1-75x300.jpg 75w, https:\/\/joshin.eu\/word\/wp-content\/uploads\/2019\/12\/longnose-goblin-1-385x1536.jpg 385w\" sizes=\"(max-width: 141px) 100vw, 141px\" \/><\/td>\n<\/tr>\n<tr style=\"height: 20px;\">\n<td style=\"width: 66.6082%; height: 20px;\" colspan=\"2\"><span style=\"color: #800000;\"><span style=\"font-family: verdana,geneva,sans-serif;\"><img decoding=\"async\" class=\"aligncenter wp-image-123 size-full\" src=\"https:\/\/joshin.eu\/word\/wp-content\/uploads\/2019\/04\/mon.gif\" alt=\"\" width=\"21\" height=\"20\" \/><\/span><\/span><\/td>\n<\/tr>\n<tr style=\"height: 159px;\">\n<td style=\"width: 30.0565%; height: 159px;\"><span style=\"font-family: verdana,geneva,sans-serif;\"><a href=\"https:\/\/joshin.eu\/word\/wp-content\/uploads\/2019\/12\/Shinto-Muso-Ryu-Jo-Jutsu.pdf\" target=\"_blank\" rel=\"noopener noreferrer\"><span style=\"color: #800000;\">Liste et significations des kihon et s\u00e9ries de kata de l&rsquo;\u00e9cole<\/span><\/a><\/span><\/td>\n<td style=\"width: 36.5517%; height: 159px;\"><a href=\"https:\/\/joshin.eu\/word\/wp-content\/uploads\/2019\/12\/Shinto-Muso-Ryu-Jo-Jutsu.pdf\" target=\"_blank\" rel=\"noopener noreferrer\"><img loading=\"lazy\" decoding=\"async\" class=\"aligncenter wp-image-2443\" title=\"les s\u00e9ries de kata\" src=\"https:\/\/joshin.eu\/word\/wp-content\/uploads\/2019\/12\/kata.png\" alt=\"les s\u00e9ries de kata\" width=\"129\" height=\"146\" \/><\/a><\/td>\n<\/tr>\n<tr style=\"height: 20px;\">\n<td style=\"width: 66.6082%; height: 20px;\" colspan=\"2\"><em><img decoding=\"async\" class=\"aligncenter wp-image-123 size-full\" src=\"https:\/\/joshin.eu\/word\/wp-content\/uploads\/2019\/04\/mon.gif\" alt=\"\" width=\"21\" height=\"20\" \/><\/em><\/td>\n<\/tr>\n<tr style=\"height: 229px;\">\n<td style=\"width: 30.0565%; height: 229px;\">\n<p><span style=\"font-family: verdana,geneva,sans-serif;\"><span style=\"color: #800000;\"><a style=\"color: #800000;\" href=\"https:\/\/joshin.eu\/word\/wp-content\/uploads\/2019\/12\/joshin-dojo-booklet.pdf\" target=\"_blank\" rel=\"noopener noreferrer\">Joshin Dojo Booklet<\/a><\/span><br \/><\/span><span style=\"font-family: verdana,geneva,sans-serif;\">Une nomenclature de base de Shint\u00f4 Mus\u00f4 Ry\u00fb<\/span><\/p>\n<\/td>\n<td style=\"width: 36.5517%; height: 229px;\"><a href=\"https:\/\/joshin.eu\/word\/wp-content\/uploads\/2024\/05\/joshin-dojo-booklet.pdf\" target=\"_blank\" rel=\"noopener\"><img loading=\"lazy\" decoding=\"async\" class=\"aligncenter wp-image-5169 size-medium\" title=\"le booklet de Joshin\" src=\"https:\/\/joshin.eu\/word\/wp-content\/uploads\/2024\/05\/1-214x300.jpg\" alt=\"\" width=\"214\" height=\"300\" srcset=\"https:\/\/joshin.eu\/word\/wp-content\/uploads\/2024\/05\/1-214x300.jpg 214w, https:\/\/joshin.eu\/word\/wp-content\/uploads\/2024\/05\/1-731x1024.jpg 731w, https:\/\/joshin.eu\/word\/wp-content\/uploads\/2024\/05\/1-768x1075.jpg 768w, https:\/\/joshin.eu\/word\/wp-content\/uploads\/2024\/05\/1-1097x1536.jpg 1097w, https:\/\/joshin.eu\/word\/wp-content\/uploads\/2024\/05\/1-1463x2048.jpg 1463w, https:\/\/joshin.eu\/word\/wp-content\/uploads\/2024\/05\/1-scaled.jpg 1829w\" sizes=\"(max-width: 214px) 100vw, 214px\" \/><\/a>\u00a0<\/td>\n<\/tr>\n<tr style=\"height: 69px;\">\n<td style=\"width: 66.6082%; height: 69px;\" colspan=\"2\">\n<p style=\"text-align: center;\"><span style=\"font-family: verdana,geneva,sans-serif;\"><span style=\"color: #800000;\"><img loading=\"lazy\" decoding=\"async\" class=\"aligncenter size-full wp-image-2166\" src=\"https:\/\/joshin.eu\/word\/wp-content\/uploads\/2019\/11\/ligne.gif\" alt=\"\" width=\"800\" height=\"10\" \/>\u00a0<\/span><\/span><\/p>\n<\/td>\n<\/tr>\n<tr style=\"height: 63px;\">\n<td style=\"width: 66.6082%; height: 63px;\" colspan=\"2\">\n<p style=\"text-align: center;\"><span style=\"font-family: verdana,geneva,sans-serif;\">Des formulaires \u00e0 t\u00e9l\u00e9charger&#8230;<\/span><\/p>\n<\/td>\n<\/tr>\n<tr style=\"height: 52px;\">\n<td style=\"width: 66.6082%; height: 52px;\" colspan=\"2\">\n<p style=\"text-align: center;\"><span style=\"font-family: verdana,geneva,sans-serif;\"> <em><img decoding=\"async\" class=\"aligncenter wp-image-123 size-full\" src=\"https:\/\/joshin.eu\/word\/wp-content\/uploads\/2019\/04\/mon.gif\" alt=\"\" width=\"21\" height=\"20\" \/><\/em><\/span><\/p>\n<\/td>\n<\/tr>\n<tr style=\"height: 198px;\">\n<td style=\"width: 30.0565%; height: 198px;\">\n<p><a href=\"https:\/\/joshin.eu\/word\/wp-content\/uploads\/2019\/12\/Formulaire-Licence-FEJ.pdf\" target=\"_blank\" rel=\"noopener noreferrer\"><span style=\"font-family: verdana,geneva,sans-serif;\"><span style=\"color: #800000;\">Formulaire de Licence FEJ<\/span><\/span><\/a><\/p>\n<p><span style=\"font-family: verdana,geneva,sans-serif;\">F\u00e9d\u00e9ration Europ\u00e9enne de Jodo<\/span><\/p>\n<\/td>\n<td style=\"width: 36.5517%; height: 198px;\"><a href=\"https:\/\/joshin.eu\/word\/wp-content\/uploads\/2019\/12\/Formulaire-Licence-FEJ.pdf\"><img loading=\"lazy\" decoding=\"async\" class=\"aligncenter wp-image-326\" src=\"https:\/\/joshin.eu\/word\/wp-content\/uploads\/2019\/08\/fej-1.jpg\" alt=\"Formulaire de Licence FEJ \u00e0 t\u00e9l\u00e9charger\" width=\"118\" height=\"173\" \/><\/a><\/td>\n<\/tr>\n<tr style=\"height: 41px;\">\n<td style=\"height: 41px; width: 66.6082%;\" colspan=\"2\"><span style=\"font-family: verdana,geneva,sans-serif;\"><span style=\"color: #800000;\"><em><img decoding=\"async\" class=\"aligncenter wp-image-123 size-full\" src=\"https:\/\/joshin.eu\/word\/wp-content\/uploads\/2019\/04\/mon.gif\" alt=\"\" width=\"21\" height=\"20\" \/><\/em><\/span><\/span><\/td>\n<\/tr>\n<tr style=\"height: 198px;\">\n<td style=\"width: 30.0565%; height: 198px;\"><span style=\"font-family: verdana,geneva,sans-serif;\"><span style=\"font-family: verdana,geneva,sans-serif;\"><span style=\"color: #800000;\"><a style=\"color: #800000;\" href=\"https:\/\/joshin.eu\/word\/wp-content\/uploads\/2019\/12\/formulaire-examen.gif\" target=\"_blank\" rel=\"noopener noreferrer\">Formulaire d&rsquo;examen FEJ<\/a><\/span><\/span><\/span>\n<p><span style=\"font-family: verdana, geneva, sans-serif;\"><span style=\"color: #000000;\">(A fournir lors des passages de grades<\/span>&#8230;)<\/span><\/p>\n<\/td>\n<td style=\"width: 36.5517%; height: 198px;\"><span style=\"font-family: verdana,geneva,sans-serif;\"><span style=\"color: #800000;\"><a href=\"https:\/\/joshin.eu\/word\/wp-content\/uploads\/2019\/12\/formulaire-examen.gif\" target=\"_blank\" rel=\"noopener noreferrer\"><img loading=\"lazy\" decoding=\"async\" class=\"aligncenter wp-image-326\" title=\"Formulaire d'examen FEJ \u00e0 t\u00e9l\u00e9charger\" src=\"https:\/\/joshin.eu\/word\/wp-content\/uploads\/2019\/08\/fej-1.jpg\" alt=\"Formulaire d'examen FEJ \u00e0 t\u00e9l\u00e9charger\" width=\"118\" height=\"173\" \/><\/a><\/span><\/span><\/td>\n<\/tr>\n<tr style=\"height: 37px;\">\n<td style=\"width: 66.6082%; height: 37px;\" colspan=\"2\"><span style=\"font-family: verdana,geneva,sans-serif;\"><span style=\"color: #800000;\"> <em><img decoding=\"async\" class=\"aligncenter wp-image-123 size-full\" src=\"https:\/\/joshin.eu\/word\/wp-content\/uploads\/2019\/04\/mon.gif\" alt=\"\" width=\"21\" height=\"20\" \/><\/em><\/span><\/span><\/td>\n<\/tr>\n<tr style=\"height: 93px;\">\n<td style=\"height: 73px; width: 30.0565%;\"><span style=\"color: #800000;\"><a style=\"color: #800000;\" href=\"https:\/\/joshin.eu\/word\/wp-content\/uploads\/2020\/08\/Reglement.pdf\" target=\"_blank\" rel=\"noopener noreferrer\"><span style=\"font-family: verdana, geneva, sans-serif;\">R\u00e9glement de la FEJ<\/span><\/a><\/span><\/td>\n<td style=\"width: 36.5517%; height: 73px;\"><a href=\"https:\/\/joshin.eu\/word\/wp-content\/uploads\/2020\/08\/Reglement.pdf\" target=\"_blank\" rel=\"noopener noreferrer\"><img loading=\"lazy\" decoding=\"async\" class=\"aligncenter wp-image-326\" title=\"R\u00e9glement FEJ \u00e0 t\u00e9l\u00e9charger\" src=\"https:\/\/joshin.eu\/word\/wp-content\/uploads\/2019\/08\/fej-1.jpg\" alt=\"Formulaire d'examen FEJ \u00e0 t\u00e9l\u00e9charger\" width=\"118\" height=\"173\" \/><\/a><\/td>\n<\/tr>\n<\/tbody>\n<\/table>\n<\/figure>\n\n<div class=\"wp-block-image\">\n<figure class=\"aligncenter size-large is-resized\"><img loading=\"lazy\" decoding=\"async\" width=\"1024\" height=\"819\" src=\"https:\/\/joshin.eu\/word\/wp-content\/uploads\/2019\/04\/83-1024x819.png\" alt=\"\" class=\"wp-image-132\" style=\"width:86px;height:68px\" srcset=\"https:\/\/joshin.eu\/word\/wp-content\/uploads\/2019\/04\/83-1024x819.png 1024w, https:\/\/joshin.eu\/word\/wp-content\/uploads\/2019\/04\/83-300x240.png 300w, https:\/\/joshin.eu\/word\/wp-content\/uploads\/2019\/04\/83-768x614.png 768w, https:\/\/joshin.eu\/word\/wp-content\/uploads\/2019\/04\/83-375x300.png 375w, https:\/\/joshin.eu\/word\/wp-content\/uploads\/2019\/04\/83.png 1890w\" sizes=\"(max-width: 1024px) 100vw, 1024px\" \/><\/figure>\n<\/div>\n\n\n<figure class=\"wp-block-image size-full is-style-rounded\"><img loading=\"lazy\" decoding=\"async\" width=\"1010\" height=\"40\" src=\"https:\/\/joshin.eu\/word\/wp-content\/uploads\/2023\/06\/smr.jpg\" alt=\"\" class=\"wp-image-4766\" srcset=\"https:\/\/joshin.eu\/word\/wp-content\/uploads\/2023\/06\/smr.jpg 1010w, https:\/\/joshin.eu\/word\/wp-content\/uploads\/2023\/06\/smr-300x12.jpg 300w, https:\/\/joshin.eu\/word\/wp-content\/uploads\/2023\/06\/smr-768x30.jpg 768w\" sizes=\"(max-width: 1010px) 100vw, 1010px\" \/><\/figure>\n\n\n\n<p class=\"wp-block-paragraph\"><\/p>\n","protected":false},"excerpt":{"rendered":"<p>Des documents pratiques et utiles dans l&rsquo;\u00e9tude de Shint\u00f4 Mus\u00f4 Ry\u00fb(\u00e0 t\u00e9l\u00e9charger) \u00a0 \u00a0 \u00a0 Les ordres \u00e0 suivre pour l&rsquo;\u00e9x\u00e9cution des Kihon(Tandoku et Sota\u00ef) Liste et significations des kihon et s\u00e9ries de kata de l&rsquo;\u00e9cole Joshin Dojo BookletUne nomenclature de base de Shint\u00f4 Mus\u00f4 Ry\u00fb \u00a0 \u00a0 Des formulaires \u00e0 t\u00e9l\u00e9charger&#8230; Formulaire de Licence [&hellip;]<\/p>\n","protected":false},"author":1,"featured_media":3760,"parent":0,"menu_order":0,"comment_status":"closed","ping_status":"closed","template":"","meta":{"_crdt_document":"","footnotes":""},"class_list":["post-2438","page","type-page","status-publish","has-post-thumbnail","hentry"],"_links":{"self":[{"href":"https:\/\/joshin.eu\/word\/index.php\/wp-json\/wp\/v2\/pages\/2438","targetHints":{"allow":["GET"]}}],"collection":[{"href":"https:\/\/joshin.eu\/word\/index.php\/wp-json\/wp\/v2\/pages"}],"about":[{"href":"https:\/\/joshin.eu\/word\/index.php\/wp-json\/wp\/v2\/types\/page"}],"author":[{"embeddable":true,"href":"https:\/\/joshin.eu\/word\/index.php\/wp-json\/wp\/v2\/users\/1"}],"replies":[{"embeddable":true,"href":"https:\/\/joshin.eu\/word\/index.php\/wp-json\/wp\/v2\/comments?post=2438"}],"version-history":[{"count":110,"href":"https:\/\/joshin.eu\/word\/index.php\/wp-json\/wp\/v2\/pages\/2438\/revisions"}],"predecessor-version":[{"id":5514,"href":"https:\/\/joshin.eu\/word\/index.php\/wp-json\/wp\/v2\/pages\/2438\/revisions\/5514"}],"wp:featuredmedia":[{"embeddable":true,"href":"https:\/\/joshin.eu\/word\/index.php\/wp-json\/wp\/v2\/media\/3760"}],"wp:attachment":[{"href":"https:\/\/joshin.eu\/word\/index.php\/wp-json\/wp\/v2\/media?parent=2438"}],"curies":[{"name":"wp","href":"https:\/\/api.w.org\/{rel}","templated":true}]}}