{"id":23,"date":"2019-04-14T20:01:02","date_gmt":"2019-04-14T18:01:02","guid":{"rendered":"http:\/\/joshin.eu\/word\/?page_id=23"},"modified":"2025-12-12T14:00:01","modified_gmt":"2025-12-12T13:00:01","slug":"ethique","status":"publish","type":"page","link":"https:\/\/joshin.eu\/word\/index.php\/ethique\/","title":{"rendered":"L&rsquo;\u00e9thique du d\u014dj\u014d"},"content":{"rendered":"<div class=\"wp-block-image is-style-rounded\">\r\n<figure class=\"aligncenter size-large\"><img decoding=\"async\" width=\"1024\" height=\"44\" class=\"wp-image-3899\" src=\"https:\/\/joshin.eu\/word\/wp-content\/uploads\/2021\/04\/joshin-dojo-titre-2-1024x44.jpg\" alt=\"\" srcset=\"https:\/\/joshin.eu\/word\/wp-content\/uploads\/2021\/04\/joshin-dojo-titre-2-1024x44.jpg 1024w, https:\/\/joshin.eu\/word\/wp-content\/uploads\/2021\/04\/joshin-dojo-titre-2-300x13.jpg 300w, https:\/\/joshin.eu\/word\/wp-content\/uploads\/2021\/04\/joshin-dojo-titre-2-768x33.jpg 768w, https:\/\/joshin.eu\/word\/wp-content\/uploads\/2021\/04\/joshin-dojo-titre-2-1536x66.jpg 1536w, https:\/\/joshin.eu\/word\/wp-content\/uploads\/2021\/04\/joshin-dojo-titre-2-2048x88.jpg 2048w\" sizes=\"(max-width: 1024px) 100vw, 1024px\" \/><\/figure>\r\n<\/div>\r\n\r\n<div class=\"wp-block-image\">\r\n<figure class=\"aligncenter size-large is-resized\"><img decoding=\"async\" class=\"wp-image-132\" src=\"https:\/\/joshin.eu\/word\/wp-content\/uploads\/2019\/04\/83-1024x819.png\" alt=\"\" width=\"79\" height=\"63\" srcset=\"https:\/\/joshin.eu\/word\/wp-content\/uploads\/2019\/04\/83-1024x819.png 1024w, https:\/\/joshin.eu\/word\/wp-content\/uploads\/2019\/04\/83-300x240.png 300w, https:\/\/joshin.eu\/word\/wp-content\/uploads\/2019\/04\/83-768x614.png 768w, https:\/\/joshin.eu\/word\/wp-content\/uploads\/2019\/04\/83-375x300.png 375w, https:\/\/joshin.eu\/word\/wp-content\/uploads\/2019\/04\/83.png 1890w\" sizes=\"(max-width: 79px) 100vw, 79px\" \/><\/figure>\r\n<\/div>\r\n<figure class=\"wp-block-table\">\r\n<table style=\"height: 4149px; width: 99.8534%; border-style: none;\">\r\n<tbody>\r\n<tr style=\"height: 4139px;\">\r\n<td style=\"width: 2.93103%; height: 4139px;\">\u00a0<\/td>\r\n<td class=\"has-text-align-center\" style=\"width: 93.9655%; vertical-align: top; height: 4139px;\" data-align=\"center\">\r\n<p><span style=\"text-decoration: underline;\"><span style=\"font-family: verdana, geneva, sans-serif; font-size: 20px;\">Le d\u014dj\u014d<\/span><\/span><\/p>\r\n<p><span style=\"font-family: verdana,geneva,sans-serif;\">\u00ab\u00a0Le lieu o\u00f9 se pratique la voie (D\u014d): celle de l&rsquo;\u00e9veil\u00a0\u00bb<\/span><br \/><span style=\"font-family: verdana,geneva,sans-serif;\">(Taisen Deshimaru)<\/span><\/p>\r\n<p><img fetchpriority=\"high\" decoding=\"async\" class=\"aligncenter  wp-image-3785\" src=\"https:\/\/joshin.eu\/word\/wp-content\/uploads\/2021\/03\/do.jpg\" alt=\"\" width=\"251\" height=\"231\" \/><span style=\"font-family: verdana, geneva, sans-serif;\">\u00ab\u00a0D\u014d\u00a0\u00bb<\/span><br \/><span style=\"font-family: verdana,geneva,sans-serif;\">Le d\u014dj\u014d est le lieu consacr\u00e9 \u00e0 la pratique des budo ou \u00e0 la m\u00e9ditation bouddhiste zen,<\/span><span style=\"font-family: verdana,geneva,sans-serif;\"> un lieu de recherche et d\u2019\u00e9volution personnelle.<\/span><span class=\"Y2IQFc\" lang=\"fr\"><span style=\"font-family: verdana, geneva, sans-serif;\"> L&rsquo;essence y est nourrie, le corps tonifi\u00e9, l&rsquo;\u00e2me apais\u00e9e et l&rsquo;esprit \u00e9lev\u00e9<\/span>.<\/span><\/p>\r\n<p><span style=\"font-family: verdana,geneva,sans-serif;\">En entrant dans le d\u014dj\u014d, nous abandonnons naturellement toute pr\u00e9occupation personnelle. L\u2019esprit est ouvert, concentr\u00e9 sur la r\u00e9alit\u00e9 de l\u2019instant et sur notre relation au monde qui nous entoure.<\/span><\/p>\r\n<p><span style=\"font-family: verdana,geneva,sans-serif;\"><img loading=\"lazy\" decoding=\"async\" class=\"aligncenter wp-image-3786 \" style=\"width: 223px;\" src=\"https:\/\/joshin.eu\/word\/wp-content\/uploads\/2021\/03\/enso.jpg\" alt=\"\" width=\"664\" height=\"244\" \/><\/span><span style=\"font-family: verdana,geneva,sans-serif;\">\u00ab\u00a0Enso\u00a0\u00bb<br \/><em><span style=\"font-size: 14px;\">par Pascal Krieger<\/span><\/em><\/span><\/p>\r\n<p><span class=\"st\" style=\"font-family: verdana,geneva,sans-serif;\">Enso est le symbole de la vacuit\u00e9 et de <span class=\"thin-font\">l\u2019\u00e9veil, de l\u2019univers et de l\u2019\u00e9nergie.<br \/>Dans le bouddhisme Zen, lorsque l\u2019on trace l\u2019Enso, le geste se doit d\u2019\u00eatre lib\u00e9r\u00e9 de toute inhibition que cr\u00e9e l\u2019\u00e9go.<br \/>Il exprime ainsi un moment o\u00f9 l\u2019esprit juste permet au corps de cr\u00e9er. <\/span><\/span><\/p>\r\n<p><img loading=\"lazy\" decoding=\"async\" class=\"aligncenter  wp-image-3789\" src=\"https:\/\/joshin.eu\/word\/wp-content\/uploads\/2021\/03\/enso_pk-1-scaled.jpg\" alt=\"\" width=\"162\" height=\"528\" \/><span style=\"font-family: verdana, geneva, sans-serif;\">\u00ab\u00a0Enso\u00a0\u00bb<\/span><br \/><em><span style=\"font-family: verdana, geneva, sans-serif;\">(Pascal Krieger pour Joshin)<\/span><\/em><\/p>\r\n<p><span style=\"font-family: verdana,geneva,sans-serif;\"><img loading=\"lazy\" decoding=\"async\" class=\"aligncenter wp-image-4409 size-full\" src=\"https:\/\/joshin.eu\/word\/wp-content\/uploads\/2021\/05\/mon-1.gif\" alt=\"\" width=\"50\" height=\"40\" \/><br \/>Tout dans le d\u014dj\u014d est r\u00e9gi par Reishiki (le respect de l`\u00e9tiquette), \u00e0 commencer par la disposition et les orientations.<br \/><\/span><br \/><span style=\"font-family: verdana,geneva,sans-serif;\">Les murs du d\u014dj\u014d:<\/span><\/p>\r\n<p><img loading=\"lazy\" decoding=\"async\" class=\"aligncenter wp-image-2921 size-full\" src=\"https:\/\/joshin.eu\/word\/wp-content\/uploads\/2020\/05\/dojo.png\" alt=\"\" width=\"610\" height=\"338\" srcset=\"https:\/\/joshin.eu\/word\/wp-content\/uploads\/2020\/05\/dojo.png 610w, https:\/\/joshin.eu\/word\/wp-content\/uploads\/2020\/05\/dojo-300x166.png 300w\" sizes=\"(max-width: 610px) 100vw, 610px\" \/><br \/><span style=\"font-family: verdana,geneva,sans-serif;\"><em>\u00ab\u00a0Kamiza\u00a0\u00bb<\/em><\/span><br \/><span style=\"font-family: verdana,geneva,sans-serif;\">Sur le mur d&rsquo;honneur on y expose habituellement une photo du fondateur de l&rsquo;\u00e9cole, les armes du professeur, une calligraphie&#8230;en fait, uniquement ce qui permet de signifier ce que l\u2019\u00e9cole doit \u00e0 ses fondateurs.<\/span><br \/><span style=\"font-family: verdana,geneva,sans-serif;\">Au japon on y trouve aussi un petit temple d\u00e9di\u00e9 aux divinit\u00e9s shint\u00f4, kami. (Ka : cach\u00e9, Mi : le corps, Za : si\u00e8ge, position)<\/span><br \/><span style=\"font-family: verdana,geneva,sans-serif;\"><em><br \/>\u00ab\u00a0Shimoza\u00a0\u00bb<\/em><\/span><br \/><span style=\"font-family: verdana,geneva,sans-serif;\">Le mur inf\u00e9rieur fait face au Kamiza. La porte d&rsquo;entr\u00e9e principale s&rsquo;y trouve. Ainsi est symbolis\u00e9 la passage de l&rsquo;inf\u00e9rieur (Shimoza) vers le sup\u00e9rieur (Kamiza). En effet, les \u00e9l\u00e8ves se placent du c\u00f4t\u00e9 du Shimoza pour le salut ou lorsque le professeur donne des explications, tandis que le professeur lui se tient du c\u00f4t\u00e9 du Kamiza.<\/span><\/p>\r\n<p><span style=\"font-family: verdana,geneva,sans-serif;\"><em>\u00ab\u00a0Joseki\u00a0\u00bb<\/em><\/span><br \/><span style=\"font-family: verdana,geneva,sans-serif;\">A droite lorsque l&rsquo;on se place face au Kamiza. C&rsquo;est le c\u00f4t\u00e9 sup\u00e9rieur. Les \u00e9l\u00e8ves les plus anciens (Sempa\u00ef) se placent pr\u00e8s de ce mur. <\/span><br \/><span style=\"font-family: verdana,geneva,sans-serif;\"><em><br \/>\u00ab\u00a0Shimoseiki\u00a0\u00bb<\/em><\/span><br \/><span style=\"font-family: verdana,geneva,sans-serif;\">A gauche lorsque l&rsquo;on se place face au Kamiza. C&rsquo;est le c\u00f4t\u00e9 inf\u00e9rieur, c&rsquo;est le c\u00f4t\u00e9 o\u00f9 se tiennent les d\u00e9butants (Koha\u00ef).<\/span><\/p>\r\n<p><img loading=\"lazy\" decoding=\"async\" width=\"85\" height=\"21\" class=\"wp-image-339\" src=\"https:\/\/joshin.eu\/word\/wp-content\/uploads\/2019\/08\/introf-1.gif\" alt=\"\" \/><\/p>\r\n<p><span style=\"text-decoration: underline;\"><span style=\"font-family: verdana, geneva, sans-serif; font-size: 20px;\">Quelques r\u00e8gles pour la pratique<\/span><\/span><br \/><span style=\"font-family: verdana,geneva,sans-serif;\">L\u2019entr\u00e9e et la sortie du d\u014dj\u014d sont toujours accompagn\u00e9es d\u2019un salut vers le Kamiza. <\/span><br \/><span style=\"font-family: verdana,geneva,sans-serif;\">Une marque de respect envers le lieu et les enseignants qui ont transmis leurs connaissances.<br \/>Une des premi\u00e8res r\u00e8gles \u00e0 observer est la ponctualit\u00e9, arriver en avance permet aussi de s&rsquo;\u00e9chauffer.<br \/>En cas de retard, si cela \u00e9tait pr\u00e9visible, le professeur est averti \u00e0 la s\u00e9ance pr\u00e9c\u00e9dente.<br \/>Dans le cas inverse, on se positionne au bord du d\u014dj\u014d, et il faut faire les diff\u00e9rents saluts du d\u00e9but du cours (salut vers le Kamiza, salut vers le professeur), puis attendre que le professeur vous invite \u00e0 d&rsquo;int\u00e9grer le cours.<br \/><\/span><span style=\"font-family: verdana, geneva, sans-serif;\">Toujours se v\u00eatir d\u2019une tenue propre et bien mise (dignit\u00e9). <br \/>Les hommes ne portent pas de t-shirt sous le gi et les femmes nouent leurs cheveux de mani\u00e8re pratique. <br \/>Ne pas porter de bijoux pendant la pratique afin d&rsquo;\u00e9viter tout risque de blessures. <\/span><br \/><span style=\"font-family: verdana,geneva,sans-serif;\">Utiliser des armes en bon \u00e9tat pour la s\u00e9curit\u00e9.<br \/>D\u00e9poser ses armes du c\u00f4t\u00e9 du Shimoseki de mani\u00e8re \u00e0 ce que leur pointe ne soit pas en direction du Shomen. <br \/>Toujours savoir pr\u00e9cis\u00e9ment o\u00f9 sont ses armes.<br \/>Ne jamais emprunter les armes d\u2019un autre pratiquant sans lui demander la permission. <br \/>Apr\u00e8s une correction individuelle donn\u00e9e par le professeur, le remercier en le saluant.<br \/>Pour inviter un partenaire \u00e0 travailler, le regarder dans les yeux, le convier d\u2019un geste et le saluer (armes basses) avant toute action.<br \/>Pour poser une question au professeur, ne pas le h\u00e9ler, mais s&rsquo;approcher de lui, ou attendre qu\u2019il s\u2019approche, chercher son regard et le saluer debout, puis attendre sa disponibilit\u00e9. <br \/>Eviter de corriger un d\u00e9butant, \u00e0 moins d\u2019\u00eatre instructeur, ou au moins Yudansha.<br \/><\/span><\/p>\r\n<p><img loading=\"lazy\" decoding=\"async\" width=\"85\" height=\"21\" class=\"wp-image-339\" src=\"https:\/\/joshin.eu\/word\/wp-content\/uploads\/2019\/08\/introf-1.gif\" alt=\"\" \/><br \/><span style=\"font-family: verdana, geneva, sans-serif;\">A noter: l&rsquo;importance de la relation Sempa\u00ef\/ Koha\u00ef.<\/span><br \/><span style=\"font-family: verdana, geneva, sans-serif;\">Le Sempa\u00ef a une responsabilit\u00e9 bienveillante \u00e0 l&rsquo;\u00e9gard du Koha\u00ef. Il l&rsquo;accueille et le met au courant des usages et pratiques du d\u014dj\u014d.<\/span><br \/><span style=\"font-family: verdana, geneva, sans-serif;\">Le Koha\u00ef, quant \u00e0 lui, respecte le Sempa\u00ef en reconnaissant son anciennet\u00e9, sa place et son r\u00f4le.<\/span><\/p>\r\n<p><span style=\"font-family: verdana,geneva,sans-serif;\"><img loading=\"lazy\" decoding=\"async\" width=\"85\" height=\"21\" class=\"wp-image-339\" style=\"width: 85px;\" src=\"https:\/\/joshin.eu\/word\/wp-content\/uploads\/2019\/08\/introf-1.gif\" alt=\"\" \/><\/span><\/p>\r\n<p><span style=\"font-family: verdana,geneva,sans-serif;\">Le d\u00e9but du cours<\/span><br \/><span style=\"font-family: verdana,geneva,sans-serif;\"><em>\u00ab\u00a0Seiretsu\u00a0\u00bb: <\/em><\/span><span style=\"font-family: verdana,geneva,sans-serif;\">Les pratiquants se placent par ordre d\u2019anciennet\u00e9 dans le d\u014dj\u014d.<\/span><br \/><span style=\"font-family: verdana,geneva,sans-serif;\">Le professeur se met en position assise. Puis sur l&rsquo;instruction \u00ab\u00a0Seiza\u00a0\u00bb de l&rsquo;\u00e9l\u00e8ve le plus ancien (Sempa\u00ef), les \u00e9l\u00e8ves s&rsquo;assoient en \u00ab\u00a0Seiza\u00a0\u00bb face au professeur, face au kamiza. <\/span><br \/><span style=\"font-family: verdana,geneva,sans-serif;\">Une fois assis, le professeur peut prendre la parole pour annoncer le th\u00e8me du cours ou transmettre des informations. <\/span><\/p>\r\n<p><span style=\"font-family: verdana,geneva,sans-serif;\">Puis vient le <\/span><span style=\"font-family: verdana,geneva,sans-serif;\"><em>\u00ab\u00a0Mokuso\u00a0\u00bb, <\/em><\/span><span style=\"font-family: verdana,geneva,sans-serif;\">un moment de m\u00e9ditation active, le corps est immobile et d\u00e9tendu, l\u2019esprit tait ses pens\u00e9es et demeure conscient de ce qui l\u2019environne.<\/span><br \/><span style=\"font-family: verdana,geneva,sans-serif;\">Un \u00e9tat de r\u00e9ceptivit\u00e9 et de vigilance.<br \/><\/span><br \/><span style=\"font-family: verdana,geneva,sans-serif;\"><em>\u00ab\u00a0Shomen ni Re\u00ef\u00a0\u00bb<\/em>: <\/span><span style=\"font-family: verdana,geneva,sans-serif;\">Salut vers le Kamiza en hommage aux fondateurs et en g\u00e9n\u00e9ral \u00e0 ceux qui nous ont apport\u00e9 cet h\u00e9ritage, qui ont march\u00e9 sur la Voie devant nous et nous permettent de mieux la d\u00e9couvrir.<\/span><br \/><span style=\"font-family: verdana,geneva,sans-serif;\"><em>\u00ab\u00a0Sense\u00ef ni Re\u00ef\u00a0\u00bb: <\/em><\/span><span style=\"font-family: verdana,geneva,sans-serif;\">Salut au professeur.<br \/><\/span><br \/><span style=\"font-family: verdana,geneva,sans-serif;\"><em>\u00ab\u00a0Kiritsu\u00a0\u00bb:<\/em> Le professeur se l\u00e8ve, suivi par le plus ancien et les \u00e9l\u00e8ves se l\u00e8vent en progression.<br \/><\/span><br \/><span style=\"font-family: verdana,geneva,sans-serif;\"><em>\u00ab\u00a0Onegaishimasu\u00a0\u00bb: <\/em>une invitation \u00e0 commencer l&rsquo;entrainement!<\/span><\/p>\r\n<p><strong><img loading=\"lazy\" decoding=\"async\" class=\"aligncenter wp-image-4409 size-full\" src=\"https:\/\/joshin.eu\/word\/wp-content\/uploads\/2021\/05\/mon-1.gif\" alt=\"\" width=\"50\" height=\"40\" \/><\/strong><\/p>\r\n<p><span style=\"font-family: verdana, geneva, sans-serif;\">Un rappel pour commencer chaque entrainement:<\/span><\/p>\r\n<p><em><span style=\"font-family: verdana, geneva, sans-serif;\">\u00ab\u00a0Sh\u00f4gy\u00f4-Muj\u00f4\u00a0\u00bb<br \/>\u00ab\u00a0Rien n&rsquo;est permanent\u00a0\u00bb<\/span><\/em><\/p>\r\n<p><img loading=\"lazy\" decoding=\"async\" class=\"wp-image-946 aligncenter\" src=\"https:\/\/joshin.eu\/word\/wp-content\/uploads\/2019\/09\/Sho\u0302gyo\u0302-Mujo\u0302.jpg\" alt=\"\" width=\"153\" height=\"638\" srcset=\"https:\/\/joshin.eu\/word\/wp-content\/uploads\/2019\/09\/Sho\u0302gyo\u0302-Mujo\u0302.jpg 153w, https:\/\/joshin.eu\/word\/wp-content\/uploads\/2019\/09\/Sho\u0302gyo\u0302-Mujo\u0302-72x300.jpg 72w\" sizes=\"(max-width: 153px) 100vw, 153px\" \/><br \/><span style=\"font-family: verdana, geneva, sans-serif;\">Calligraphie Pascal Krieger<\/span><\/p>\r\n<\/td>\r\n<td style=\"width: 2.93103%; height: 410px;\">\u00a0<\/td>\r\n<\/tr>\r\n<tr style=\"height: 26px;\">\r\n<td style=\"width: 2.93103%; height: 10px;\">\u00a0<\/td>\r\n<td class=\"has-text-align-center\" style=\"width: 93.9655%; height: 10px;\" data-align=\"center\"><span style=\"font-family: verdana,geneva,sans-serif;\"><img decoding=\"async\" class=\"wp-image-332\" style=\"width: 85px;\" src=\"https:\/\/joshin.eu\/word\/wp-content\/uploads\/2019\/08\/introf.gif\" alt=\"\" \/><\/span><\/td>\r\n<td style=\"width: 2.93103%; height: 10px;\">\u00a0<\/td>\r\n<\/tr>\r\n<\/tbody>\r\n<\/table>\r\n<\/figure>\r\n<div class=\"wp-block-image is-style-rounded\">\r\n<figure class=\"aligncenter size-full\"><img loading=\"lazy\" decoding=\"async\" width=\"1010\" height=\"40\" class=\"wp-image-4766\" src=\"https:\/\/joshin.eu\/word\/wp-content\/uploads\/2023\/06\/smr.jpg\" alt=\"\" srcset=\"https:\/\/joshin.eu\/word\/wp-content\/uploads\/2023\/06\/smr.jpg 1010w, https:\/\/joshin.eu\/word\/wp-content\/uploads\/2023\/06\/smr-300x12.jpg 300w, https:\/\/joshin.eu\/word\/wp-content\/uploads\/2023\/06\/smr-768x30.jpg 768w\" sizes=\"(max-width: 1010px) 100vw, 1010px\" \/><\/figure>\r\n<\/div>","protected":false},"excerpt":{"rendered":"<p>\u00a0 Le d\u014dj\u014d \u00ab\u00a0Le lieu o\u00f9 se pratique la voie (D\u014d): celle de l&rsquo;\u00e9veil\u00a0\u00bb(Taisen Deshimaru) \u00ab\u00a0D\u014d\u00a0\u00bbLe d\u014dj\u014d est le lieu consacr\u00e9 \u00e0 la pratique des budo ou \u00e0 la m\u00e9ditation bouddhiste zen, un lieu de recherche et d\u2019\u00e9volution personnelle. L&rsquo;essence y est nourrie, le corps tonifi\u00e9, l&rsquo;\u00e2me apais\u00e9e et l&rsquo;esprit \u00e9lev\u00e9. En entrant dans le [&hellip;]<\/p>\n","protected":false},"author":1,"featured_media":3739,"parent":0,"menu_order":0,"comment_status":"closed","ping_status":"closed","template":"","meta":{"_crdt_document":"","footnotes":""},"class_list":["post-23","page","type-page","status-publish","has-post-thumbnail","hentry"],"_links":{"self":[{"href":"https:\/\/joshin.eu\/word\/index.php\/wp-json\/wp\/v2\/pages\/23","targetHints":{"allow":["GET"]}}],"collection":[{"href":"https:\/\/joshin.eu\/word\/index.php\/wp-json\/wp\/v2\/pages"}],"about":[{"href":"https:\/\/joshin.eu\/word\/index.php\/wp-json\/wp\/v2\/types\/page"}],"author":[{"embeddable":true,"href":"https:\/\/joshin.eu\/word\/index.php\/wp-json\/wp\/v2\/users\/1"}],"replies":[{"embeddable":true,"href":"https:\/\/joshin.eu\/word\/index.php\/wp-json\/wp\/v2\/comments?post=23"}],"version-history":[{"count":120,"href":"https:\/\/joshin.eu\/word\/index.php\/wp-json\/wp\/v2\/pages\/23\/revisions"}],"predecessor-version":[{"id":5594,"href":"https:\/\/joshin.eu\/word\/index.php\/wp-json\/wp\/v2\/pages\/23\/revisions\/5594"}],"wp:featuredmedia":[{"embeddable":true,"href":"https:\/\/joshin.eu\/word\/index.php\/wp-json\/wp\/v2\/media\/3739"}],"wp:attachment":[{"href":"https:\/\/joshin.eu\/word\/index.php\/wp-json\/wp\/v2\/media?parent=23"}],"curies":[{"name":"wp","href":"https:\/\/api.w.org\/{rel}","templated":true}]}}