{"id":13,"date":"2019-04-14T19:59:28","date_gmt":"2019-04-14T17:59:28","guid":{"rendered":"http:\/\/joshin.eu\/word\/?page_id=13"},"modified":"2025-08-30T13:05:27","modified_gmt":"2025-08-30T11:05:27","slug":"entrainements","status":"publish","type":"page","link":"https:\/\/joshin.eu\/word\/index.php\/entrainements\/","title":{"rendered":"Les entrainements"},"content":{"rendered":"<div class=\"wp-block-image is-style-rounded\">\n<figure class=\"aligncenter size-large\"><img decoding=\"async\" width=\"1024\" height=\"44\" src=\"https:\/\/joshin.eu\/word\/wp-content\/uploads\/2021\/04\/joshin-dojo-titre-2-1024x44.jpg\" alt=\"\" class=\"wp-image-3899\" srcset=\"https:\/\/joshin.eu\/word\/wp-content\/uploads\/2021\/04\/joshin-dojo-titre-2-1024x44.jpg 1024w, https:\/\/joshin.eu\/word\/wp-content\/uploads\/2021\/04\/joshin-dojo-titre-2-300x13.jpg 300w, https:\/\/joshin.eu\/word\/wp-content\/uploads\/2021\/04\/joshin-dojo-titre-2-768x33.jpg 768w, https:\/\/joshin.eu\/word\/wp-content\/uploads\/2021\/04\/joshin-dojo-titre-2-1536x66.jpg 1536w, https:\/\/joshin.eu\/word\/wp-content\/uploads\/2021\/04\/joshin-dojo-titre-2-2048x88.jpg 2048w\" sizes=\"(max-width: 1024px) 100vw, 1024px\" \/><\/figure>\n<\/div>\n\n<div class=\"wp-block-image\">\n<figure class=\"aligncenter size-large is-resized\"><img fetchpriority=\"high\" decoding=\"async\" width=\"1024\" height=\"857\" src=\"https:\/\/joshin.eu\/word\/wp-content\/uploads\/2019\/04\/15-1024x857.png\" alt=\"\" class=\"wp-image-135\" style=\"width:84px;height:70px\" srcset=\"https:\/\/joshin.eu\/word\/wp-content\/uploads\/2019\/04\/15-1024x857.png 1024w, https:\/\/joshin.eu\/word\/wp-content\/uploads\/2019\/04\/15-300x251.png 300w, https:\/\/joshin.eu\/word\/wp-content\/uploads\/2019\/04\/15-768x643.png 768w, https:\/\/joshin.eu\/word\/wp-content\/uploads\/2019\/04\/15-358x300.png 358w, https:\/\/joshin.eu\/word\/wp-content\/uploads\/2019\/04\/15.png 1736w\" sizes=\"(max-width: 1024px) 100vw, 1024px\" \/><\/figure>\n<\/div>\n\n<figure class=\"wp-block-table aligncenter is-style-regular\">\n<table style=\"height: 1138px; width: 100.711%; border-style: none;\">\n<tbody>\n<tr style=\"height: 1261px;\">\n<td class=\"has-text-align-center\" style=\"width: 99.6926%; height: 1138px;\" data-align=\"center\">\n<p><span style=\"font-family: verdana,geneva,sans-serif;\"><img decoding=\"async\" class=\"aligncenter size-full wp-image-1781\" src=\"https:\/\/joshin.eu\/word\/wp-content\/uploads\/2019\/11\/lignedeco.png\" alt=\"\" width=\"567\" height=\"23\" srcset=\"https:\/\/joshin.eu\/word\/wp-content\/uploads\/2019\/11\/lignedeco.png 567w, https:\/\/joshin.eu\/word\/wp-content\/uploads\/2019\/11\/lignedeco-300x12.png 300w\" sizes=\"(max-width: 567px) 100vw, 567px\" \/><\/span><\/p>\n<p data-wp-editing=\"1\"><a href=\"https:\/\/joshin.eu\/word\/wp-content\/uploads\/2023\/12\/maquette-guimaec-small.jpg\" target=\"_blank\" rel=\"noopener\"><img loading=\"lazy\" decoding=\"async\" class=\"aligncenter wp-image-5016\" style=\"font-family: verdana, geneva, sans-serif;\" src=\"https:\/\/joshin.eu\/word\/wp-content\/uploads\/2023\/12\/maquette-guimaec-small-212x300.jpg\" alt=\"\" width=\"374\" height=\"529\" srcset=\"https:\/\/joshin.eu\/word\/wp-content\/uploads\/2023\/12\/maquette-guimaec-small-212x300.jpg 212w, https:\/\/joshin.eu\/word\/wp-content\/uploads\/2023\/12\/maquette-guimaec-small.jpg 501w\" sizes=\"(max-width: 374px) 100vw, 374px\" \/><\/a><\/p>\n<p><img loading=\"lazy\" decoding=\"async\" class=\"aligncenter wp-image-4396 size-full\" src=\"https:\/\/joshin.eu\/word\/wp-content\/uploads\/2021\/05\/mon.gif\" alt=\"\" width=\"59\" height=\"47\" \/><\/p>\n<p><span style=\"text-decoration: underline;\"><span style=\"font-family: verdana,geneva,sans-serif;\"><strong>Horaires &amp; lieux d&rsquo;entrainements<\/strong><\/span><\/span><\/p>\n<p><span style=\"font-family: verdana, geneva, sans-serif;\">Afin d&rsquo;assurer une pratique r\u00e9guli\u00e8re, J\u00f4shin propose diff\u00e9rentes s\u00e9ances d&rsquo;entrainements par semaine dans le cadre du foyer rural de Guimaec<\/span><strong>.<\/strong><\/p>\n<p><span style=\"font-family: verdana, geneva, sans-serif;\"><strong>Mardi<\/strong> 19h00\/21h00: <em>Entrainement Shinto Muso Ryu Jodo<\/em><\/span><br \/><span style=\"font-family: verdana, geneva, sans-serif;\"><strong>Jeudi<\/strong> 19h00\/21h00: <em>Entrainement diversifi\u00e9, Jodo, Kenjutsu, Tanjo, armes parall\u00e8les<br \/><\/em>\u00a0Salle \u00ab\u00a0Ti Bugale Rannou\u00a0\u00bb par le foyer rural<em>.<br \/><\/em><\/span><\/p>\n<p><span style=\"font-family: verdana, geneva, sans-serif;\">Et une fois par mois: <\/span><em><a title=\"ateliers\" href=\"https:\/\/joshin.eu\/word\/index.php\/calendrier-des-stages\/\" target=\"_blank\" rel=\"noopener\"><span style=\"font-family: verdana,geneva,sans-serif;\"><span style=\"color: #800000;\"><strong><span style=\"font-family: verdana, geneva, sans-serif;\">Les ateliers \u00ab\u00a0dimanches <\/span><span class=\"title\"><span style=\"font-family: verdana, geneva, sans-serif;\">Shint\u00f4 Mus\u00f4 Ry\u00fb<\/span>\u00ab\u00a0<\/span><\/strong><\/span><\/span><\/a><\/em><\/p>\n<p><span style=\"font-family: verdana, geneva, sans-serif;\">Tous nos entrainements sont ouverts \u00e0 tous.<\/span><br \/><span style=\"font-family: verdana, geneva, sans-serif;\">Il est souhaitable d&rsquo;arriver sur les lieux d&rsquo;entrainements, au minimum, 1\/4h avant le d\u00e9but du cours afin de se mettre en tenue et de s&rsquo;\u00e9chauffer.<\/span><\/p>\n<p><img loading=\"lazy\" decoding=\"async\" class=\"aligncenter wp-image-4396 size-full\" src=\"https:\/\/joshin.eu\/word\/wp-content\/uploads\/2021\/05\/mon.gif\" alt=\"\" width=\"59\" height=\"47\" \/><br \/><span style=\"text-decoration: underline;\"><span style=\"font-family: verdana,geneva,sans-serif;\"><strong>Initiation<\/strong><\/span><\/span><\/p>\n<p><span style=\"font-family: verdana,geneva,sans-serif;\">Afin de d\u00e9couvrir la pratique du J\u014dd\u014d, J\u014dshin vous invite \u00e0 quelques cours d&rsquo;initiation gratuits.<br \/><\/span><span style=\"font-family: verdana,geneva,sans-serif;\">Pour b\u00e9n\u00e9ficier de ces cours d&rsquo;initiation, merci de nous contacter par <span style=\"color: #800000;\"><a style=\"color: #800000;\" href=\"mailto:info@joshin.eu\">mail<\/a> <\/span>et de lire notre page <span style=\"color: #800000;\"><a style=\"color: #800000;\" href=\"https:\/\/joshin.eu\/word\/index.php\/ethique\/\" target=\"_blank\" rel=\"noreferrer noopener\">\u00ab\u00a0Ethique\u00a0\u00bb<\/a><\/span> pour une premi\u00e8re approche des r\u00e8gles d&rsquo;un d\u014dj\u014d.<\/span><\/p>\n<p><img loading=\"lazy\" decoding=\"async\" class=\"aligncenter wp-image-4396 size-full\" src=\"https:\/\/joshin.eu\/word\/wp-content\/uploads\/2021\/05\/mon.gif\" alt=\"\" width=\"59\" height=\"47\" \/><\/p>\n<p><span style=\"text-decoration: underline;\"><span style=\"font-family: verdana, geneva, sans-serif;\"><strong>Admission<\/strong><\/span><\/span><\/p>\n<p><span style=\"font-family: verdana, geneva, sans-serif;\">L&rsquo;admission au sein du dojo pourra se faire apr\u00e8s les cours d&rsquo;initiation et avec l&rsquo;accord du professeur.<br \/><\/span><\/p>\n<p><span style=\"font-family: verdana, geneva, sans-serif;\">Le montant de l&rsquo;adh\u00e9sion annuelle au foyer rural de Guima\u00ebc <span class=\"JCzEY ZwRhJd\"><span class=\"CSkcDe\">(assurance incluse)<\/span><\/span> est de 16<span class=\"JCzEY ZwRhJd\"><span class=\"CSkcDe\">\u20ac pour les adultes et 8\u20ac pour les moins de 15 ans<\/span><\/span>. <br \/><\/span><span style=\"font-family: verdana, geneva, sans-serif;\">La participation pour le dojo est laiss\u00e9 \u00e0 l&rsquo;appr\u00e9ciation du pratiquant<\/span><span style=\"font-family: verdana, geneva, sans-serif;\"> et doit \u00eatre \u00e0 la hauteur de ses moyens. Ainsi l&rsquo;aspect financier de devant pas \u00eatre un frein dans la pratique.<\/span><\/p>\n<p><span style=\"font-family: verdana, geneva, sans-serif;\">Afin de participer \u00e0 des \u00e9v\u00e8nements nationaux ou internationaux (stages, gasshuku&#8230;), une licence annuelle peut \u00eatre prise au sein de la <span style=\"color: #993300;\"><a style=\"color: #993300;\" href=\"https:\/\/www.fej.ch\" target=\"_blank\" rel=\"noopener\">F\u00e9d\u00e9ration Europ\u00e9enne de Jodo <\/a><\/span>(FEJ).<\/span><\/p>\n<p><span style=\"font-family: verdana, geneva, sans-serif;\"><img loading=\"lazy\" decoding=\"async\" class=\"aligncenter wp-image-4396 size-full\" src=\"https:\/\/joshin.eu\/word\/wp-content\/uploads\/2021\/05\/mon.gif\" alt=\"\" width=\"59\" height=\"47\" \/><\/span><\/p>\n<p><span style=\"text-decoration: underline;\"><span style=\"font-family: verdana, geneva, sans-serif;\"><strong>Conditions<\/strong><\/span><\/span><\/p>\n<p><span style=\"font-family: verdana, geneva, sans-serif;\"><strong>* <\/strong>Pour les mineurs: une autorisation parentale est n\u00e9cessaire.<br \/><\/span><br \/><span style=\"font-family: verdana, geneva, sans-serif;\"><strong>*<\/strong> Pour tous:<br \/><\/span><span style=\"font-family: verdana, geneva, sans-serif;\">&#8211; Avoir une assurance \u00ab\u00a0accident et responsabilit\u00e9 civile\u00a0\u00bb personnelle.<br \/><\/span><span style=\"font-family: verdana, geneva, sans-serif;\">&#8211; Un certificat m\u00e9dical.<\/span><\/p>\n<p><img loading=\"lazy\" decoding=\"async\" class=\"aligncenter size-full wp-image-1785\" src=\"https:\/\/joshin.eu\/word\/wp-content\/uploads\/2019\/11\/lignedeco2.png\" alt=\"\" width=\"567\" height=\"23\" srcset=\"https:\/\/joshin.eu\/word\/wp-content\/uploads\/2019\/11\/lignedeco2.png 567w, https:\/\/joshin.eu\/word\/wp-content\/uploads\/2019\/11\/lignedeco2-300x12.png 300w\" sizes=\"(max-width: 567px) 100vw, 567px\" \/><\/p>\n<p><span style=\"font-family: verdana,geneva,sans-serif;\"><br \/>Pour plus d&rsquo;informations, \u00e9crivez-nous! <br \/><a href=\"mailto:info@joshin.eu\"><span style=\"color: #800000;\">info@joshin.eu<\/span><\/a><\/span><\/p>\n<p><img decoding=\"async\" class=\"wp-image-332\" src=\"https:\/\/joshin.eu\/word\/wp-content\/uploads\/2019\/08\/introf.gif\" alt=\"\" \/><\/p>\n<\/td>\n<td style=\"width: 1.38484%; height: 1138px;\"><span style=\"font-family: verdana,geneva,sans-serif;\"><img loading=\"lazy\" decoding=\"async\" width=\"200\" height=\"497\" class=\"wp-image-318\" style=\"width: 200px;\" src=\"https:\/\/joshin.eu\/word\/wp-content\/uploads\/2019\/08\/guanyu.gif\" alt=\"\" \/><\/span><\/td>\n<\/tr>\n<\/tbody>\n<\/table>\n<\/figure>\n\n<div class=\"wp-block-image is-style-rounded\">\n<figure class=\"aligncenter size-full\"><img loading=\"lazy\" decoding=\"async\" width=\"1010\" height=\"40\" src=\"https:\/\/joshin.eu\/word\/wp-content\/uploads\/2023\/06\/smr.jpg\" alt=\"\" class=\"wp-image-4766\" srcset=\"https:\/\/joshin.eu\/word\/wp-content\/uploads\/2023\/06\/smr.jpg 1010w, https:\/\/joshin.eu\/word\/wp-content\/uploads\/2023\/06\/smr-300x12.jpg 300w, https:\/\/joshin.eu\/word\/wp-content\/uploads\/2023\/06\/smr-768x30.jpg 768w\" sizes=\"(max-width: 1010px) 100vw, 1010px\" \/><\/figure>\n<\/div>\n\n\n<p class=\"wp-block-paragraph\"><\/p>\n","protected":false},"excerpt":{"rendered":"<p>Horaires &amp; lieux d&rsquo;entrainements Afin d&rsquo;assurer une pratique r\u00e9guli\u00e8re, J\u00f4shin propose diff\u00e9rentes s\u00e9ances d&rsquo;entrainements par semaine dans le cadre du foyer rural de Guimaec. Mardi 19h00\/21h00: Entrainement Shinto Muso Ryu JodoJeudi 19h00\/21h00: Entrainement diversifi\u00e9, Jodo, Kenjutsu, Tanjo, armes parall\u00e8les\u00a0Salle \u00ab\u00a0Ti Bugale Rannou\u00a0\u00bb par le foyer rural. Et une fois par mois: Les ateliers \u00ab\u00a0dimanches Shint\u00f4 [&hellip;]<\/p>\n","protected":false},"author":1,"featured_media":3743,"parent":0,"menu_order":0,"comment_status":"closed","ping_status":"closed","template":"","meta":{"_crdt_document":"","footnotes":""},"class_list":["post-13","page","type-page","status-publish","has-post-thumbnail","hentry"],"_links":{"self":[{"href":"https:\/\/joshin.eu\/word\/index.php\/wp-json\/wp\/v2\/pages\/13","targetHints":{"allow":["GET"]}}],"collection":[{"href":"https:\/\/joshin.eu\/word\/index.php\/wp-json\/wp\/v2\/pages"}],"about":[{"href":"https:\/\/joshin.eu\/word\/index.php\/wp-json\/wp\/v2\/types\/page"}],"author":[{"embeddable":true,"href":"https:\/\/joshin.eu\/word\/index.php\/wp-json\/wp\/v2\/users\/1"}],"replies":[{"embeddable":true,"href":"https:\/\/joshin.eu\/word\/index.php\/wp-json\/wp\/v2\/comments?post=13"}],"version-history":[{"count":173,"href":"https:\/\/joshin.eu\/word\/index.php\/wp-json\/wp\/v2\/pages\/13\/revisions"}],"predecessor-version":[{"id":5554,"href":"https:\/\/joshin.eu\/word\/index.php\/wp-json\/wp\/v2\/pages\/13\/revisions\/5554"}],"wp:featuredmedia":[{"embeddable":true,"href":"https:\/\/joshin.eu\/word\/index.php\/wp-json\/wp\/v2\/media\/3743"}],"wp:attachment":[{"href":"https:\/\/joshin.eu\/word\/index.php\/wp-json\/wp\/v2\/media?parent=13"}],"curies":[{"name":"wp","href":"https:\/\/api.w.org\/{rel}","templated":true}]}}