{"id":1138,"date":"2019-09-25T19:23:30","date_gmt":"2019-09-25T17:23:30","guid":{"rendered":"http:\/\/joshin.eu\/word\/?page_id=1138"},"modified":"2025-10-05T19:23:43","modified_gmt":"2025-10-05T17:23:43","slug":"lenseignant","status":"publish","type":"page","link":"https:\/\/joshin.eu\/word\/index.php\/lenseignant\/","title":{"rendered":"Enseignant"},"content":{"rendered":"<div class=\"wp-block-image is-style-rounded\">\r\n<figure class=\"aligncenter size-large\"><img decoding=\"async\" width=\"1024\" height=\"44\" class=\"wp-image-3899\" src=\"https:\/\/joshin.eu\/word\/wp-content\/uploads\/2021\/04\/joshin-dojo-titre-2-1024x44.jpg\" alt=\"\" srcset=\"https:\/\/joshin.eu\/word\/wp-content\/uploads\/2021\/04\/joshin-dojo-titre-2-1024x44.jpg 1024w, https:\/\/joshin.eu\/word\/wp-content\/uploads\/2021\/04\/joshin-dojo-titre-2-300x13.jpg 300w, https:\/\/joshin.eu\/word\/wp-content\/uploads\/2021\/04\/joshin-dojo-titre-2-768x33.jpg 768w, https:\/\/joshin.eu\/word\/wp-content\/uploads\/2021\/04\/joshin-dojo-titre-2-1536x66.jpg 1536w, https:\/\/joshin.eu\/word\/wp-content\/uploads\/2021\/04\/joshin-dojo-titre-2-2048x88.jpg 2048w\" sizes=\"(max-width: 1024px) 100vw, 1024px\" \/><\/figure>\r\n<\/div>\r\n\r\n<div class=\"wp-block-image is-resized is-style-rounded\">\r\n<figure class=\"aligncenter size-large\"><img fetchpriority=\"high\" decoding=\"async\" width=\"1024\" height=\"819\" class=\"wp-image-131\" style=\"width: 106px; height: auto;\" src=\"https:\/\/joshin.eu\/word\/wp-content\/uploads\/2019\/04\/84-1024x819.png\" alt=\"Joshin Dojo Basel\" srcset=\"https:\/\/joshin.eu\/word\/wp-content\/uploads\/2019\/04\/84-1024x819.png 1024w, https:\/\/joshin.eu\/word\/wp-content\/uploads\/2019\/04\/84-300x240.png 300w, https:\/\/joshin.eu\/word\/wp-content\/uploads\/2019\/04\/84-768x614.png 768w, https:\/\/joshin.eu\/word\/wp-content\/uploads\/2019\/04\/84-375x300.png 375w, https:\/\/joshin.eu\/word\/wp-content\/uploads\/2019\/04\/84.png 1888w\" sizes=\"(max-width: 1024px) 100vw, 1024px\" \/><\/figure>\r\n<\/div>\r\n\r\n\r\n<figure class=\"wp-block-table is-style-regular\"><br \/>\r\n<table style=\"height: 3319px; width: 101.548%; border-collapse: collapse; border-style: none;\">\r\n<tbody>\r\n<tr style=\"height: 524px;\">\r\n<td style=\"width: 1.17096%; text-align: center; height: 163px;\" colspan=\"3\">\r\n<p><span style=\"font-family: verdana, geneva, sans-serif;\"><strong>Le parcours de Luc Quaglia<br \/><\/strong><\/span><\/p>\r\n<p><img decoding=\"async\" class=\"aligncenter wp-image-81\" src=\"https:\/\/joshin.eu\/word\/wp-content\/uploads\/2019\/04\/cropped-1a.jpg\" alt=\"\" width=\"810\" height=\"486\" srcset=\"https:\/\/joshin.eu\/word\/wp-content\/uploads\/2019\/04\/cropped-1a.jpg 2000w, https:\/\/joshin.eu\/word\/wp-content\/uploads\/2019\/04\/cropped-1a-300x180.jpg 300w, https:\/\/joshin.eu\/word\/wp-content\/uploads\/2019\/04\/cropped-1a-768x461.jpg 768w, https:\/\/joshin.eu\/word\/wp-content\/uploads\/2019\/04\/cropped-1a-1024x614.jpg 1024w\" sizes=\"(max-width: 810px) 100vw, 810px\" \/><img loading=\"lazy\" decoding=\"async\" class=\"aligncenter wp-image-4439\" src=\"https:\/\/joshin.eu\/word\/wp-content\/uploads\/2021\/05\/logoluc.gif\" alt=\"\" width=\"68\" height=\"68\" \/><\/p>\r\n<\/td>\r\n<\/tr>\r\n<tr style=\"height: 27px;\">\r\n<td style=\"width: 1.17096%; text-align: center; height: 27px;\" colspan=\"3\"><span style=\"font-family: verdana, geneva, sans-serif;\"><img loading=\"lazy\" decoding=\"async\" class=\"aligncenter wp-image-2166 size-full\" src=\"https:\/\/joshin.eu\/word\/wp-content\/uploads\/2019\/11\/ligne.gif\" alt=\"\" width=\"800\" height=\"10\" \/><\/span><\/td>\r\n<\/tr>\r\n<tr style=\"height: 3200px;\">\r\n<td style=\"height: 3119px; text-align: center; vertical-align: top;\" colspan=\"3\">\r\n<p><span style=\"font-family: verdana, geneva, sans-serif;\"><strong>2025<br \/><\/strong><\/span><span style=\"font-family: verdana, geneva, sans-serif;\">Les cours hebdomadaires s&rsquo;installent progressivement sur Guimaec. <br \/>Luc propose aussi des ateliers une fois par mois <a href=\"https:\/\/joshin.eu\/word\/wp-content\/uploads\/2024\/09\/maquette-ateliers-dimanche-small.jpg\" target=\"_blank\" rel=\"noopener\">\u00ab\u00a0Dimanches Shint<span class=\"titrerouge\">\u014d<\/span> Mus<span class=\"titrerouge\">\u014d<\/span> Ryu\u00a0\u00bb.<\/a><\/span><\/p>\r\n<p><img loading=\"lazy\" decoding=\"async\" class=\"aligncenter wp-image-4409 size-full\" src=\"https:\/\/joshin.eu\/word\/wp-content\/uploads\/2021\/05\/mon-1.gif\" alt=\"\" width=\"50\" height=\"40\" \/><\/p>\r\n<p><strong><span style=\"font-family: verdana, geneva, sans-serif;\">2023<br \/><\/span><\/strong><span style=\"font-family: verdana, geneva, sans-serif;\">Luc transfert J<span class=\"titrerouge\">\u014d<\/span>shin de B\u00e2le (Suisse) \u00e0 Guima\u00ebc (France). Le dojo se met en place et pr\u00e9pare sa rentr\u00e9e pour Novembre.<br \/><\/span><\/p>\r\n<p><span style=\"font-family: verdana, geneva, sans-serif;\">Luc intervient au sein de l&rsquo;A\u00efki Dojo Sankaku pour enseigner Shint<span class=\"titrerouge\">\u014d<\/span> Mus<span class=\"titrerouge\">\u014d<\/span> Ryu sur Morlaix.<br \/><\/span><\/p>\r\n<p><span style=\"font-family: verdana, geneva, sans-serif;\"><img loading=\"lazy\" decoding=\"async\" class=\"aligncenter wp-image-4409 size-full\" src=\"https:\/\/joshin.eu\/word\/wp-content\/uploads\/2021\/05\/mon-1.gif\" alt=\"\" width=\"50\" height=\"40\" \/><\/span><\/p>\r\n<p><span style=\"font-family: verdana, geneva, sans-serif;\"><strong>2020<br \/><\/strong>Sur proposition d&rsquo;Yves Galley, Luc re\u00e7oit le \u00ab<span style=\"color: #800000;\"><a style=\"color: #800000;\" href=\"https:\/\/joshin.eu\/word\/wp-content\/uploads\/2020\/01\/SeiRyuKaiEuropeEn.pdf\" target=\"_blank\" rel=\"noopener\">Oku Iri<\/a><\/span>\u00bb de Sei-Ry\u00fb-Kai-Europe, des mains de Pascal Krieger Sense\u00ef.<\/span><span style=\"font-family: verdana, geneva, sans-serif;\"><a href=\"https:\/\/joshin.eu\/word\/wp-content\/uploads\/2020\/01\/oku-iri-2.jpg\"><img loading=\"lazy\" decoding=\"async\" class=\"aligncenter wp-image-2697 size-medium\" src=\"https:\/\/joshin.eu\/word\/wp-content\/uploads\/2020\/01\/oku-iri-2-258x300.jpg\" alt=\"\" width=\"258\" height=\"300\" srcset=\"https:\/\/joshin.eu\/word\/wp-content\/uploads\/2020\/01\/oku-iri-2-258x300.jpg 258w, https:\/\/joshin.eu\/word\/wp-content\/uploads\/2020\/01\/oku-iri-2-879x1024.jpg 879w, https:\/\/joshin.eu\/word\/wp-content\/uploads\/2020\/01\/oku-iri-2-768x894.jpg 768w, https:\/\/joshin.eu\/word\/wp-content\/uploads\/2020\/01\/oku-iri-2-1319x1536.jpg 1319w, https:\/\/joshin.eu\/word\/wp-content\/uploads\/2020\/01\/oku-iri-2-1759x2048.jpg 1759w, https:\/\/joshin.eu\/word\/wp-content\/uploads\/2020\/01\/oku-iri-2.jpg 1896w\" sizes=\"(max-width: 258px) 100vw, 258px\" \/><\/a><\/span><\/p>\r\n<p><img loading=\"lazy\" decoding=\"async\" class=\"aligncenter wp-image-4409 size-full\" src=\"https:\/\/joshin.eu\/word\/wp-content\/uploads\/2021\/05\/mon-1.gif\" alt=\"\" width=\"50\" height=\"40\" \/><\/p>\r\n<p><span style=\"font-family: verdana, geneva, sans-serif;\"><strong>2016 <\/strong><\/span><br \/><span style=\"font-family: verdana, geneva, sans-serif;\">Nidan SMR<\/span><br \/><span style=\"font-family: verdana, geneva, sans-serif;\">d\u00e9livr\u00e9 par Michel Ducret Sense\u00ef<\/span><\/p>\r\n<p><img loading=\"lazy\" decoding=\"async\" class=\"aligncenter wp-image-4409 size-full\" src=\"https:\/\/joshin.eu\/word\/wp-content\/uploads\/2021\/05\/mon-1.gif\" alt=\"\" width=\"50\" height=\"40\" \/><\/p>\r\n<p><span style=\"font-family: verdana, geneva, sans-serif;\"><strong>2014<\/strong><\/span><br \/><span style=\"font-family: verdana, geneva, sans-serif;\">Shodan SMR<\/span><br \/><span style=\"font-family: verdana, geneva, sans-serif;\">d\u00e9livr\u00e9 par Pascal Krieger Sense\u00ef<\/span><\/p>\r\n<p><img loading=\"lazy\" decoding=\"async\" class=\"aligncenter wp-image-4409 size-full\" src=\"https:\/\/joshin.eu\/word\/wp-content\/uploads\/2021\/05\/mon-1.gif\" alt=\"\" width=\"50\" height=\"40\" \/><\/p>\r\n<p><span style=\"font-family: verdana, geneva, sans-serif;\"><strong>2013<br \/><\/strong><\/span><span style=\"font-family: verdana, geneva, sans-serif;\"><em><span style=\"text-decoration: underline;\">\u00ab\u00a0D\u00e9construire pour reconstruire\u00a0\u00bb<\/span><\/em><br \/><\/span><span style=\"font-family: verdana, geneva, sans-serif;\">Luc reconsid\u00e8re son enseignement et sa pratique depuis les bases afin d&rsquo;int\u00e9grer l&rsquo;enseignement de Nishioka Sense\u00ef, transmis par Pascal Krieger au sein de la FEJ. <br \/>Fin \u00e0 la participation aux comp\u00e9titions (ZNKR). <br \/>Rattachement officiel de J<span class=\"titrerouge\">\u014d<\/span>shin \u00e0 la FEJ.<\/span><\/p>\r\n<p><img loading=\"lazy\" decoding=\"async\" class=\"aligncenter wp-image-4409 size-full\" src=\"https:\/\/joshin.eu\/word\/wp-content\/uploads\/2021\/05\/mon-1.gif\" alt=\"\" width=\"50\" height=\"40\" \/><\/p>\r\n<p><span style=\"font-family: verdana, geneva, sans-serif;\"><strong>2012<\/strong><\/span><br \/><span style=\"font-family: verdana, geneva, sans-serif;\">Titulaire du <span style=\"color: #800000;\"><a style=\"color: #800000;\" href=\"https:\/\/joshin.eu\/word\/wp-content\/uploads\/2020\/01\/DEFINITION-ET-MODALITES-DU-CFEB-CNKDR.pdf\" target=\"_blank\" rel=\"noopener\">C.F.E.B.<\/a><\/span> France<\/span><br \/><span style=\"font-family: verdana, geneva, sans-serif;\"><em>(Certificat F\u00e9d\u00e9ral d\u2019Enseignement B\u00e9n\u00e9vole)<br \/><\/em><\/span><br \/><span style=\"text-decoration: underline;\"><span style=\"font-family: verdana, geneva, sans-serif;\">Championnat de France<\/span><\/span><br \/><span style=\"font-family: verdana, geneva, sans-serif;\">Individuel Sandan: \u00ab\u00a0M\u00e9daille de bronze\u00a0\u00bb.<\/span><br \/><span style=\"font-family: verdana, geneva, sans-serif;\">Equipe : \u00ab\u00a0M\u00e9daille de bronze\u00a0\u00bb.<\/span><\/p>\r\n<p><img loading=\"lazy\" decoding=\"async\" class=\"aligncenter wp-image-4409 size-full\" src=\"https:\/\/joshin.eu\/word\/wp-content\/uploads\/2021\/05\/mon-1.gif\" alt=\"\" width=\"50\" height=\"40\" \/><\/p>\r\n<p><span style=\"font-family: verdana, geneva, sans-serif;\"><strong>2011<\/strong><\/span><br \/><span style=\"font-family: verdana, geneva, sans-serif;\">Ouverture de J<span class=\"titrerouge\">\u014d<\/span>shin \u00e0 B\u00e2le, Suisse.<\/span><br \/><span style=\"font-family: verdana, geneva, sans-serif;\">Enseignement de Sete J<span class=\"titrerouge\">\u014d<\/span>.<\/span><\/p>\r\n<p><span style=\"text-decoration: underline;\"><span style=\"font-family: verdana, geneva, sans-serif;\">Championnat de France<\/span><\/span><br \/><span style=\"font-family: verdana, geneva, sans-serif;\">Individuel Nidan: \u00ab\u00a0M\u00e9daille d\u2019Argent\u00a0\u00bb.<\/span><br \/><br \/><span style=\"font-family: verdana, geneva, sans-serif;\">Sandan ZNKR <\/span><br \/><span style=\"font-family: verdana, geneva, sans-serif;\">d\u00e9livr\u00e9 par la commission technique fran\u00e7aise de J<span class=\"titrerouge\">\u014d<\/span>d<span class=\"titrerouge\">\u014d<\/span><\/span><br \/><br \/><span style=\"font-family: verdana, geneva, sans-serif;\">S\u00e9lection Equipe de France pour Championnat d&rsquo;Europe.<\/span><\/p>\r\n<p><span style=\"font-family: verdana, geneva, sans-serif;\">Premi\u00e8res rencontres et entrainements avec les enseignants de la <a href=\"http:\/\/www.fej.ch\" target=\"_blank\" rel=\"noopener noreferrer\"><em><span style=\"color: #800000;\">F\u00e9d\u00e9ration Europ\u00e9enne de J<span class=\"titrerouge\">\u014d<\/span>d<\/span><\/em><span style=\"color: #800000;\"><em><span class=\"titrerouge\">\u014d<\/span>,\u00a0 <\/em><\/span><\/a><\/span><\/p>\r\n<p><span style=\"font-family: verdana, geneva, sans-serif;\">D\u00e9but des entrainements r\u00e9guliers avec <\/span><span style=\"font-family: verdana, geneva, sans-serif;\">Yves Galley.<\/span><\/p>\r\n<p><img loading=\"lazy\" decoding=\"async\" class=\"aligncenter wp-image-4409 size-full\" src=\"https:\/\/joshin.eu\/word\/wp-content\/uploads\/2021\/05\/mon-1.gif\" alt=\"\" width=\"50\" height=\"40\" \/><\/p>\r\n<p><span style=\"font-family: verdana, geneva, sans-serif;\"><strong>2010<\/strong><\/span><br \/><span style=\"font-family: verdana, geneva, sans-serif;\">Membre fondateur de Ryushin \u00e0 Paris.<br \/>Etude avec Luc Antoine Salmont.<\/span><br \/><br \/><span style=\"text-decoration: underline;\"><span style=\"font-family: verdana, geneva, sans-serif;\">Championnat de France<\/span><\/span><br \/><span style=\"font-family: verdana, geneva, sans-serif;\">Individuel Nidan: \u00ab\u00a0M\u00e9daille d\u2019Or\u00a0\u00bb.<\/span><br \/><span style=\"font-family: verdana, geneva, sans-serif;\">Equipe: \u00ab\u00a0M\u00e9daille d\u2019Or\u00a0\u00bb.<\/span><br \/><br \/><span style=\"text-decoration: underline;\"><span style=\"font-family: verdana, geneva, sans-serif;\">Paris J<span class=\"titrerouge\">\u014d<\/span>d<span class=\"titrerouge\">\u014d<\/span> Sa\u00ef<\/span><\/span><br \/><span style=\"font-family: verdana, geneva, sans-serif;\">Vainqueur de la Coupe \u00ab\u00a0Matsumura\u00a0 Sense\u00ef\u00a0\u00bb.<\/span><br \/><span style=\"font-family: verdana, geneva, sans-serif;\">Equipe: \u00ab M\u00e9daille de Bronze \u00bb .<\/span><\/p>\r\n<p><span style=\"font-family: verdana, geneva, sans-serif;\">S\u00e9lection Equipe de France pour Championnat d&rsquo;Europe.<\/span><\/p>\r\n<p><img loading=\"lazy\" decoding=\"async\" class=\"aligncenter wp-image-4409 size-full\" src=\"https:\/\/joshin.eu\/word\/wp-content\/uploads\/2021\/05\/mon-1.gif\" alt=\"\" width=\"50\" height=\"40\" \/><\/p>\r\n<p><span style=\"text-decoration: underline;\"><span style=\"font-family: verdana, geneva, sans-serif;\"><strong>2009<\/strong><\/span><\/span><br \/><span style=\"text-decoration: underline;\"><span style=\"font-family: verdana, geneva, sans-serif;\">Championnat de France<\/span><\/span><br \/><span style=\"font-family: verdana, geneva, sans-serif;\">Individuel Shodan: \u00ab M\u00e9daille d\u2019Or \u00bb.<\/span><\/p>\r\n<p><span style=\"font-family: verdana, geneva, sans-serif;\">Equipe: \u00ab M\u00e9daille de Bronze \u00bb.<\/span><\/p>\r\n<p><span style=\"font-family: verdana, geneva, sans-serif;\">S\u00e9lection Equipe de France pour Championnat d&rsquo;Europe.<\/span><br \/><br \/><span style=\"font-family: verdana, geneva, sans-serif;\"><span style=\"text-decoration: underline;\">Championnat d\u2019Europe (Merlot)<\/span><br \/><\/span><span style=\"font-family: verdana, geneva, sans-serif;\">Nidan: \u00ab Fighting Spirit \u00bb.<\/span><br \/><br \/><span style=\"font-family: verdana, geneva, sans-serif;\">Nidan ZNKR<\/span><br \/><span style=\"font-family: verdana, geneva, sans-serif;\">d\u00e9livr\u00e9 par la commission technique fran\u00e7aise de J<span class=\"titrerouge\">\u014d<\/span>d<span class=\"titrerouge\">\u014d<\/span><\/span><\/p>\r\n<p><img loading=\"lazy\" decoding=\"async\" class=\"aligncenter wp-image-4409 size-full\" src=\"https:\/\/joshin.eu\/word\/wp-content\/uploads\/2021\/05\/mon-1.gif\" alt=\"\" width=\"50\" height=\"40\" \/><\/p>\r\n<p><span style=\"text-decoration: underline;\"><span style=\"font-family: verdana, geneva, sans-serif;\"><strong>2008<\/strong><\/span><\/span><br \/><span style=\"text-decoration: underline;\"><span style=\"font-family: verdana, geneva, sans-serif;\">Championnat France<\/span><\/span><br \/><span style=\"font-family: verdana, geneva, sans-serif;\">Individuel Shodan: \u00ab M\u00e9daille d\u2019Argent \u00bb<\/span><br \/><br \/><span style=\"text-decoration: underline;\"><span style=\"font-family: verdana, geneva, sans-serif;\">Paris J<span class=\"titrerouge\">\u014d<\/span>d<span class=\"titrerouge\">\u014d<\/span> Sa\u00ef<\/span><\/span><br \/><span style=\"font-family: verdana, geneva, sans-serif;\">Individuel Shodan: \u00ab\u00a0M\u00e9daille d\u2019Or\u00a0\u00bb.<\/span><br \/><br \/><span style=\"font-family: verdana, geneva, sans-serif;\">S\u00e9lection Equipe de France pour Championnat d&rsquo;Eur<\/span><span style=\"font-family: verdana, geneva, sans-serif;\">ope.<\/span><\/p>\r\n<p><img loading=\"lazy\" decoding=\"async\" class=\"aligncenter wp-image-4409 size-full\" src=\"https:\/\/joshin.eu\/word\/wp-content\/uploads\/2021\/05\/mon-1.gif\" alt=\"\" width=\"50\" height=\"40\" \/><\/p>\r\n<p><span style=\"font-family: verdana, geneva, sans-serif;\"><strong>2007<\/strong><\/span><br \/><span style=\"font-family: verdana, geneva, sans-serif;\">S\u00e9lection Equipe de France pour Championnat d&rsquo;Europe.<\/span><\/p>\r\n<p><span style=\"text-decoration: underline;\"><span style=\"font-family: verdana, geneva, sans-serif;\">Championnat d\u2019Europe (Paris)<\/span><\/span><br \/><span style=\"font-family: verdana, geneva, sans-serif;\">1er kyu: \u00ab\u00a0M\u00e9daille de Bronze\u00a0\u00bb.<\/span><br \/><br \/><span style=\"font-family: verdana, geneva, sans-serif;\">Shodan ZNKR.<\/span><br \/><span style=\"font-family: verdana, geneva, sans-serif;\">d\u00e9livr\u00e9 par Matsumura Shig\u00e9hiro Sense\u00ef<\/span><\/p>\r\n<p><img loading=\"lazy\" decoding=\"async\" class=\"aligncenter wp-image-4409 size-full\" src=\"https:\/\/joshin.eu\/word\/wp-content\/uploads\/2021\/05\/mon-1.gif\" alt=\"\" width=\"50\" height=\"40\" \/><\/p>\r\n<p><span style=\"font-family: verdana, geneva, sans-serif;\"><strong> 2005<\/strong><\/span><br \/><span style=\"font-family: verdana, geneva, sans-serif;\">D\u00e9but de l\u2019\u00e9tude Sete J<span class=\"titrerouge\">\u014d<\/span>d<span class=\"titrerouge\">\u014d<\/span> aupr\u00e8s de Luc Beurel Sense\u00ef<\/span><br \/><span style=\"font-family: verdana, geneva, sans-serif;\">(Paris).<\/span><\/p>\r\n<p><img loading=\"lazy\" decoding=\"async\" class=\"aligncenter size-full wp-image-339\" src=\"https:\/\/joshin.eu\/word\/wp-content\/uploads\/2019\/08\/introf-1.gif\" alt=\"\" width=\"85\" height=\"21\" \/><\/p>\r\n<\/td>\r\n<\/tr>\r\n<tr style=\"height: 68px;\">\r\n<td style=\"width: 1.17096%; text-align: center; vertical-align: top; height: 10px;\" colspan=\"3\">\r\n<p><strong><span style=\"font-family: verdana, geneva, sans-serif;\"><img loading=\"lazy\" decoding=\"async\" class=\"aligncenter wp-image-3367 size-full\" src=\"https:\/\/joshin.eu\/word\/wp-content\/uploads\/2020\/11\/luco3.jpg\" alt=\"\" width=\"299\" height=\"415\" srcset=\"https:\/\/joshin.eu\/word\/wp-content\/uploads\/2020\/11\/luco3.jpg 299w, https:\/\/joshin.eu\/word\/wp-content\/uploads\/2020\/11\/luco3-216x300.jpg 216w\" sizes=\"(max-width: 299px) 100vw, 299px\" \/><\/span><\/strong><\/p>\r\n<\/td>\r\n<\/tr>\r\n<\/tbody>\r\n<\/table>\r\n<\/figure>\r\n\r\n\r\n<div class=\"wp-block-image\">\r\n<figure class=\"aligncenter size-large\"><img loading=\"lazy\" decoding=\"async\" width=\"134\" height=\"100\" class=\"wp-image-4412\" src=\"https:\/\/joshin.eu\/word\/wp-content\/uploads\/2021\/05\/batanim.gif\" alt=\"\" \/><\/figure>\r\n<\/div>\r\n\r\n<div class=\"wp-block-image is-style-rounded\">\r\n<figure class=\"aligncenter size-full\"><img loading=\"lazy\" decoding=\"async\" width=\"1010\" height=\"40\" class=\"wp-image-4766\" src=\"https:\/\/joshin.eu\/word\/wp-content\/uploads\/2023\/06\/smr.jpg\" alt=\"\" srcset=\"https:\/\/joshin.eu\/word\/wp-content\/uploads\/2023\/06\/smr.jpg 1010w, https:\/\/joshin.eu\/word\/wp-content\/uploads\/2023\/06\/smr-300x12.jpg 300w, https:\/\/joshin.eu\/word\/wp-content\/uploads\/2023\/06\/smr-768x30.jpg 768w\" sizes=\"(max-width: 1010px) 100vw, 1010px\" \/><\/figure>\r\n<\/div>\r\n\r\n\r\n<p class=\"wp-block-paragraph\">&nbsp;<\/p>\r\n","protected":false},"excerpt":{"rendered":"<p>Le parcours de Luc Quaglia 2025Les cours hebdomadaires s&rsquo;installent progressivement sur Guimaec. Luc propose aussi des ateliers une fois par mois \u00ab\u00a0Dimanches Shint\u014d Mus\u014d Ryu\u00a0\u00bb. 2023Luc transfert J\u014dshin de B\u00e2le (Suisse) \u00e0 Guima\u00ebc (France). Le dojo se met en place et pr\u00e9pare sa rentr\u00e9e pour Novembre. Luc intervient au sein de l&rsquo;A\u00efki Dojo Sankaku pour [&hellip;]<\/p>\n","protected":false},"author":1,"featured_media":3741,"parent":0,"menu_order":0,"comment_status":"closed","ping_status":"closed","template":"","meta":{"_crdt_document":"","footnotes":""},"class_list":["post-1138","page","type-page","status-publish","has-post-thumbnail","hentry"],"_links":{"self":[{"href":"https:\/\/joshin.eu\/word\/index.php\/wp-json\/wp\/v2\/pages\/1138","targetHints":{"allow":["GET"]}}],"collection":[{"href":"https:\/\/joshin.eu\/word\/index.php\/wp-json\/wp\/v2\/pages"}],"about":[{"href":"https:\/\/joshin.eu\/word\/index.php\/wp-json\/wp\/v2\/types\/page"}],"author":[{"embeddable":true,"href":"https:\/\/joshin.eu\/word\/index.php\/wp-json\/wp\/v2\/users\/1"}],"replies":[{"embeddable":true,"href":"https:\/\/joshin.eu\/word\/index.php\/wp-json\/wp\/v2\/comments?post=1138"}],"version-history":[{"count":187,"href":"https:\/\/joshin.eu\/word\/index.php\/wp-json\/wp\/v2\/pages\/1138\/revisions"}],"predecessor-version":[{"id":5568,"href":"https:\/\/joshin.eu\/word\/index.php\/wp-json\/wp\/v2\/pages\/1138\/revisions\/5568"}],"wp:featuredmedia":[{"embeddable":true,"href":"https:\/\/joshin.eu\/word\/index.php\/wp-json\/wp\/v2\/media\/3741"}],"wp:attachment":[{"href":"https:\/\/joshin.eu\/word\/index.php\/wp-json\/wp\/v2\/media?parent=1138"}],"curies":[{"name":"wp","href":"https:\/\/api.w.org\/{rel}","templated":true}]}}