{"id":1089,"date":"2019-09-25T18:01:32","date_gmt":"2019-09-25T16:01:32","guid":{"rendered":"http:\/\/joshin.eu\/word\/?page_id=1089"},"modified":"2025-10-03T18:36:49","modified_gmt":"2025-10-03T16:36:49","slug":"historique-de-shinto-muso-ryu","status":"publish","type":"page","link":"https:\/\/joshin.eu\/word\/index.php\/historique-de-shinto-muso-ryu\/","title":{"rendered":"Historique &#038; Ethique"},"content":{"rendered":"<div class=\"wp-block-image is-style-rounded\">\r\n<figure class=\"aligncenter size-large\"><img decoding=\"async\" width=\"1024\" height=\"44\" class=\"wp-image-3899\" src=\"https:\/\/joshin.eu\/word\/wp-content\/uploads\/2021\/04\/joshin-dojo-titre-2-1024x44.jpg\" alt=\"\" srcset=\"https:\/\/joshin.eu\/word\/wp-content\/uploads\/2021\/04\/joshin-dojo-titre-2-1024x44.jpg 1024w, https:\/\/joshin.eu\/word\/wp-content\/uploads\/2021\/04\/joshin-dojo-titre-2-300x13.jpg 300w, https:\/\/joshin.eu\/word\/wp-content\/uploads\/2021\/04\/joshin-dojo-titre-2-768x33.jpg 768w, https:\/\/joshin.eu\/word\/wp-content\/uploads\/2021\/04\/joshin-dojo-titre-2-1536x66.jpg 1536w, https:\/\/joshin.eu\/word\/wp-content\/uploads\/2021\/04\/joshin-dojo-titre-2-2048x88.jpg 2048w\" sizes=\"(max-width: 1024px) 100vw, 1024px\" \/><\/figure>\r\n<\/div>\r\n\r\n\r\n<figure class=\"wp-block-table is-style-regular\">\r\n<table style=\"height: 84px; width: 100%; border-style: none;\">\r\n<tbody>\r\n<tr style=\"height: 21px;\">\r\n<td style=\"height: 21px; width: 0.172414%;\">\u00a0<\/td>\r\n<td style=\"width: 7.58617%; height: 21px;\">\u00a0<\/td>\r\n<td style=\"height: 21px; width: 84.1379%;\"><img decoding=\"async\" class=\"wp-image-131 aligncenter\" src=\"https:\/\/joshin.eu\/word\/wp-content\/uploads\/2019\/04\/84-300x240.png\" alt=\"Joshin Dojo Basel\" width=\"74\" height=\"59\" srcset=\"https:\/\/joshin.eu\/word\/wp-content\/uploads\/2019\/04\/84-300x240.png 300w, https:\/\/joshin.eu\/word\/wp-content\/uploads\/2019\/04\/84-768x614.png 768w, https:\/\/joshin.eu\/word\/wp-content\/uploads\/2019\/04\/84-1024x819.png 1024w, https:\/\/joshin.eu\/word\/wp-content\/uploads\/2019\/04\/84-375x300.png 375w, https:\/\/joshin.eu\/word\/wp-content\/uploads\/2019\/04\/84.png 1888w\" sizes=\"(max-width: 74px) 100vw, 74px\" \/><\/td>\r\n<td style=\"width: 1.91939%; height: 21px;\">\u00a0<\/td>\r\n<td style=\"height: 21px; width: 0.172414%;\">\u00a0<\/td>\r\n<\/tr>\r\n<tr style=\"height: 21px;\">\r\n<td style=\"height: 21px; width: 0.172414%;\">\u00a0<\/td>\r\n<td style=\"text-align: center; width: 7.58617%; height: 21px;\">\u00a0<\/td>\r\n<td style=\"height: 21px; width: 84.1379%; text-align: center;\"><span style=\"font-family: verdana, geneva, sans-serif;\">Le \u00ab\u00a0J\u00f4jutsu\u00a0\u00bb est issu des d\u00e9fis que se lan\u00e7aient les Samoura\u00efs&#8230;<br \/><\/span><span style=\"font-family: verdana, geneva, sans-serif;\">Le J\u00f4jutsu est n\u00e9 \u00e0 la suite d&rsquo;une d\u00e9faite!<\/span><br \/><span style=\"font-family: verdana, geneva, sans-serif;\"><img decoding=\"async\" class=\"wp-image-364 aligncenter\" src=\"https:\/\/joshin.eu\/word\/wp-content\/uploads\/2019\/08\/SMRJ_Shodo-PK.png\" alt=\"\" width=\"99\" height=\"382\" srcset=\"https:\/\/joshin.eu\/word\/wp-content\/uploads\/2019\/08\/SMRJ_Shodo-PK.png 259w, https:\/\/joshin.eu\/word\/wp-content\/uploads\/2019\/08\/SMRJ_Shodo-PK-78x300.png 78w\" sizes=\"(max-width: 99px) 100vw, 99px\" \/><\/span><br \/><span style=\"font-family: verdana, geneva, sans-serif; font-size: 14px;\"><em>\u00ab\u00a0Shint\u014d Mus\u014d Ry\u00fb J\u014d\u00a0\u00bb<\/em><\/span><br \/><span style=\"font-family: verdana, geneva, sans-serif; font-size: 14px;\"><span style=\"font-family: verdana, geneva, sans-serif; font-size: 14px;\"><em>par P. Krieger<\/em><\/span><\/span>\r\n<p><img loading=\"lazy\" decoding=\"async\" class=\"aligncenter size-full wp-image-622\" src=\"https:\/\/joshin.eu\/word\/wp-content\/uploads\/2019\/09\/line-dot-440-white-English02.gif\" alt=\"\" width=\"440\" height=\"14\" \/><\/p>\r\n<p><span style=\"font-family: verdana, geneva, sans-serif; color: #000000; font-size: 24px;\"><em>La l\u00e9gende&#8230;<\/em><\/span><br \/><span style=\"font-family: verdana, geneva, sans-serif;\">C\u2019est en 1605 que Shint\u00f4 Mus\u00f4 Ry\u00fb vit le jour. <\/span><br \/><span style=\"font-family: verdana, geneva, sans-serif;\">Le fondateur Muso Gonnosuke avait suivi l\u2019enseignement de Tenshin Sh\u014dden Katori Shint\u014d Ry\u00fb, fond\u00e9 par Iizasa Choisai Ienao. <\/span><br \/><span style=\"font-family: verdana, geneva, sans-serif;\">Mus\u00f4 Gonnosuke obtint une licence d\u2019enseignement (Menkyo). Il fit \u00e9galement partie de Kashima Jikishin Kage Ry\u00fb, fond\u00e9 par Matsumoto Bizen no Kami.<\/span><br \/><span style=\"font-family: verdana, geneva, sans-serif;\"><img loading=\"lazy\" decoding=\"async\" width=\"374\" height=\"384\" class=\"wp-image-583\" src=\"https:\/\/joshin.eu\/word\/wp-content\/uploads\/2019\/09\/Muso-Gonnosuke.jpg\" alt=\"\" srcset=\"https:\/\/joshin.eu\/word\/wp-content\/uploads\/2019\/09\/Muso-Gonnosuke.jpg 374w, https:\/\/joshin.eu\/word\/wp-content\/uploads\/2019\/09\/Muso-Gonnosuke-292x300.jpg 292w\" sizes=\"(max-width: 374px) 100vw, 374px\" \/><\/span><br \/><span style=\"font-family: verdana, geneva, sans-serif; font-size: 14px;\"><em>Mus\u014d Gonnosuke<\/em><\/span><br \/><span style=\"font-family: verdana, geneva, sans-serif;\">La l\u00e9gende veut que Mus\u00f4 Gonnosuke se soit rendu \u00e0 Edo au d\u00e9but de la p\u00e9riode Keich\u014d (1596-1614).<\/span><br \/><span style=\"font-family: verdana, geneva, sans-serif;\">Il se mesura avec les meilleures lames de la cit\u00e9 et ne fut jamais vaincu jusqu\u2019au jour o\u00f9 il rencontra Myamoto Musashi.<\/span><br \/><span style=\"font-family: verdana, geneva, sans-serif;\">Gonnosuke sut qu\u2019il avait trouv\u00e9 son ma\u00eetre quand il r\u00e9alisa qu\u2019il ne pouvait \u00e9chapper \u00e0 la technique de Jujidome (blocage en forme de croix) que lui opposait Musashi.<\/span><br \/><span style=\"font-family: verdana, geneva, sans-serif;\">Apr\u00e8s cette d\u00e9faite, Gonnosuke sillonna le pays pour y \u00e9tudier de nombreux styles d\u2019arts martiaux, d\u00e9termin\u00e9 \u00e0 vaincre le Jujidome de Musashi.<\/span><br \/><span style=\"font-family: verdana, geneva, sans-serif;\">Apr\u00e8s plusieurs ann\u00e9es, il arriva dans la Province de Chikuzen et s&rsquo;arr\u00eata dans une ville qui porte aujourd&rsquo;hui le nom de Dazaifu, dans la Pr\u00e9fecture de Fukuoka, au Nord de l&rsquo;\u00eele de Ky\u00fbsh\u00fb.<\/span><br \/><span style=\"font-family: verdana, geneva, sans-serif;\">Il se retira pendant 37 jours dans le Sanctuaire de Kamado, sur le Mont H\u00f4man. Une nuit, un messager divin lui apparut en songe sous la forme d&rsquo;un enfant qui lui dit: \u00abtrouve le plexus solaire avec un b\u00e2ton rond!\u00bb<\/span><br \/><span style=\"font-family: verdana, geneva, sans-serif;\">S&rsquo;inspirant de ce message c\u00e9leste, Gonnosuke confectionna une nouvelle arme: Un simple b\u00e2ton mesurant environ 128 cm (4 Shaku, 2 Sun et 1 Bu) avec un diam\u00e8tre de 26 mm (8 Bu) <\/span><span style=\"font-size: 14px;\"><em><span style=\"font-family: verdana,geneva,sans-serif;\">(Ces mesures sont toujours d\u2019actualit\u00e9 dans Shint\u00f4 Mus\u00f4 Ry\u00fb)<span style=\"font-size: 16px;\">.<\/span><\/span><\/em><\/span><br \/><span style=\"font-family: verdana, geneva, sans-serif;\">Mus\u00f4 Gonnosuke s\u2019appliqua ensuite \u00e0 \u00e9laborer pour son b\u00e2ton des techniques bas\u00e9es sur ses exp\u00e9riences dans les vari\u00e9t\u00e9s d\u2019armes qu&rsquo;il avait \u00e9tudi\u00e9es. Il y introduit des coups d\u2019estoc de la lance (Yari ou S\u00f4jutsu), des mouvements de balayage provenant de la hallebarde (Naginata ou Naginatajutsu), des techniques de frappe du grand b\u00e2ton (B\u00f4 ou B\u00f4jutsu) et des techniques du sabre (Tachi ou Kenjutsu).<\/span><br \/><span style=\"font-family: verdana, geneva, sans-serif;\">De ces diverses techniques, l\u2019art du J\u00f4\u014djutsu \u00e9tait n\u00e9.<\/span><\/p>\r\n<p><span style=\"font-family: verdana, geneva, sans-serif;\"><img loading=\"lazy\" decoding=\"async\" class=\"aligncenter wp-image-4396 size-full\" src=\"https:\/\/joshin.eu\/word\/wp-content\/uploads\/2021\/05\/mon.gif\" alt=\"\" width=\"59\" height=\"47\" \/> <\/span><br \/><span style=\"font-family: verdana, geneva, sans-serif;\">Toujours selon la l\u00e9gende, Gonnosuke retourna vers Musashi et lui infligea sa seule et unique d\u00e9faite. <\/span><br \/><span style=\"font-family: verdana, geneva, sans-serif;\">La popularit\u00e9 grandissante de Mus\u014d Gonnosuke finit par attirer l\u2019attention du Clan Kuroda de Fukuoka qui lui proposa d\u2019instruire les guerriers du Clan dans l\u2019art du J\u00f4jutsu. <\/span><br \/><span style=\"font-family: verdana, geneva, sans-serif;\">Dans les ann\u00e9es qui suivirent, Gonnosuke remit des licences d\u2019enseignement \u00e0 plus de dix guerriers du Clan. Ces derniers, ainsi que leurs successeurs, perp\u00e9tu\u00e8rent la tradition dans les limites du domaine de la famille Kuroda. <\/span><br \/><span style=\"font-family: verdana, geneva, sans-serif;\">Le Clan garda jalousement cet art du J\u00f4jutsu et en fit une des traditions secr\u00e8tes du Clan. Vers la fin de la p\u00e9riode Tokugawa (1603-1868), il semble que deux D\u00f4j\u00f4 existaient dans le domaine des Kuroda. L\u2019un \u00e9tait g\u00e9r\u00e9 par la famille Hirano, sous la direction du 15e Grand-Ma\u00eetre, tandis que l\u2019autre \u00e9tait sous la responsabilit\u00e9 de la famille Hamachi, avec, \u00e0 sa t\u00eate, un homme g\u00e9n\u00e9ralement reconnu comme le 18e Grand-Ma\u00eetre de Shint\u00f4 Mus\u00f4 Ry\u00fb. La permission de propager le J\u00f4jutsu en dehors des limites du Clan fut accord\u00e9e en 1872, peu apr\u00e8s la Restauration de Meiji (1868).<\/span><br \/><span style=\"font-family: verdana, geneva, sans-serif;\"><img loading=\"lazy\" decoding=\"async\" class=\"aligncenter wp-image-4396 size-full\" src=\"https:\/\/joshin.eu\/word\/wp-content\/uploads\/2021\/05\/mon.gif\" alt=\"\" width=\"59\" height=\"47\" \/><\/span><br \/><span style=\"font-family: verdana, geneva, sans-serif;\">Au d\u00e9but du 20e si\u00e8cle, Uchida Ry\u014dgor\u014d enseignait le J\u014djutsu \u00e0 Tokyo. <\/span><br \/><span style=\"font-family: verdana, geneva, sans-serif;\">Parmi ses \u00e9l\u00e8ves figuraient Uchida Ry\u00f4hei, Nakayama Hakud\u00f4 (c\u00e9l\u00e8bre Kend\u00f4ka et Iaid\u00f4ka, et Amiral de la Marine imp\u00e9riale japonaise), et Morita Kanya, acteur de Kabuki.<\/span><br \/><span style=\"font-family: verdana, geneva, sans-serif;\">Shiraishi Hanjir\u00f4 Shigeaki Sense\u00ef<\/span><br \/><span style=\"font-family: verdana, geneva, sans-serif;\">Parall\u00e8lement, dans le D\u014dj\u014d central de Fukuoka, Shiraishi Hanjir\u00f4 Shigeaki, connu comme le 24e Grand-Ma\u00eetre de la Tradition, continuait d\u2019enseigner cet art jusqu\u2019\u00e0 sa mort le 1er mars 1927.<br \/>D\u00e8s lors, le J\u014djutsu fut enseign\u00e9 par ses plus anciens disciples: Takayama Kiroku, Shimizu Takaji et Otofuji Ichiz\u00f4.<br \/><\/span><\/p>\r\n<p><img loading=\"lazy\" decoding=\"async\" class=\"aligncenter  wp-image-1821\" src=\"https:\/\/joshin.eu\/word\/wp-content\/uploads\/2019\/11\/shimizu2.jpg\" alt=\"\" width=\"249\" height=\"388\" srcset=\"https:\/\/joshin.eu\/word\/wp-content\/uploads\/2019\/11\/shimizu2.jpg 214w, https:\/\/joshin.eu\/word\/wp-content\/uploads\/2019\/11\/shimizu2-192x300.jpg 192w\" sizes=\"(max-width: 249px) 100vw, 249px\" \/><em><span style=\"font-family: verdana, geneva, sans-serif; font-size: 14px;\">Shimizu Takaji Sensei <\/span><\/em><br \/><em><span style=\"font-family: verdana, geneva, sans-serif; font-size: 14px;\">( 25\u00e8me ma\u00eetre de la tradition Shint\u00f4 Mus\u00f4 Ry\u00fb )<\/span><\/em><\/p>\r\n<p><span style=\"font-family: verdana, geneva, sans-serif;\"><img loading=\"lazy\" decoding=\"async\" class=\"aligncenter wp-image-4396 size-full\" src=\"https:\/\/joshin.eu\/word\/wp-content\/uploads\/2021\/05\/mon.gif\" alt=\"\" width=\"59\" height=\"47\" \/> <\/span><br \/><span style=\"font-family: verdana, geneva, sans-serif;\">En 1927, Shimizu se rendit \u00e0 Tokyo et commen\u00e7a d\u2019enseigner le J\u014djutsu sous l\u2019\u00e9gide de deux personnages influents: Toyama Mitsuru et Suenaga Setsu.<\/span><br \/><span style=\"font-family: verdana, geneva, sans-serif;\">Il \u00e9tablit sa base au Toyama D\u014dj\u014d et, de l\u00e0, rayonna dans la r\u00e9gion, instruisant des groupes aussi divers que le D\u00e9partement de la Police m\u00e9tropolitaine, le groupe d\u2019\u00e9tude de Kobud\u014d du K\u00f4d\u014dkan J\u00fbd\u014d, sous l\u2019\u00e9gide de Kan\u014d Jigor\u014d, les Scouts marins, et bien d\u2019autres groupes diss\u00e9min\u00e9s dans le pays entier.<\/span><br \/><span style=\"font-family: verdana, geneva, sans-serif;\">Shimizu Takaji fut \u00e9galement instructeur en Mandchourie, apr\u00e8s que cette r\u00e9gion ait \u00e9t\u00e9 plac\u00e9e sous contr\u00f4le japonais au d\u00e9but des ann\u00e9es 1930. <\/span><br \/><span style=\"font-family: verdana, geneva, sans-serif;\">Quelques ann\u00e9es apr\u00e8s la mort de son ma\u00eetre, Shimizu fut nomm\u00e9 Pr\u00e9sident de la Dai Nippon J\u014dd\u014d Kai qui alt\u00e9ra le nom de la Tradition (Ry\u00fbmei) de J\u014djutsu en J\u014dd\u014d en 1940.<\/span><br \/><span style=\"font-family: verdana, geneva, sans-serif;\">Le syst\u00e8me classique, quant \u00e0 lui, continue d\u2019\u00eatre enseign\u00e9 au Rembukan jusqu&rsquo;\u00e0 la mort de Me Shimizu en 1978, puis par ses \u00e9l\u00e8ves depuis cette date. <\/span><\/p>\r\n<p><img loading=\"lazy\" decoding=\"async\" class=\"aligncenter  wp-image-1886\" src=\"https:\/\/joshin.eu\/word\/wp-content\/uploads\/2019\/11\/Shimizu-Kaminoda2.png\" alt=\"\" width=\"375\" height=\"260\" srcset=\"https:\/\/joshin.eu\/word\/wp-content\/uploads\/2019\/11\/Shimizu-Kaminoda2.png 326w, https:\/\/joshin.eu\/word\/wp-content\/uploads\/2019\/11\/Shimizu-Kaminoda2-300x208.png 300w\" sizes=\"(max-width: 375px) 100vw, 375px\" \/><span style=\"font-size: 14px;\"><em><span style=\"font-family: verdana,geneva,sans-serif;\">Shimizu et Kaminoda Sense\u00ef<br \/><\/span><\/em><\/span><img loading=\"lazy\" decoding=\"async\" class=\"aligncenter size-full wp-image-4396\" src=\"https:\/\/joshin.eu\/word\/wp-content\/uploads\/2021\/05\/mon.gif\" alt=\"\" width=\"59\" height=\"47\" \/><br \/><span style=\"font-family: verdana, geneva, sans-serif;\">Me Kaminoda enseigna dans un d\u014dj\u014d tout proche de la maison de Me Shimizu, dans le quartier de Shibuya, ainsi que dans son cadre professionnel, \u00e0 la Police m\u00e9tropolitaine.<\/span><\/p>\r\n<p><img loading=\"lazy\" decoding=\"async\" class=\"aligncenter  wp-image-1828\" src=\"https:\/\/joshin.eu\/word\/wp-content\/uploads\/2019\/11\/KaminodaTsunemori.jpg\" alt=\"\" width=\"224\" height=\"337\" srcset=\"https:\/\/joshin.eu\/word\/wp-content\/uploads\/2019\/11\/KaminodaTsunemori.jpg 253w, https:\/\/joshin.eu\/word\/wp-content\/uploads\/2019\/11\/KaminodaTsunemori-200x300.jpg 200w\" sizes=\"(max-width: 224px) 100vw, 224px\" \/><em><span style=\"font-size: 14px; font-family: verdana, geneva, sans-serif;\">Kaminoda Tsunemori Sensei<br \/><\/span><\/em><br \/><span style=\"font-family: verdana, geneva, sans-serif;\">Me Yoneno et Me Hiroi continu\u00e8rent de donner ensemble des d\u00e9monstrations bien r\u00f4d\u00e9es. <\/span><br \/><span style=\"font-family: verdana, geneva, sans-serif;\">Me Nishioka forma un groupe \u00e0 Hin\u00f4, dans le D\u014dj\u014d de Me Mitsuyama.<\/span><\/p>\r\n<p><img loading=\"lazy\" decoding=\"async\" class=\"aligncenter wp-image-2980 size-full\" src=\"https:\/\/joshin.eu\/word\/wp-content\/uploads\/2020\/08\/nishiokasensei-1.jpg\" alt=\"\" width=\"260\" height=\"380\" srcset=\"https:\/\/joshin.eu\/word\/wp-content\/uploads\/2020\/08\/nishiokasensei-1.jpg 260w, https:\/\/joshin.eu\/word\/wp-content\/uploads\/2020\/08\/nishiokasensei-1-205x300.jpg 205w\" sizes=\"(max-width: 260px) 100vw, 260px\" \/><span style=\"font-size: 14px;\"><em><span style=\"font-family: verdana, geneva, sans-serif;\">Nishioka Tsuneo Sensei<\/span><\/em><\/span><\/p>\r\n<p><span style=\"font-family: verdana, geneva, sans-serif;\">Me Kaminoda est d\u00e9c\u00e9d\u00e9 en 2015. Me Otofuji est d\u00e9c\u00e9d\u00e9 en 1999. Me Nishioka est d\u00e9c\u00e9d\u00e9 en 2014.<\/span><\/p>\r\n<p><img loading=\"lazy\" decoding=\"async\" class=\"aligncenter size-full wp-image-4396\" src=\"https:\/\/joshin.eu\/word\/wp-content\/uploads\/2021\/05\/mon.gif\" alt=\"\" width=\"59\" height=\"47\" \/><\/p>\r\n<p><span style=\"font-family: verdana, geneva, sans-serif;\">En 1990, la FEJ, F\u00e9d\u00e9ration Europ\u00e9enne de J\u014dd\u014d verra le jour officiellement sous l&rsquo;influence de Pascal Krieger.<img loading=\"lazy\" decoding=\"async\" class=\"aligncenter  wp-image-1822\" src=\"https:\/\/joshin.eu\/word\/wp-content\/uploads\/2019\/11\/Pascal-Krieger.jpg\" alt=\"\" width=\"258\" height=\"386\" srcset=\"https:\/\/joshin.eu\/word\/wp-content\/uploads\/2019\/11\/Pascal-Krieger.jpg 567w, https:\/\/joshin.eu\/word\/wp-content\/uploads\/2019\/11\/Pascal-Krieger-201x300.jpg 201w\" sizes=\"(max-width: 258px) 100vw, 258px\" \/><em><span style=\"font-size: 14px;\">Pascal Krieger Sensei<\/span><\/em><br \/><\/span><\/p>\r\n<p><span style=\"font-family: verdana, geneva, sans-serif;\"><img loading=\"lazy\" decoding=\"async\" width=\"440\" height=\"14\" class=\"wp-image-622\" src=\"https:\/\/joshin.eu\/word\/wp-content\/uploads\/2019\/09\/line-dot-440-white-English02.gif\" alt=\"\" \/><\/span><\/p>\r\n<p><em><span style=\"font-family: verdana, geneva, sans-serif;\"><span style=\"font-size: 24px;\">L&rsquo;\u00e9thique Shint\u014d Mus\u014d Ry\u00fb<\/span> <\/span><\/em><br \/><span style=\"font-family: verdana, geneva, sans-serif; color: #800000;\"><a style=\"color: #800000;\" href=\"https:\/\/joshin.eu\/word\/index.php\/principes-vus-par-pascal-krieger\/\">\u00ab\u00a0Gojo\u00a0\u00bb<\/a><br \/><\/span><span style=\"font-size: 14px;\"><em><span style=\"font-family: verdana, geneva, sans-serif;\">(Les cinq vertus)<\/span><\/em><\/span><br \/><span style=\"font-family: verdana, geneva, sans-serif;\"><span style=\"color: #800000;\"><em><span style=\"color: #000000;\">Nin, <\/span><\/em><\/span><span style=\"color: #800000;\"><span style=\"color: #000000;\"> ou <em>Jin : <\/em>la bienveillance<\/span><\/span><br \/><span style=\"color: #000000;\"><em>Gi : <\/em> la justice, l\u2019\u00e9quit\u00e9<\/span><br \/><span style=\"color: #000000;\"><em>Rei :\u00a0 <\/em> le respect<em>, <\/em> l\u2019\u00e9tiquette <\/span><br \/><span style=\"color: #000000;\"><em>Chi : <\/em> la connaissance<\/span><br \/><span style=\"color: #000000;\"><em>Shin : <\/em>la confiance<\/span><a href=\"https:\/\/joshin.eu\/word\/index.php\/principes\/\" target=\"_blank\" rel=\"noopener\"><img loading=\"lazy\" decoding=\"async\" class=\"aligncenter wp-image-3496\" title=\"Vers &quot;Principes&quot;\" src=\"https:\/\/joshin.eu\/word\/wp-content\/uploads\/2020\/11\/Gojo.jpg\" alt=\"Vers &quot;Principes&quot;\" width=\"185\" height=\"375\" \/><\/a><em>Calligraphie de Pascal Krieger<\/em><\/span><\/p>\r\n<p><img loading=\"lazy\" decoding=\"async\" width=\"440\" height=\"14\" class=\"wp-image-622\" src=\"https:\/\/joshin.eu\/word\/wp-content\/uploads\/2019\/09\/line-dot-440-white-English02.gif\" alt=\"\" \/><\/p>\r\n<p><span style=\"font-family: verdana, geneva, sans-serif; color: #000000; font-size: 24px;\"><em>Les \u00e9coles<\/em><\/span><span style=\"font-family: verdana, geneva, sans-serif;\"><br \/><span style=\"text-decoration: underline;\">Shint\u014d Mus\u014d Ry\u00fb<\/span> est l&rsquo;\u00e9cole traditionnelle ou \u00ab\u00a0Koryu\u00a0\u00bb fond\u00e9e par Muso Gonnosuk\u00e9 Katsuyoshi.<\/span><br \/><span style=\"font-family: verdana, geneva, sans-serif;\">Cette tradition martiale est enseign\u00e9e \u00e0 travers des s\u00e9ries de kata.<\/span><br \/><span style=\"font-family: verdana, geneva, sans-serif;\">Chaque s\u00e9rie apporte sa touche particuli\u00e8re \u00e0 l&rsquo;enseignement en abordant des notions diff\u00e9rentes comme par exemple, la structure des mouvements, la fluidit\u00e9 des enchainements, la combativit\u00e9, le contr\u00f4le, la rapidit\u00e9 d&rsquo;ex\u00e9cution, la maitrise des situations, et la pr\u00e9sence dans l&rsquo;instant.<br \/>Un apprentissage \u00e0 la fois dynamique et structur\u00e9.<\/span><br \/><span style=\"font-family: verdana, geneva, sans-serif;\"><img loading=\"lazy\" decoding=\"async\" class=\"aligncenter size-full wp-image-4409\" src=\"https:\/\/joshin.eu\/word\/wp-content\/uploads\/2021\/05\/mon-1.gif\" alt=\"\" width=\"50\" height=\"40\" \/><\/span><br \/><span style=\"font-family: verdana, geneva, sans-serif;\"><span style=\"text-decoration: underline;\">Sete J\u014d<\/span> est u<\/span><span style=\"font-family: verdana, geneva, sans-serif;\">ne version codifi\u00e9e par le ZNKR, plus moderne et raccourcie regroupant seulement douze kata de l&rsquo;\u00e9cole traditionnelle pour une pratique orient\u00e9e vers la comp\u00e9tition.<\/span><br \/><span style=\"font-family: verdana, geneva, sans-serif;\">Pour certains, Sete J\u00f4 serait \u00ab\u00a0les premiers pas\u00a0\u00bb vers l\u2019\u00e9tude de Shint\u014d Mus\u014d Ry\u00fb J\u00f4jutsu\u2026<\/span><\/p>\r\n<\/td>\r\n<td style=\"text-align: center; width: 1.91939%; height: 21px;\">\u00a0<\/td>\r\n<td style=\"height: 21px; width: 0.172414%;\">\u00a0<\/td>\r\n<\/tr>\r\n<tr style=\"height: 21px;\">\r\n<td style=\"height: 21px; width: 0.172414%;\">\u00a0<\/td>\r\n<td style=\"width: 7.58617%; height: 21px;\"><span style=\"font-family: verdana, geneva, sans-serif;\">\u00a0<\/span><\/td>\r\n<td style=\"height: 21px; width: 84.1379%;\"><span style=\"font-family: verdana, geneva, sans-serif;\"><img loading=\"lazy\" decoding=\"async\" width=\"85\" height=\"21\" class=\"wp-image-339 aligncenter\" src=\"https:\/\/joshin.eu\/word\/wp-content\/uploads\/2019\/08\/introf-1.gif\" alt=\"\" \/><\/span><\/td>\r\n<td style=\"width: 1.91939%; height: 21px;\"><span style=\"font-family: verdana, geneva, sans-serif;\">\u00a0<\/span><\/td>\r\n<td style=\"height: 21px; width: 0.172414%;\">\u00a0<\/td>\r\n<\/tr>\r\n<tr style=\"height: 21px;\">\r\n<td style=\"height: 21px; text-align: center; width: 0.172414%;\">\u00a0<\/td>\r\n<td style=\"text-align: center; width: 93.6435%; height: 21px;\" colspan=\"3\">\u00a0<\/td>\r\n<td style=\"height: 21px; text-align: center; width: 0.172414%;\">\u00a0<\/td>\r\n<\/tr>\r\n<\/tbody>\r\n<\/table>\r\n<\/figure>\r\n\r\n\r\n<div class=\"wp-block-image is-style-rounded\">\r\n<figure class=\"aligncenter size-full\"><img loading=\"lazy\" decoding=\"async\" width=\"1010\" height=\"40\" class=\"wp-image-4766\" src=\"https:\/\/joshin.eu\/word\/wp-content\/uploads\/2023\/06\/smr.jpg\" alt=\"\" srcset=\"https:\/\/joshin.eu\/word\/wp-content\/uploads\/2023\/06\/smr.jpg 1010w, https:\/\/joshin.eu\/word\/wp-content\/uploads\/2023\/06\/smr-300x12.jpg 300w, https:\/\/joshin.eu\/word\/wp-content\/uploads\/2023\/06\/smr-768x30.jpg 768w\" sizes=\"(max-width: 1010px) 100vw, 1010px\" \/><\/figure>\r\n<\/div>","protected":false},"excerpt":{"rendered":"<p>\u00a0 \u00a0 \u00a0 \u00a0 \u00a0 \u00a0 Le \u00ab\u00a0J\u00f4jutsu\u00a0\u00bb est issu des d\u00e9fis que se lan\u00e7aient les Samoura\u00efs&#8230;Le J\u00f4jutsu est n\u00e9 \u00e0 la suite d&rsquo;une d\u00e9faite!\u00ab\u00a0Shint\u014d Mus\u014d Ry\u00fb J\u014d\u00a0\u00bbpar P. Krieger La l\u00e9gende&#8230;C\u2019est en 1605 que Shint\u00f4 Mus\u00f4 Ry\u00fb vit le jour. Le fondateur Muso Gonnosuke avait suivi l\u2019enseignement de Tenshin Sh\u014dden Katori Shint\u014d Ry\u00fb, fond\u00e9 [&hellip;]<\/p>\n","protected":false},"author":1,"featured_media":3753,"parent":0,"menu_order":0,"comment_status":"closed","ping_status":"closed","template":"","meta":{"_crdt_document":"","footnotes":""},"class_list":["post-1089","page","type-page","status-publish","has-post-thumbnail","hentry"],"_links":{"self":[{"href":"https:\/\/joshin.eu\/word\/index.php\/wp-json\/wp\/v2\/pages\/1089","targetHints":{"allow":["GET"]}}],"collection":[{"href":"https:\/\/joshin.eu\/word\/index.php\/wp-json\/wp\/v2\/pages"}],"about":[{"href":"https:\/\/joshin.eu\/word\/index.php\/wp-json\/wp\/v2\/types\/page"}],"author":[{"embeddable":true,"href":"https:\/\/joshin.eu\/word\/index.php\/wp-json\/wp\/v2\/users\/1"}],"replies":[{"embeddable":true,"href":"https:\/\/joshin.eu\/word\/index.php\/wp-json\/wp\/v2\/comments?post=1089"}],"version-history":[{"count":57,"href":"https:\/\/joshin.eu\/word\/index.php\/wp-json\/wp\/v2\/pages\/1089\/revisions"}],"predecessor-version":[{"id":5551,"href":"https:\/\/joshin.eu\/word\/index.php\/wp-json\/wp\/v2\/pages\/1089\/revisions\/5551"}],"wp:featuredmedia":[{"embeddable":true,"href":"https:\/\/joshin.eu\/word\/index.php\/wp-json\/wp\/v2\/media\/3753"}],"wp:attachment":[{"href":"https:\/\/joshin.eu\/word\/index.php\/wp-json\/wp\/v2\/media?parent=1089"}],"curies":[{"name":"wp","href":"https:\/\/api.w.org\/{rel}","templated":true}]}}